{"id":21997,"date":"2025-09-17T19:41:04","date_gmt":"2025-09-17T18:41:04","guid":{"rendered":"https:\/\/tremunpiercing.com\/?post_type=product&#038;p=21997"},"modified":"2026-03-29T18:28:43","modified_gmt":"2026-03-29T17:28:43","slug":"lena-sw-frosty-mint","status":"publish","type":"product","link":"https:\/\/tremunpiercing.com\/hr\/product\/lena-sw-frosty-mint\/","title":{"rendered":"Lena \u2013 SW Frosty Mint"},"content":{"rendered":"<p>Lena \u2013 SW Frosty Mint predstavlja suvremeni, osvje\u017eavaju\u0107i pristup tradicionalnim piercingima. Nau\u0161nica s unutarnjim navojem debljine 3 mm (izra\u0111ena od titana implantatne kvalitete F-136) sadr\u017ei Swarovski Frosty Mint kristal, koji blista suptilnim pastelnim sjajem. Ima hipoalergenu i korozijski otpornu povr\u0161inu koja je izvrsna za sve vrste piercinga za u\u0161i (tragus, labret, helix) za svakodnevno no\u0161enje. Izra\u0111ena posebno za profesionalce, zra\u010di jednostavno\u0161\u0107u i elegancijom, a istovremeno je izdr\u017eljiva za svakodnevno piercing. Frosty Mint bit \u0107e lagani da\u0161ak svje\u017eine i za studije i za klijente.<\/p>","protected":false},"excerpt":{"rendered":"<ul>\n<li>Unutarnji navoj<\/li>\n<li>Materijal: Titanij F-136 za implantate<\/li>\n<li>Veli\u010dina: 3 mm<\/li>\n<li>Dragulj: Swarovski kristal<\/li>\n<li>Mjera\u010d: 16G<\/li>\n<\/ul>","protected":false},"featured_media":21999,"comment_status":"closed","ping_status":"closed","template":"","meta":{"_acf_changed":false},"product_brand":[],"product_cat":[442,340,343],"product_tag":[187,188,189,210,211,199,190,183,184],"class_list":{"0":"post-21997","1":"product","2":"type-product","3":"status-publish","4":"has-post-thumbnail","6":"product_cat-sw","7":"product_cat-titanium-jewelry","8":"product_cat-tops-titanium-jewelry","9":"product_tag-conch","10":"product_tag-ear","11":"product_tag-helix","12":"product_tag-labret","13":"product_tag-lip","14":"product_tag-nostril","15":"product_tag-oreja","16":"product_tag-perforacion","17":"product_tag-piercing","19":"first","20":"instock","21":"taxable","22":"shipping-taxable","23":"purchasable","24":"product-type-simple"},"acf":[],"gallery_images":[27497,27496],"_links":{"self":[{"href":"https:\/\/tremunpiercing.com\/hr\/wp-json\/wp\/v2\/product\/21997","targetHints":{"allow":["GET"]}}],"collection":[{"href":"https:\/\/tremunpiercing.com\/hr\/wp-json\/wp\/v2\/product"}],"about":[{"href":"https:\/\/tremunpiercing.com\/hr\/wp-json\/wp\/v2\/types\/product"}],"replies":[{"embeddable":true,"href":"https:\/\/tremunpiercing.com\/hr\/wp-json\/wp\/v2\/comments?post=21997"}],"version-history":[{"count":1,"href":"https:\/\/tremunpiercing.com\/hr\/wp-json\/wp\/v2\/product\/21997\/revisions"}],"predecessor-version":[{"id":27500,"href":"https:\/\/tremunpiercing.com\/hr\/wp-json\/wp\/v2\/product\/21997\/revisions\/27500"}],"wp:featuredmedia":[{"embeddable":true,"href":"https:\/\/tremunpiercing.com\/hr\/wp-json\/wp\/v2\/media\/21999"}],"wp:attachment":[{"href":"https:\/\/tremunpiercing.com\/hr\/wp-json\/wp\/v2\/media?parent=21997"}],"wp:term":[{"taxonomy":"product_brand","embeddable":true,"href":"https:\/\/tremunpiercing.com\/hr\/wp-json\/wp\/v2\/product_brand?post=21997"},{"taxonomy":"product_cat","embeddable":true,"href":"https:\/\/tremunpiercing.com\/hr\/wp-json\/wp\/v2\/product_cat?post=21997"},{"taxonomy":"product_tag","embeddable":true,"href":"https:\/\/tremunpiercing.com\/hr\/wp-json\/wp\/v2\/product_tag?post=21997"}],"curies":[{"name":"radni list","href":"https:\/\/api.w.org\/{rel}","templated":true}]}}