{"id":22001,"date":"2025-09-17T19:44:16","date_gmt":"2025-09-17T18:44:16","guid":{"rendered":"https:\/\/tremunpiercing.com\/?post_type=product&#038;p=22001"},"modified":"2026-03-22T15:52:24","modified_gmt":"2026-03-22T14:52:24","slug":"lena-sw-artic-blue","status":"publish","type":"product","link":"https:\/\/tremunpiercing.com\/hr\/product\/lena-sw-artic-blue\/","title":{"rendered":"Lena \u2013 jugozapadno arkti\u010dko plava"},"content":{"rendered":"<p>Lena Arctic Blue obuhva\u0107a hladni sjaj ledenih tonova u profinjenom dizajnu. Izra\u0111en od titana implantatne kvalitete F-136, ovaj 3 mm, 16G unutarnji navojni prsten ima Swarovski Arctic Blue kristal koji sjaji o\u0161trom jasno\u0107om. Dizajniran za piercing tragusa, labreta, heliksa ili nosnice, pru\u017ea \u010dist, moderan izgled uz potpunu sigurnost za ko\u017eu.<\/p>\n<p>Njegov unutarnji navoj jam\u010di sigurno i udobno prianjanje, \u0161to ga \u010dini izvrsnim izborom za profesionalne piercere i trgovce koji tra\u017ee nakit koji spaja preciznost i sofisticiranost. Arkti\u010dki plava nijansa donosi osvje\u017eavaju\u0107i, blistav \u0161arm svakoj kolekciji.<\/p>","protected":false},"excerpt":{"rendered":"<ul>\n<li>Unutarnji navoj<\/li>\n<li>Materijal: Titanij F-136 za implantate<\/li>\n<li>Veli\u010dina: 3 mm<\/li>\n<li>Dragulj: Swarovski kristal<\/li>\n<li>Mjera\u010d: 16G<\/li>\n<\/ul>","protected":false},"featured_media":22377,"comment_status":"closed","ping_status":"closed","template":"","meta":{"_acf_changed":false},"product_brand":[],"product_cat":[442,340,343],"product_tag":[187,188,189,210,211,199,190,183,184],"class_list":{"0":"post-22001","1":"product","2":"type-product","3":"status-publish","4":"has-post-thumbnail","6":"product_cat-sw","7":"product_cat-titanium-jewelry","8":"product_cat-tops-titanium-jewelry","9":"product_tag-conch","10":"product_tag-ear","11":"product_tag-helix","12":"product_tag-labret","13":"product_tag-lip","14":"product_tag-nostril","15":"product_tag-oreja","16":"product_tag-perforacion","17":"product_tag-piercing","19":"first","20":"instock","21":"taxable","22":"shipping-taxable","23":"purchasable","24":"product-type-simple"},"acf":[],"gallery_images":[27491,27510],"_links":{"self":[{"href":"https:\/\/tremunpiercing.com\/hr\/wp-json\/wp\/v2\/product\/22001","targetHints":{"allow":["GET"]}}],"collection":[{"href":"https:\/\/tremunpiercing.com\/hr\/wp-json\/wp\/v2\/product"}],"about":[{"href":"https:\/\/tremunpiercing.com\/hr\/wp-json\/wp\/v2\/types\/product"}],"replies":[{"embeddable":true,"href":"https:\/\/tremunpiercing.com\/hr\/wp-json\/wp\/v2\/comments?post=22001"}],"version-history":[{"count":1,"href":"https:\/\/tremunpiercing.com\/hr\/wp-json\/wp\/v2\/product\/22001\/revisions"}],"predecessor-version":[{"id":27492,"href":"https:\/\/tremunpiercing.com\/hr\/wp-json\/wp\/v2\/product\/22001\/revisions\/27492"}],"wp:featuredmedia":[{"embeddable":true,"href":"https:\/\/tremunpiercing.com\/hr\/wp-json\/wp\/v2\/media\/22377"}],"wp:attachment":[{"href":"https:\/\/tremunpiercing.com\/hr\/wp-json\/wp\/v2\/media?parent=22001"}],"wp:term":[{"taxonomy":"product_brand","embeddable":true,"href":"https:\/\/tremunpiercing.com\/hr\/wp-json\/wp\/v2\/product_brand?post=22001"},{"taxonomy":"product_cat","embeddable":true,"href":"https:\/\/tremunpiercing.com\/hr\/wp-json\/wp\/v2\/product_cat?post=22001"},{"taxonomy":"product_tag","embeddable":true,"href":"https:\/\/tremunpiercing.com\/hr\/wp-json\/wp\/v2\/product_tag?post=22001"}],"curies":[{"name":"radni list","href":"https:\/\/api.w.org\/{rel}","templated":true}]}}