{"id":22007,"date":"2025-09-17T19:53:10","date_gmt":"2025-09-17T18:53:10","guid":{"rendered":"https:\/\/tremunpiercing.com\/?post_type=product&#038;p=22007"},"modified":"2026-03-20T16:09:12","modified_gmt":"2026-03-20T15:09:12","slug":"lena-rainbow-moonstone","status":"publish","type":"product","link":"https:\/\/tremunpiercing.com\/hr\/product\/lena-rainbow-moonstone\/","title":{"rendered":"Lena \u2013 Dugin mjese\u010dev kamen"},"content":{"rendered":"<p>Lena \u2013 Mjese\u010dev kamen u duginim bojama unosi da\u0161ak eteri\u010dne ljepote u va\u0161u kolekciju piercinga. Izra\u0111en od titana implantatne kvalitete F-136, ovaj dragulj od 16G, 3 mm s unutarnjim navojem ima blistavi Mjese\u010dev kamen u duginim bojama koji svjetluca u nje\u017enim plavim i bijelim nijansama. Savr\u0161en za piercing u labretu, tragusu, heliksu ili re\u017enju, pru\u017ea minimalisti\u010dki, ali sofisticiran izgled.<\/p>\n<p>Sigurno uvla\u010denje navoja osigurava glatki proces ugradnje, minimiziraju\u0107i iritaciju i maksimiziraju\u0107i udobnost. Stru\u010dnjaci za piercing cijene njegova hipoalergena svojstva i bezvremensku privla\u010dnost, \u0161to ga \u010dini idealnim izborom za klijente koji cijene decentan luksuz.<\/p>","protected":false},"excerpt":{"rendered":"<ul>\n<li>Unutarnji navoj<\/li>\n<li>Materijal: Titanij F-136 za implantate<\/li>\n<li>Veli\u010dina: 3 mm<\/li>\n<li>Dragulj: Mjese\u010dev kamen duge<\/li>\n<li>Mjera\u010d: 16G<\/li>\n<\/ul>","protected":false},"featured_media":22376,"comment_status":"closed","ping_status":"closed","template":"","meta":{"_acf_changed":false},"product_brand":[],"product_cat":[340,343],"product_tag":[187,188,189,210,211,199,190,183,184],"class_list":{"0":"post-22007","1":"product","2":"type-product","3":"status-publish","4":"has-post-thumbnail","6":"product_cat-titanium-jewelry","7":"product_cat-tops-titanium-jewelry","8":"product_tag-conch","9":"product_tag-ear","10":"product_tag-helix","11":"product_tag-labret","12":"product_tag-lip","13":"product_tag-nostril","14":"product_tag-oreja","15":"product_tag-perforacion","16":"product_tag-piercing","18":"first","19":"instock","20":"taxable","21":"shipping-taxable","22":"purchasable","23":"product-type-simple"},"acf":[],"gallery_images":[27494,27493],"_links":{"self":[{"href":"https:\/\/tremunpiercing.com\/hr\/wp-json\/wp\/v2\/product\/22007","targetHints":{"allow":["GET"]}}],"collection":[{"href":"https:\/\/tremunpiercing.com\/hr\/wp-json\/wp\/v2\/product"}],"about":[{"href":"https:\/\/tremunpiercing.com\/hr\/wp-json\/wp\/v2\/types\/product"}],"replies":[{"embeddable":true,"href":"https:\/\/tremunpiercing.com\/hr\/wp-json\/wp\/v2\/comments?post=22007"}],"version-history":[{"count":1,"href":"https:\/\/tremunpiercing.com\/hr\/wp-json\/wp\/v2\/product\/22007\/revisions"}],"predecessor-version":[{"id":27495,"href":"https:\/\/tremunpiercing.com\/hr\/wp-json\/wp\/v2\/product\/22007\/revisions\/27495"}],"wp:featuredmedia":[{"embeddable":true,"href":"https:\/\/tremunpiercing.com\/hr\/wp-json\/wp\/v2\/media\/22376"}],"wp:attachment":[{"href":"https:\/\/tremunpiercing.com\/hr\/wp-json\/wp\/v2\/media?parent=22007"}],"wp:term":[{"taxonomy":"product_brand","embeddable":true,"href":"https:\/\/tremunpiercing.com\/hr\/wp-json\/wp\/v2\/product_brand?post=22007"},{"taxonomy":"product_cat","embeddable":true,"href":"https:\/\/tremunpiercing.com\/hr\/wp-json\/wp\/v2\/product_cat?post=22007"},{"taxonomy":"product_tag","embeddable":true,"href":"https:\/\/tremunpiercing.com\/hr\/wp-json\/wp\/v2\/product_tag?post=22007"}],"curies":[{"name":"radni list","href":"https:\/\/api.w.org\/{rel}","templated":true}]}}