{"id":22010,"date":"2025-09-17T19:57:20","date_gmt":"2025-09-17T18:57:20","guid":{"rendered":"https:\/\/tremunpiercing.com\/?post_type=product&#038;p=22010"},"modified":"2026-04-19T22:08:35","modified_gmt":"2026-04-19T21:08:35","slug":"pam-crown-light-peony","status":"publish","type":"product","link":"https:\/\/tremunpiercing.com\/hr\/product\/pam-crown-light-peony\/","title":{"rendered":"Pam Crown \u2013 Svijetli bo\u017eur"},"content":{"rendered":"<p>Pam Crown\u2014Light Peony zra\u010di nje\u017enom profinjeno\u0161\u0107u sa svojim svijetlim opalom u boji bo\u017eura postavljenim u prekrasnom stilu krune. Izra\u0111en od titana implantatne kvalitete F-136, ovaj komad s unutarnjim navojem (16G, 10 mm x 6 mm) osigurava maksimalnu sigurnost i izdr\u017eljivost za dugotrajnu upotrebu. S sigurnim navojem i glatkom povr\u0161inom, ovo je idealan izbor za piercing \u0161koljke, tragusa, re\u017enja ili spirale.<\/p>\n<p>Ru\u017ei\u010dasti odsjaj je suptilan, ali o\u010daravaju\u0107i na svim tonovima ko\u017ee. Dizajniran za udobnost i eleganciju, ovaj komad je od titana i hipoalergen, \u0161to ga \u010dini savr\u0161enim za studije koji tra\u017ee vrhunski biokompatibilni nakit koji \u0107e njihovi klijenti voljeti nositi svakodnevno.<\/p>","protected":false},"excerpt":{"rendered":"<ul>\n<li>Unutarnji navoj<\/li>\n<li>Materijal: Titanij F-136 za implantate<\/li>\n<li>Mjera\u010d: 16G<\/li>\n<li>Dragulj: Svijetli bo\u017eur opal<\/li>\n<li>Duljina: 10 mm x 6 mm<\/li>\n<\/ul>","protected":false},"featured_media":22011,"comment_status":"closed","ping_status":"closed","template":"","meta":{"_acf_changed":false},"product_brand":[],"product_cat":[340,343],"product_tag":[187,188,209,189,205,206,190,183,184,207],"class_list":{"0":"post-22010","1":"product","2":"type-product","3":"status-publish","4":"has-post-thumbnail","6":"product_cat-titanium-jewelry","7":"product_cat-tops-titanium-jewelry","8":"product_tag-conch","9":"product_tag-ear","10":"product_tag-faux-rook","11":"product_tag-helix","12":"product_tag-lobe","13":"product_tag-lobulo","14":"product_tag-oreja","15":"product_tag-perforacion","16":"product_tag-piercing","17":"product_tag-tragus","19":"first","20":"instock","21":"taxable","22":"shipping-taxable","23":"purchasable","24":"product-type-simple"},"acf":[],"gallery_images":[27488,27487],"_links":{"self":[{"href":"https:\/\/tremunpiercing.com\/hr\/wp-json\/wp\/v2\/product\/22010","targetHints":{"allow":["GET"]}}],"collection":[{"href":"https:\/\/tremunpiercing.com\/hr\/wp-json\/wp\/v2\/product"}],"about":[{"href":"https:\/\/tremunpiercing.com\/hr\/wp-json\/wp\/v2\/types\/product"}],"replies":[{"embeddable":true,"href":"https:\/\/tremunpiercing.com\/hr\/wp-json\/wp\/v2\/comments?post=22010"}],"version-history":[{"count":1,"href":"https:\/\/tremunpiercing.com\/hr\/wp-json\/wp\/v2\/product\/22010\/revisions"}],"predecessor-version":[{"id":27489,"href":"https:\/\/tremunpiercing.com\/hr\/wp-json\/wp\/v2\/product\/22010\/revisions\/27489"}],"wp:featuredmedia":[{"embeddable":true,"href":"https:\/\/tremunpiercing.com\/hr\/wp-json\/wp\/v2\/media\/22011"}],"wp:attachment":[{"href":"https:\/\/tremunpiercing.com\/hr\/wp-json\/wp\/v2\/media?parent=22010"}],"wp:term":[{"taxonomy":"product_brand","embeddable":true,"href":"https:\/\/tremunpiercing.com\/hr\/wp-json\/wp\/v2\/product_brand?post=22010"},{"taxonomy":"product_cat","embeddable":true,"href":"https:\/\/tremunpiercing.com\/hr\/wp-json\/wp\/v2\/product_cat?post=22010"},{"taxonomy":"product_tag","embeddable":true,"href":"https:\/\/tremunpiercing.com\/hr\/wp-json\/wp\/v2\/product_tag?post=22010"}],"curies":[{"name":"radni list","href":"https:\/\/api.w.org\/{rel}","templated":true}]}}