{"id":22159,"date":"2025-09-22T23:07:42","date_gmt":"2025-09-22T22:07:42","guid":{"rendered":"https:\/\/tremunpiercing.com\/?post_type=product&#038;p=22159"},"modified":"2026-04-19T23:03:56","modified_gmt":"2026-04-19T22:03:56","slug":"emily-red-garnet","status":"publish","type":"product","link":"https:\/\/tremunpiercing.com\/hr\/product\/emily-red-garnet\/","title":{"rendered":"Emily \u2013 Crveni granat"},"content":{"rendered":"<p>Emily \u2013 crveni granat je istovremeno vatren i profinjen. Kombinacija prirodnog granata i granatnog CZ-a stvara bogat, duboki crveni sjaj, zadovoljavaju\u0107i spoj s ovim jedinstvenim dizajnom. Izra\u0111en od implantatnog titana F-136, dizajn s unutarnjim navojem 16G nudi maksimalnu udobnost i izdr\u017eljivost.<\/p>\n<p>Ovaj komad je posebno dizajniran za ravne, spiralne ili \u0161koljke piercinge te nudi i snagu i ljepotu. Jedinstveni, odva\u017eni crveni tonovi granata predstavljaju energiju i strast te ostavljaju dojam na svakom piercingu.<\/p>\n<p>Emily \u2013 Crveni granat dobar je izbor za studije i preprodava\u010de koji tra\u017ee nakit od dragog kamenja s toplinom i luksuzom koji mogu ponuditi svojim kupcima.<\/p>","protected":false},"excerpt":{"rendered":"<ul>\n<li>Unutarnji navoj<\/li>\n<li>Materijal: Titanij F-136 za implantate<\/li>\n<li>Mjera\u010d: 16G<\/li>\n<li>Dragulj: Prirodni granat + CZ granat<\/li>\n<\/ul>","protected":false},"featured_media":22160,"comment_status":"closed","ping_status":"closed","template":"","meta":{"_acf_changed":false},"product_brand":[],"product_cat":[340,343],"product_tag":[187,188,189,205,206,190,183,184,207],"class_list":{"0":"post-22159","1":"product","2":"type-product","3":"status-publish","4":"has-post-thumbnail","6":"product_cat-titanium-jewelry","7":"product_cat-tops-titanium-jewelry","8":"product_tag-conch","9":"product_tag-ear","10":"product_tag-helix","11":"product_tag-lobe","12":"product_tag-lobulo","13":"product_tag-oreja","14":"product_tag-perforacion","15":"product_tag-piercing","16":"product_tag-tragus","18":"first","19":"instock","20":"taxable","21":"shipping-taxable","22":"purchasable","23":"product-type-simple"},"acf":[],"gallery_images":[27427,27428],"_links":{"self":[{"href":"https:\/\/tremunpiercing.com\/hr\/wp-json\/wp\/v2\/product\/22159","targetHints":{"allow":["GET"]}}],"collection":[{"href":"https:\/\/tremunpiercing.com\/hr\/wp-json\/wp\/v2\/product"}],"about":[{"href":"https:\/\/tremunpiercing.com\/hr\/wp-json\/wp\/v2\/types\/product"}],"replies":[{"embeddable":true,"href":"https:\/\/tremunpiercing.com\/hr\/wp-json\/wp\/v2\/comments?post=22159"}],"version-history":[{"count":1,"href":"https:\/\/tremunpiercing.com\/hr\/wp-json\/wp\/v2\/product\/22159\/revisions"}],"predecessor-version":[{"id":27429,"href":"https:\/\/tremunpiercing.com\/hr\/wp-json\/wp\/v2\/product\/22159\/revisions\/27429"}],"wp:featuredmedia":[{"embeddable":true,"href":"https:\/\/tremunpiercing.com\/hr\/wp-json\/wp\/v2\/media\/22160"}],"wp:attachment":[{"href":"https:\/\/tremunpiercing.com\/hr\/wp-json\/wp\/v2\/media?parent=22159"}],"wp:term":[{"taxonomy":"product_brand","embeddable":true,"href":"https:\/\/tremunpiercing.com\/hr\/wp-json\/wp\/v2\/product_brand?post=22159"},{"taxonomy":"product_cat","embeddable":true,"href":"https:\/\/tremunpiercing.com\/hr\/wp-json\/wp\/v2\/product_cat?post=22159"},{"taxonomy":"product_tag","embeddable":true,"href":"https:\/\/tremunpiercing.com\/hr\/wp-json\/wp\/v2\/product_tag?post=22159"}],"curies":[{"name":"radni list","href":"https:\/\/api.w.org\/{rel}","templated":true}]}}