{"id":22162,"date":"2025-09-22T23:10:50","date_gmt":"2025-09-22T22:10:50","guid":{"rendered":"https:\/\/tremunpiercing.com\/?post_type=product&#038;p=22162"},"modified":"2026-04-18T22:16:28","modified_gmt":"2026-04-18T21:16:28","slug":"emily-moss-agate","status":"publish","type":"product","link":"https:\/\/tremunpiercing.com\/hr\/product\/emily-moss-agate\/","title":{"rendered":"Emily \u2013 Moss Agate"},"content":{"rendered":"<p>Emily Moss Agate je bez napora hladan i miran - to je prirodni kamen od mahovine agata ugra\u0111en u titan F-136 implantat. Zelene i bijele \u017eile \u010dine svaki komad organski jedinstvenim. Ovaj nakit s unutarnjim navojem od 16G udoban je i siguran za dulje no\u0161enje te je sigurna opcija za ravne, spiralne ili tragus piercinge. Ima suptilne zemljane tonove koji se sla\u017eu s minimalisti\u010dkom ili zemljanom kolekcijom. Za profesionalce u piercingu ili veletrgovce nakitom, Emily\u2014Moss Agate nudi svje\u017eu novu prirodnu vibru svakoj odabranoj kolekciji uha ili dragog kamenja.<\/p>","protected":false},"excerpt":{"rendered":"<ul>\n<li>Unutarnji navoj<\/li>\n<li>Materijal: Titanij F-136 za implantate<\/li>\n<li>Mjera\u010d: 16G<\/li>\n<li>Dragulj: Mahovinski ahat<\/li>\n<\/ul>","protected":false},"featured_media":22163,"comment_status":"closed","ping_status":"closed","template":"","meta":{"_acf_changed":false},"product_brand":[],"product_cat":[340,343],"product_tag":[187,188,189,205,206,190,183,184,207],"class_list":{"0":"post-22162","1":"product","2":"type-product","3":"status-publish","4":"has-post-thumbnail","6":"product_cat-titanium-jewelry","7":"product_cat-tops-titanium-jewelry","8":"product_tag-conch","9":"product_tag-ear","10":"product_tag-helix","11":"product_tag-lobe","12":"product_tag-lobulo","13":"product_tag-oreja","14":"product_tag-perforacion","15":"product_tag-piercing","16":"product_tag-tragus","18":"first","19":"instock","20":"taxable","21":"shipping-taxable","22":"purchasable","23":"product-type-simple"},"acf":[],"gallery_images":[27426,27430],"_links":{"self":[{"href":"https:\/\/tremunpiercing.com\/hr\/wp-json\/wp\/v2\/product\/22162","targetHints":{"allow":["GET"]}}],"collection":[{"href":"https:\/\/tremunpiercing.com\/hr\/wp-json\/wp\/v2\/product"}],"about":[{"href":"https:\/\/tremunpiercing.com\/hr\/wp-json\/wp\/v2\/types\/product"}],"replies":[{"embeddable":true,"href":"https:\/\/tremunpiercing.com\/hr\/wp-json\/wp\/v2\/comments?post=22162"}],"version-history":[{"count":1,"href":"https:\/\/tremunpiercing.com\/hr\/wp-json\/wp\/v2\/product\/22162\/revisions"}],"predecessor-version":[{"id":27424,"href":"https:\/\/tremunpiercing.com\/hr\/wp-json\/wp\/v2\/product\/22162\/revisions\/27424"}],"wp:featuredmedia":[{"embeddable":true,"href":"https:\/\/tremunpiercing.com\/hr\/wp-json\/wp\/v2\/media\/22163"}],"wp:attachment":[{"href":"https:\/\/tremunpiercing.com\/hr\/wp-json\/wp\/v2\/media?parent=22162"}],"wp:term":[{"taxonomy":"product_brand","embeddable":true,"href":"https:\/\/tremunpiercing.com\/hr\/wp-json\/wp\/v2\/product_brand?post=22162"},{"taxonomy":"product_cat","embeddable":true,"href":"https:\/\/tremunpiercing.com\/hr\/wp-json\/wp\/v2\/product_cat?post=22162"},{"taxonomy":"product_tag","embeddable":true,"href":"https:\/\/tremunpiercing.com\/hr\/wp-json\/wp\/v2\/product_tag?post=22162"}],"curies":[{"name":"radni list","href":"https:\/\/api.w.org\/{rel}","templated":true}]}}