{"id":22175,"date":"2025-09-22T23:23:19","date_gmt":"2025-09-22T22:23:19","guid":{"rendered":"https:\/\/tremunpiercing.com\/?post_type=product&#038;p=22175"},"modified":"2026-04-20T16:10:05","modified_gmt":"2026-04-20T15:10:05","slug":"oval-cab-labradorite","status":"publish","type":"product","link":"https:\/\/tremunpiercing.com\/hr\/product\/oval-cab-labradorite\/","title":{"rendered":"Ovalna kabina \u2013 labradorit"},"content":{"rendered":"<p>Ovalni labradorit spaja organsku ljepotu s visokokvalitetnom estetikom. Ugra\u0111en prirodnim turmaliziranim kvarcnim dragim kamenom veli\u010dine 5,6 mm x 3,3 mm, ovaj komad nudi zapanjuju\u0107u dubinu boje. Kao nakit s unutarnjim navojem od 16G izra\u0111en od implantatnog titana F-136, ovaj je nakit siguran za no\u0161enje i udoban.<\/p>\n<p>Prelijevaju\u0107i se izgled ovalnog rezanog dragog kamenja \u010dini ga izvrsnom opcijom za piercing u obliku \u0161koljke, re\u017enja ili ravnog kamenja za one koji cijene organsku ljepotu. Ovalni utor izvrstan je izbor za studije s posebnom kolekcijom dragog kamenja. To je umjetni\u010dko djelo, ali je i funkcionalno. Polirana titanska baza stvara vrhunski sjaj, \u010dine\u0107i svaki komad iznimnim, jedinstvenim zavr\u0161nim detaljem.<\/p>","protected":false},"excerpt":{"rendered":"<ul>\n<li>Unutarnji navoj<\/li>\n<li>Materijal: Titanij F-136 za implantate<\/li>\n<li>Mjera\u010d: 16G<\/li>\n<li>Dragulj: Labradorit<\/li>\n<li>Veli\u010dina dragulja: 5,6 mm x 3,3 mm<\/li>\n<\/ul>","protected":false},"featured_media":22176,"comment_status":"closed","ping_status":"closed","template":"","meta":{"_acf_changed":false},"product_brand":[],"product_cat":[340,343],"product_tag":[187,179,180,188,209,189,210,211,212,190,183,184,207],"class_list":{"0":"post-22175","1":"product","2":"type-product","3":"status-publish","4":"has-post-thumbnail","6":"product_cat-titanium-jewelry","7":"product_cat-tops-titanium-jewelry","8":"product_tag-conch","9":"product_tag-cristal","10":"product_tag-cz","11":"product_tag-ear","12":"product_tag-faux-rook","13":"product_tag-helix","14":"product_tag-labret","15":"product_tag-lip","16":"product_tag-medusa","17":"product_tag-oreja","18":"product_tag-perforacion","19":"product_tag-piercing","20":"product_tag-tragus","22":"first","23":"instock","24":"taxable","25":"shipping-taxable","26":"purchasable","27":"product-type-simple"},"acf":[],"gallery_images":[22177,27440,27441],"_links":{"self":[{"href":"https:\/\/tremunpiercing.com\/hr\/wp-json\/wp\/v2\/product\/22175","targetHints":{"allow":["GET"]}}],"collection":[{"href":"https:\/\/tremunpiercing.com\/hr\/wp-json\/wp\/v2\/product"}],"about":[{"href":"https:\/\/tremunpiercing.com\/hr\/wp-json\/wp\/v2\/types\/product"}],"replies":[{"embeddable":true,"href":"https:\/\/tremunpiercing.com\/hr\/wp-json\/wp\/v2\/comments?post=22175"}],"version-history":[{"count":1,"href":"https:\/\/tremunpiercing.com\/hr\/wp-json\/wp\/v2\/product\/22175\/revisions"}],"predecessor-version":[{"id":27442,"href":"https:\/\/tremunpiercing.com\/hr\/wp-json\/wp\/v2\/product\/22175\/revisions\/27442"}],"wp:featuredmedia":[{"embeddable":true,"href":"https:\/\/tremunpiercing.com\/hr\/wp-json\/wp\/v2\/media\/22176"}],"wp:attachment":[{"href":"https:\/\/tremunpiercing.com\/hr\/wp-json\/wp\/v2\/media?parent=22175"}],"wp:term":[{"taxonomy":"product_brand","embeddable":true,"href":"https:\/\/tremunpiercing.com\/hr\/wp-json\/wp\/v2\/product_brand?post=22175"},{"taxonomy":"product_cat","embeddable":true,"href":"https:\/\/tremunpiercing.com\/hr\/wp-json\/wp\/v2\/product_cat?post=22175"},{"taxonomy":"product_tag","embeddable":true,"href":"https:\/\/tremunpiercing.com\/hr\/wp-json\/wp\/v2\/product_tag?post=22175"}],"curies":[{"name":"radni list","href":"https:\/\/api.w.org\/{rel}","templated":true}]}}