{"id":22207,"date":"2025-09-23T19:59:35","date_gmt":"2025-09-23T18:59:35","guid":{"rendered":"https:\/\/tremunpiercing.com\/?post_type=product&#038;p=22207"},"modified":"2026-04-18T10:58:16","modified_gmt":"2026-04-18T09:58:16","slug":"donna","status":"publish","type":"product","link":"https:\/\/tremunpiercing.com\/hr\/product\/donna\/","title":{"rendered":"Donna"},"content":{"rendered":"<p>Donna je izvrstan komad precizno izra\u0111enog nakita za tijelo izra\u0111en od titana implantatne kvalitete (F-136), koji pru\u017ea vrhunsku biokompatibilnost i izdr\u017eljivost no\u0161enja. Dizajn s unutarnjim navojem 16G lako se postavlja, sigurno i glatko, \u0161to je idealno za osjetljive piercinge. Kubni cirkonij privla\u010di poglede, dodaju\u0107i razinu sofisticiranog sjaja ovom svestranom nakitu, omogu\u0107uju\u0107i mu da se nosi samostalno ili u kombinaciji s drugim nakitom.<\/p>\n<p>Donna je savr\u0161ena za piercing hrskavice uha, \u0161koljke ili usne, jer pru\u017ea stil, eleganciju i funkcionalnost. Lagana je, ne tamni i izvrstan je proizvod za prodaju u studijima za piercing i maloprodajnim trgovinama za klijente koji \u017eele visokokvalitetan nakit za tijelo s detaljima i sjajem.<\/p>","protected":false},"excerpt":{"rendered":"<ul>\n<li>Unutarnji navoj<\/li>\n<li>Materijal: Titanij F-136 za implantate<\/li>\n<li>Mjera\u010d: 16G<\/li>\n<li>Dragulj: Kubni cirkonij<\/li>\n<li>Veli\u010dina: 3,6 mm x 10 mm<\/li>\n<\/ul>","protected":false},"featured_media":22208,"comment_status":"closed","ping_status":"closed","template":"","meta":{"_acf_changed":false},"product_brand":[],"product_cat":[340,343],"product_tag":[187,179,180,188,209,189,210,211,212,190,183,184,207],"class_list":{"0":"post-22207","1":"product","2":"type-product","3":"status-publish","4":"has-post-thumbnail","6":"product_cat-titanium-jewelry","7":"product_cat-tops-titanium-jewelry","8":"product_tag-conch","9":"product_tag-cristal","10":"product_tag-cz","11":"product_tag-ear","12":"product_tag-faux-rook","13":"product_tag-helix","14":"product_tag-labret","15":"product_tag-lip","16":"product_tag-medusa","17":"product_tag-oreja","18":"product_tag-perforacion","19":"product_tag-piercing","20":"product_tag-tragus","22":"first","23":"instock","24":"taxable","25":"shipping-taxable","26":"purchasable","27":"product-type-simple"},"acf":[],"gallery_images":[27415,27416],"_links":{"self":[{"href":"https:\/\/tremunpiercing.com\/hr\/wp-json\/wp\/v2\/product\/22207","targetHints":{"allow":["GET"]}}],"collection":[{"href":"https:\/\/tremunpiercing.com\/hr\/wp-json\/wp\/v2\/product"}],"about":[{"href":"https:\/\/tremunpiercing.com\/hr\/wp-json\/wp\/v2\/types\/product"}],"replies":[{"embeddable":true,"href":"https:\/\/tremunpiercing.com\/hr\/wp-json\/wp\/v2\/comments?post=22207"}],"version-history":[{"count":1,"href":"https:\/\/tremunpiercing.com\/hr\/wp-json\/wp\/v2\/product\/22207\/revisions"}],"predecessor-version":[{"id":27418,"href":"https:\/\/tremunpiercing.com\/hr\/wp-json\/wp\/v2\/product\/22207\/revisions\/27418"}],"wp:featuredmedia":[{"embeddable":true,"href":"https:\/\/tremunpiercing.com\/hr\/wp-json\/wp\/v2\/media\/22208"}],"wp:attachment":[{"href":"https:\/\/tremunpiercing.com\/hr\/wp-json\/wp\/v2\/media?parent=22207"}],"wp:term":[{"taxonomy":"product_brand","embeddable":true,"href":"https:\/\/tremunpiercing.com\/hr\/wp-json\/wp\/v2\/product_brand?post=22207"},{"taxonomy":"product_cat","embeddable":true,"href":"https:\/\/tremunpiercing.com\/hr\/wp-json\/wp\/v2\/product_cat?post=22207"},{"taxonomy":"product_tag","embeddable":true,"href":"https:\/\/tremunpiercing.com\/hr\/wp-json\/wp\/v2\/product_tag?post=22207"}],"curies":[{"name":"radni list","href":"https:\/\/api.w.org\/{rel}","templated":true}]}}