{"id":22229,"date":"2025-09-23T20:23:16","date_gmt":"2025-09-23T19:23:16","guid":{"rendered":"https:\/\/tremunpiercing.com\/?post_type=product&#038;p=22229"},"modified":"2026-04-18T13:47:22","modified_gmt":"2026-04-18T12:47:22","slug":"cecilia-black","status":"publish","type":"product","link":"https:\/\/tremunpiercing.com\/hr\/product\/cecilia-black\/","title":{"rendered":"Cecilija \u2013 Crna"},"content":{"rendered":"<p>Ispunite potrebu za \u010distim, modernim stilom uz Cecilia Black labret. S savr\u0161eno izrezanim crnim kubnim cirkonom, ovaj labret je \u0161ik, moderna alternativa tradicionalnim prozirnim draguljima. Nje\u017eni kand\u017easti zupci Cecilia okvira stvaraju besprijekoran, minimalisti\u010dki stil koji prekrasno isti\u010de tamni kamen. Izra\u0111en od ImplantGrade titana (F-136) s unutarnjim navojem od 16G, ovaj labret osigurava udobnost i sigurnost.<\/p>\n<p>Cecilia je osnovni komad nakita za svaki studio, za klijenta koji \u017eeli odva\u017ean monokromatski izgled svom ure\u0111enom uhu ili za pojedina\u010dni piercing. Zbog svoje klasi\u010dne prirode i svestranosti, neophodan je i vrlo tra\u017een artikl za piercere koji opslu\u017euju klijentelu koja prati modu.<\/p>","protected":false},"excerpt":{"rendered":"<ul>\n<li>Unutarnji navoj<\/li>\n<li>Materijal: Titanij F-136 za implantate<\/li>\n<li>Mjera\u010d: 16G<\/li>\n<li>Dragulj: Kubni cirkonij<\/li>\n<\/ul>","protected":false},"featured_media":22230,"comment_status":"closed","ping_status":"closed","template":"","meta":{"_acf_changed":false},"product_brand":[],"product_cat":[340,343],"product_tag":[187,179,180,188,209,189,210,211,212,190,183,184,207],"class_list":{"0":"post-22229","1":"product","2":"type-product","3":"status-publish","4":"has-post-thumbnail","6":"product_cat-titanium-jewelry","7":"product_cat-tops-titanium-jewelry","8":"product_tag-conch","9":"product_tag-cristal","10":"product_tag-cz","11":"product_tag-ear","12":"product_tag-faux-rook","13":"product_tag-helix","14":"product_tag-labret","15":"product_tag-lip","16":"product_tag-medusa","17":"product_tag-oreja","18":"product_tag-perforacion","19":"product_tag-piercing","20":"product_tag-tragus","22":"first","23":"instock","24":"taxable","25":"shipping-taxable","26":"purchasable","27":"product-type-simple"},"acf":[],"gallery_images":[27364,27363],"_links":{"self":[{"href":"https:\/\/tremunpiercing.com\/hr\/wp-json\/wp\/v2\/product\/22229","targetHints":{"allow":["GET"]}}],"collection":[{"href":"https:\/\/tremunpiercing.com\/hr\/wp-json\/wp\/v2\/product"}],"about":[{"href":"https:\/\/tremunpiercing.com\/hr\/wp-json\/wp\/v2\/types\/product"}],"replies":[{"embeddable":true,"href":"https:\/\/tremunpiercing.com\/hr\/wp-json\/wp\/v2\/comments?post=22229"}],"version-history":[{"count":1,"href":"https:\/\/tremunpiercing.com\/hr\/wp-json\/wp\/v2\/product\/22229\/revisions"}],"predecessor-version":[{"id":27365,"href":"https:\/\/tremunpiercing.com\/hr\/wp-json\/wp\/v2\/product\/22229\/revisions\/27365"}],"wp:featuredmedia":[{"embeddable":true,"href":"https:\/\/tremunpiercing.com\/hr\/wp-json\/wp\/v2\/media\/22230"}],"wp:attachment":[{"href":"https:\/\/tremunpiercing.com\/hr\/wp-json\/wp\/v2\/media?parent=22229"}],"wp:term":[{"taxonomy":"product_brand","embeddable":true,"href":"https:\/\/tremunpiercing.com\/hr\/wp-json\/wp\/v2\/product_brand?post=22229"},{"taxonomy":"product_cat","embeddable":true,"href":"https:\/\/tremunpiercing.com\/hr\/wp-json\/wp\/v2\/product_cat?post=22229"},{"taxonomy":"product_tag","embeddable":true,"href":"https:\/\/tremunpiercing.com\/hr\/wp-json\/wp\/v2\/product_tag?post=22229"}],"curies":[{"name":"radni list","href":"https:\/\/api.w.org\/{rel}","templated":true}]}}