{"id":22232,"date":"2025-09-23T20:25:52","date_gmt":"2025-09-23T19:25:52","guid":{"rendered":"https:\/\/tremunpiercing.com\/?post_type=product&#038;p=22232"},"modified":"2026-03-28T22:02:23","modified_gmt":"2026-03-28T21:02:23","slug":"cecilia-topaz-blue-cz","status":"publish","type":"product","link":"https:\/\/tremunpiercing.com\/hr\/product\/cecilia-topaz-blue-cz\/","title":{"rendered":"Cecilia \u2013 Topaz plava CZ"},"content":{"rendered":"<h2>Cecilia Topaz plavi \u010de\u0161ki labret<\/h2>\n<p>Cecilia Topaz Blue CZ labret nudi cool, sofisticiran izgled. Dizajn sadr\u017ei prekrasan, ledeno plavi kubni cirkon koji obuhva\u0107a svu ljepotu briljantnog topaza u jednom prekrasnom kamenom kraku postavljenom u Cecilia stilu za \u010dist, moderan izgled koji nagla\u0161ava zapanjuju\u0107u boju plavog kamena.<\/p>\n<p>Izra\u0111en od titana implantatne kvalitete (F-136) s unutarnjim navojem od 16G, va\u0161i klijenti mogu ra\u010dunati na udobno i sigurno prianjanje. Mirna plava boja je svestrana, posebno za sve koji \u017eele \u010dist, svje\u017e da\u0161ak boje u svojoj \u0161koljki, heliksu ili piercingu u nosnici. Mo\u0107i \u0107ete pobolj\u0161ati izbor boja svog studija i upoznati sve svoje klijente s ovom dosljedno popularnom i prekrasnom plavom bojom.<\/p>","protected":false},"excerpt":{"rendered":"<ul>\n<li>Unutarnji navoj<\/li>\n<li>Materijal: Titanij F-136 za implantate<\/li>\n<li>Mjera\u010d: 16G<\/li>\n<li>Dragulj: Kubni cirkonij<\/li>\n<li>Veli\u010dina: 4 mm x 6,7 mm<\/li>\n<\/ul>","protected":false},"featured_media":22233,"comment_status":"closed","ping_status":"closed","template":"","meta":{"_acf_changed":false},"product_brand":[],"product_cat":[340,343],"product_tag":[187,179,180,188,209,189,210,211,212,190,183,184,207],"class_list":{"0":"post-22232","1":"product","2":"type-product","3":"status-publish","4":"has-post-thumbnail","6":"product_cat-titanium-jewelry","7":"product_cat-tops-titanium-jewelry","8":"product_tag-conch","9":"product_tag-cristal","10":"product_tag-cz","11":"product_tag-ear","12":"product_tag-faux-rook","13":"product_tag-helix","14":"product_tag-labret","15":"product_tag-lip","16":"product_tag-medusa","17":"product_tag-oreja","18":"product_tag-perforacion","19":"product_tag-piercing","20":"product_tag-tragus","22":"first","23":"instock","24":"taxable","25":"shipping-taxable","26":"purchasable","27":"product-type-simple"},"acf":[],"gallery_images":[27366,27367],"_links":{"self":[{"href":"https:\/\/tremunpiercing.com\/hr\/wp-json\/wp\/v2\/product\/22232","targetHints":{"allow":["GET"]}}],"collection":[{"href":"https:\/\/tremunpiercing.com\/hr\/wp-json\/wp\/v2\/product"}],"about":[{"href":"https:\/\/tremunpiercing.com\/hr\/wp-json\/wp\/v2\/types\/product"}],"replies":[{"embeddable":true,"href":"https:\/\/tremunpiercing.com\/hr\/wp-json\/wp\/v2\/comments?post=22232"}],"version-history":[{"count":1,"href":"https:\/\/tremunpiercing.com\/hr\/wp-json\/wp\/v2\/product\/22232\/revisions"}],"predecessor-version":[{"id":27368,"href":"https:\/\/tremunpiercing.com\/hr\/wp-json\/wp\/v2\/product\/22232\/revisions\/27368"}],"wp:featuredmedia":[{"embeddable":true,"href":"https:\/\/tremunpiercing.com\/hr\/wp-json\/wp\/v2\/media\/22233"}],"wp:attachment":[{"href":"https:\/\/tremunpiercing.com\/hr\/wp-json\/wp\/v2\/media?parent=22232"}],"wp:term":[{"taxonomy":"product_brand","embeddable":true,"href":"https:\/\/tremunpiercing.com\/hr\/wp-json\/wp\/v2\/product_brand?post=22232"},{"taxonomy":"product_cat","embeddable":true,"href":"https:\/\/tremunpiercing.com\/hr\/wp-json\/wp\/v2\/product_cat?post=22232"},{"taxonomy":"product_tag","embeddable":true,"href":"https:\/\/tremunpiercing.com\/hr\/wp-json\/wp\/v2\/product_tag?post=22232"}],"curies":[{"name":"radni list","href":"https:\/\/api.w.org\/{rel}","templated":true}]}}