{"id":22245,"date":"2025-09-23T20:40:17","date_gmt":"2025-09-23T19:40:17","guid":{"rendered":"https:\/\/tremunpiercing.com\/?post_type=product&#038;p=22245"},"modified":"2026-04-20T16:10:04","modified_gmt":"2026-04-20T15:10:04","slug":"cecilia-tourmalated-quartz","status":"publish","type":"product","link":"https:\/\/tremunpiercing.com\/hr\/product\/cecilia-tourmalated-quartz\/","title":{"rendered":"Cecilia \u2013 Turmalizirani kvarc"},"content":{"rendered":"<p>Pru\u017eite svojim klijentima uistinu jedinstven komadi\u0107 Zemlje s na\u0161im labretom od Cecilia turmalinskog kvarca. Ovaj nevjerojatni kamen sadr\u017ei prozirni kvarc s prekrasnim inkluzijama crnih turmalinskih iglica, \u0161to stvara jedinstveni uzorak i osje\u0107aj u svakom labretu. Kamen je ugra\u0111en u na\u0161 elegantni Cecilia okvir koji koristi skroman dizajn kand\u017ei pod pritiskom, kako bi se fokus usmjerio na sam kamen. Ovaj labret izra\u0111en je od titana implantatne kvalitete (F-136) s unutarnjim navojem od 16G, \u0161to zna\u010di da nudi sigurnost i udobnost.<\/p>\n<p>Ovaj dizajn je savr\u0161en za klijente koji \u017eele iza\u0107i iz okvira, od obi\u010dnih jednostavnih CZ nau\u0161nica, a istovremeno zadr\u017eati odva\u017ean, organski osje\u0107aj svog nakita. Dodajte ovaj privla\u010dan labret u svoj inventar kako biste svojim klijentima ponudili prepoznatljiv i privla\u010dan komad, a istovremeno podr\u017eali raznolikost i integritet kvalitete va\u0161eg studija.<\/p>","protected":false},"excerpt":{"rendered":"<ul>\n<li>Unutarnji navoj<\/li>\n<li>Materijal: Titanij F-136 za implantate<\/li>\n<li>Mjera\u010d: 16G<\/li>\n<li>Dragulj: Turmalizirani kvarc<\/li>\n<li>Veli\u010dina: 4 mm x 6,7 mm<\/li>\n<\/ul>","protected":false},"featured_media":22246,"comment_status":"closed","ping_status":"closed","template":"","meta":{"_acf_changed":false},"product_brand":[],"product_cat":[340,343],"product_tag":[187,179,180,188,209,189,210,211,212,190,183,184,207],"class_list":{"0":"post-22245","1":"product","2":"type-product","3":"status-publish","4":"has-post-thumbnail","6":"product_cat-titanium-jewelry","7":"product_cat-tops-titanium-jewelry","8":"product_tag-conch","9":"product_tag-cristal","10":"product_tag-cz","11":"product_tag-ear","12":"product_tag-faux-rook","13":"product_tag-helix","14":"product_tag-labret","15":"product_tag-lip","16":"product_tag-medusa","17":"product_tag-oreja","18":"product_tag-perforacion","19":"product_tag-piercing","20":"product_tag-tragus","22":"first","23":"instock","24":"taxable","25":"shipping-taxable","26":"purchasable","27":"product-type-simple"},"acf":[],"gallery_images":[27352,27351],"_links":{"self":[{"href":"https:\/\/tremunpiercing.com\/hr\/wp-json\/wp\/v2\/product\/22245","targetHints":{"allow":["GET"]}}],"collection":[{"href":"https:\/\/tremunpiercing.com\/hr\/wp-json\/wp\/v2\/product"}],"about":[{"href":"https:\/\/tremunpiercing.com\/hr\/wp-json\/wp\/v2\/types\/product"}],"replies":[{"embeddable":true,"href":"https:\/\/tremunpiercing.com\/hr\/wp-json\/wp\/v2\/comments?post=22245"}],"version-history":[{"count":1,"href":"https:\/\/tremunpiercing.com\/hr\/wp-json\/wp\/v2\/product\/22245\/revisions"}],"predecessor-version":[{"id":27355,"href":"https:\/\/tremunpiercing.com\/hr\/wp-json\/wp\/v2\/product\/22245\/revisions\/27355"}],"wp:featuredmedia":[{"embeddable":true,"href":"https:\/\/tremunpiercing.com\/hr\/wp-json\/wp\/v2\/media\/22246"}],"wp:attachment":[{"href":"https:\/\/tremunpiercing.com\/hr\/wp-json\/wp\/v2\/media?parent=22245"}],"wp:term":[{"taxonomy":"product_brand","embeddable":true,"href":"https:\/\/tremunpiercing.com\/hr\/wp-json\/wp\/v2\/product_brand?post=22245"},{"taxonomy":"product_cat","embeddable":true,"href":"https:\/\/tremunpiercing.com\/hr\/wp-json\/wp\/v2\/product_cat?post=22245"},{"taxonomy":"product_tag","embeddable":true,"href":"https:\/\/tremunpiercing.com\/hr\/wp-json\/wp\/v2\/product_tag?post=22245"}],"curies":[{"name":"radni list","href":"https:\/\/api.w.org\/{rel}","templated":true}]}}