{"id":22249,"date":"2025-09-23T20:46:07","date_gmt":"2025-09-23T19:46:07","guid":{"rendered":"https:\/\/tremunpiercing.com\/?post_type=product&#038;p=22249"},"modified":"2026-04-16T15:33:52","modified_gmt":"2026-04-16T14:33:52","slug":"clare-light-peony","status":"publish","type":"product","link":"https:\/\/tremunpiercing.com\/hr\/product\/clare-light-peony\/","title":{"rendered":"Clare \u2013 Svijetli bo\u017eur"},"content":{"rendered":"<p>Osvijetlite svoj izgled da\u0161kom nje\u017ene boje s labretom Clare \u2013 Light Peony. Ovaj komad nakita predstavlja prekrasan, kabo\u0161on bru\u0161en opal boje svijetlog bo\u017eura koji se odlikuje nje\u017enom igrom ru\u017ei\u010daste i nje\u017ene iridescencije. Opal je ukra\u0161en glatkim, udobnim okvirom izra\u0111enim od titana implantatne kvalitete (F-136), \u0161to ga \u010dini savr\u0161enim za novi piercing ili osjetljivu ko\u017eu. Njegov ovalni oblik je 8,7 mm x 3,25 mm, \u0161to mu daje lijepu veli\u010dinu bez da bude previ\u0161e nametljiv, te je savr\u0161en za postavljanje poput \u0161koljke ili daitha kao istaknutog komada.<\/p>\n<p>Unutarnji navojni mehanizam 16G je jednostavan i pouzdan. Ovaj komad bit \u0107e hit za svakoga tko \u017eeli dodati nje\u017enu \u017eenstvenu boju i izgraditi svoj repertoar komada koji odgovaraju ovom rastu\u0107em tr\u017ei\u0161tu minimalisti\u010dkog visokokvalitetnog nakita u stilu statementa.<\/p>","protected":false},"excerpt":{"rendered":"<ul>\n<li>Unutarnji navoj<\/li>\n<li>Materijal: Titanij F-136 za implantate<\/li>\n<li>Mjera\u010d: 16G<\/li>\n<li>Dragulj: Svijetli bo\u017eur opal<\/li>\n<li>Veli\u010dina: 8,7 mm x 3,25 mm<\/li>\n<\/ul>","protected":false},"featured_media":22250,"comment_status":"closed","ping_status":"closed","template":"","meta":{"_acf_changed":false},"product_brand":[],"product_cat":[340,343],"product_tag":[187,179,180,188,209,189,210,211,212,190,183,184,207],"class_list":{"0":"post-22249","1":"product","2":"type-product","3":"status-publish","4":"has-post-thumbnail","6":"product_cat-titanium-jewelry","7":"product_cat-tops-titanium-jewelry","8":"product_tag-conch","9":"product_tag-cristal","10":"product_tag-cz","11":"product_tag-ear","12":"product_tag-faux-rook","13":"product_tag-helix","14":"product_tag-labret","15":"product_tag-lip","16":"product_tag-medusa","17":"product_tag-oreja","18":"product_tag-perforacion","19":"product_tag-piercing","20":"product_tag-tragus","22":"first","23":"instock","24":"taxable","25":"shipping-taxable","26":"purchasable","27":"product-type-simple"},"acf":[],"gallery_images":[27404,27403],"_links":{"self":[{"href":"https:\/\/tremunpiercing.com\/hr\/wp-json\/wp\/v2\/product\/22249","targetHints":{"allow":["GET"]}}],"collection":[{"href":"https:\/\/tremunpiercing.com\/hr\/wp-json\/wp\/v2\/product"}],"about":[{"href":"https:\/\/tremunpiercing.com\/hr\/wp-json\/wp\/v2\/types\/product"}],"replies":[{"embeddable":true,"href":"https:\/\/tremunpiercing.com\/hr\/wp-json\/wp\/v2\/comments?post=22249"}],"version-history":[{"count":1,"href":"https:\/\/tremunpiercing.com\/hr\/wp-json\/wp\/v2\/product\/22249\/revisions"}],"predecessor-version":[{"id":27406,"href":"https:\/\/tremunpiercing.com\/hr\/wp-json\/wp\/v2\/product\/22249\/revisions\/27406"}],"wp:featuredmedia":[{"embeddable":true,"href":"https:\/\/tremunpiercing.com\/hr\/wp-json\/wp\/v2\/media\/22250"}],"wp:attachment":[{"href":"https:\/\/tremunpiercing.com\/hr\/wp-json\/wp\/v2\/media?parent=22249"}],"wp:term":[{"taxonomy":"product_brand","embeddable":true,"href":"https:\/\/tremunpiercing.com\/hr\/wp-json\/wp\/v2\/product_brand?post=22249"},{"taxonomy":"product_cat","embeddable":true,"href":"https:\/\/tremunpiercing.com\/hr\/wp-json\/wp\/v2\/product_cat?post=22249"},{"taxonomy":"product_tag","embeddable":true,"href":"https:\/\/tremunpiercing.com\/hr\/wp-json\/wp\/v2\/product_tag?post=22249"}],"curies":[{"name":"radni list","href":"https:\/\/api.w.org\/{rel}","templated":true}]}}