{"id":22255,"date":"2025-09-23T21:00:52","date_gmt":"2025-09-23T20:00:52","guid":{"rendered":"https:\/\/tremunpiercing.com\/?post_type=product&#038;p=22255"},"modified":"2026-04-15T15:30:56","modified_gmt":"2026-04-15T14:30:56","slug":"prong-sw-ab","status":"publish","type":"product","link":"https:\/\/tremunpiercing.com\/hr\/product\/prong-sw-ab\/","title":{"rendered":"Prong SW \u2013 AB"},"content":{"rendered":"<p>Privucite svjetlost i pa\u017enju svojih klijenata na\u0161im labretom Prong SW AB. Izra\u0111en od titana implantatne kvalitete (F-136), ovo je neizostavan dio studija. \u010cetverokraki okvir sigurno dr\u017ei prekrasan kubni cirkon Aurora Borealis koji hvata svjetlost i stvara prelijevaju\u0107u duginu vatru pri pokretu. Unutarnji navoj omogu\u0107uje glatko no\u0161enje, bez iritacije, prikladno za piercinge koji aktivno zacjeljuju ili za no\u0161enje na zacijelim piercingima.<\/p>\n<p>Dostupan je od veli\u010dine za lice od 3 mm do 6 mm i stupi\u0107em od 16G. Savr\u0161en komad za razgovor za nosnice, usne i jo\u0161 mnogo toga, ovaj najprodavaniji, vizualno privla\u010dan nakit nudi va\u0161im klijentima doista zapanjuju\u0107u opciju koja je sigurna, hipoalergena i uklapa se u konkurentsku odr\u017eivost va\u0161eg studija.<\/p>","protected":false},"excerpt":{"rendered":"<ul>\n<li>Unutarnji navoj<\/li>\n<li>Materijal: Titanij F-136 za implantate<\/li>\n<li>Mjera\u010d: 16G<\/li>\n<li>Veli\u010dina: 3 mm \u2013 4 mm \u2013 5 mm \u2013 6 mm<\/li>\n<li>Dragulj: Kubni cirkon Aurora Borealis<\/li>\n<\/ul>","protected":false},"featured_media":22257,"comment_status":"closed","ping_status":"closed","template":"","meta":{"_acf_changed":false},"product_brand":[],"product_cat":[442,340,343],"product_tag":[187,179,180,188,209,189,210,211,212,190,183,184,207],"class_list":{"0":"post-22255","1":"product","2":"type-product","3":"status-publish","4":"has-post-thumbnail","6":"product_cat-sw","7":"product_cat-titanium-jewelry","8":"product_cat-tops-titanium-jewelry","9":"product_tag-conch","10":"product_tag-cristal","11":"product_tag-cz","12":"product_tag-ear","13":"product_tag-faux-rook","14":"product_tag-helix","15":"product_tag-labret","16":"product_tag-lip","17":"product_tag-medusa","18":"product_tag-oreja","19":"product_tag-perforacion","20":"product_tag-piercing","21":"product_tag-tragus","23":"first","24":"instock","25":"taxable","26":"shipping-taxable","27":"purchasable","28":"product-type-variable"},"acf":[],"gallery_images":[27402,27401],"_links":{"self":[{"href":"https:\/\/tremunpiercing.com\/hr\/wp-json\/wp\/v2\/product\/22255","targetHints":{"allow":["GET"]}}],"collection":[{"href":"https:\/\/tremunpiercing.com\/hr\/wp-json\/wp\/v2\/product"}],"about":[{"href":"https:\/\/tremunpiercing.com\/hr\/wp-json\/wp\/v2\/types\/product"}],"replies":[{"embeddable":true,"href":"https:\/\/tremunpiercing.com\/hr\/wp-json\/wp\/v2\/comments?post=22255"}],"version-history":[{"count":1,"href":"https:\/\/tremunpiercing.com\/hr\/wp-json\/wp\/v2\/product\/22255\/revisions"}],"predecessor-version":[{"id":27405,"href":"https:\/\/tremunpiercing.com\/hr\/wp-json\/wp\/v2\/product\/22255\/revisions\/27405"}],"wp:featuredmedia":[{"embeddable":true,"href":"https:\/\/tremunpiercing.com\/hr\/wp-json\/wp\/v2\/media\/22257"}],"wp:attachment":[{"href":"https:\/\/tremunpiercing.com\/hr\/wp-json\/wp\/v2\/media?parent=22255"}],"wp:term":[{"taxonomy":"product_brand","embeddable":true,"href":"https:\/\/tremunpiercing.com\/hr\/wp-json\/wp\/v2\/product_brand?post=22255"},{"taxonomy":"product_cat","embeddable":true,"href":"https:\/\/tremunpiercing.com\/hr\/wp-json\/wp\/v2\/product_cat?post=22255"},{"taxonomy":"product_tag","embeddable":true,"href":"https:\/\/tremunpiercing.com\/hr\/wp-json\/wp\/v2\/product_tag?post=22255"}],"curies":[{"name":"radni list","href":"https:\/\/api.w.org\/{rel}","templated":true}]}}