{"id":22544,"date":"2025-10-03T21:16:18","date_gmt":"2025-10-03T20:16:18","guid":{"rendered":"https:\/\/tremunpiercing.com\/?post_type=product&#038;p=22544"},"modified":"2026-04-18T13:47:22","modified_gmt":"2026-04-18T12:47:22","slug":"noir-web","status":"publish","type":"product","link":"https:\/\/tremunpiercing.com\/hr\/product\/noir-web\/","title":{"rendered":"Noir Web"},"content":{"rendered":"<p>Noir Web je tamno elegantan komad dizajniran za profesionalce koji cijene odva\u017ene i jedinstvene komade. Izra\u0111en od implantatnog titana F-136, u\u017eivat \u0107ete u vrhunskoj izdr\u017eljivosti i biokompatibilnosti za sigurno i dugotrajno no\u0161enje. Konstrukcija s unutarnjim navojem (veli\u010dina 16G) je glatka i jednostavna za postavljanje, \u0161to ga \u010dini idealnim nakitom za nove i zacijeljene piercinge.<\/p>\n<p>Detalji inspirirani mre\u017eom doprinose goti\u010dkom, elegantnom komadu koji izgleda zapanjuju\u0107e na piercingu uha u podru\u010dju spirale, \u0161koljke ili resice. Izvrstan izbor za klijente koji tra\u017ee ne\u0161to smjelo, a opet elegantno, Noir Web dodaje da\u0161ak tajanstvenog stila kolekciji va\u0161eg studija. Hipoalergenski, lagan i precizno izra\u0111en, ovaj komad izvrstan je spoj umjetnosti i izrade.<\/p>","protected":false},"excerpt":{"rendered":"<ul>\n<li>Unutarnji navoj<\/li>\n<li>Materijal: Titanij F-136 za implantate<\/li>\n<li>Mjera\u010d: 16G<\/li>\n<li>Veli\u010dina: 7 mm<\/li>\n<\/ul>","protected":false},"featured_media":22621,"comment_status":"closed","ping_status":"closed","template":"","meta":{"_acf_changed":false},"product_brand":[],"product_cat":[340,343],"product_tag":[187,188,209,189,205,206,190,183,184,207],"class_list":{"0":"post-22544","1":"product","2":"type-product","3":"status-publish","4":"has-post-thumbnail","6":"product_cat-titanium-jewelry","7":"product_cat-tops-titanium-jewelry","8":"product_tag-conch","9":"product_tag-ear","10":"product_tag-faux-rook","11":"product_tag-helix","12":"product_tag-lobe","13":"product_tag-lobulo","14":"product_tag-oreja","15":"product_tag-perforacion","16":"product_tag-piercing","17":"product_tag-tragus","19":"first","20":"instock","21":"taxable","22":"shipping-taxable","23":"purchasable","24":"product-type-simple"},"acf":[],"gallery_images":[27328,27329],"_links":{"self":[{"href":"https:\/\/tremunpiercing.com\/hr\/wp-json\/wp\/v2\/product\/22544","targetHints":{"allow":["GET"]}}],"collection":[{"href":"https:\/\/tremunpiercing.com\/hr\/wp-json\/wp\/v2\/product"}],"about":[{"href":"https:\/\/tremunpiercing.com\/hr\/wp-json\/wp\/v2\/types\/product"}],"replies":[{"embeddable":true,"href":"https:\/\/tremunpiercing.com\/hr\/wp-json\/wp\/v2\/comments?post=22544"}],"version-history":[{"count":1,"href":"https:\/\/tremunpiercing.com\/hr\/wp-json\/wp\/v2\/product\/22544\/revisions"}],"predecessor-version":[{"id":27330,"href":"https:\/\/tremunpiercing.com\/hr\/wp-json\/wp\/v2\/product\/22544\/revisions\/27330"}],"wp:featuredmedia":[{"embeddable":true,"href":"https:\/\/tremunpiercing.com\/hr\/wp-json\/wp\/v2\/media\/22621"}],"wp:attachment":[{"href":"https:\/\/tremunpiercing.com\/hr\/wp-json\/wp\/v2\/media?parent=22544"}],"wp:term":[{"taxonomy":"product_brand","embeddable":true,"href":"https:\/\/tremunpiercing.com\/hr\/wp-json\/wp\/v2\/product_brand?post=22544"},{"taxonomy":"product_cat","embeddable":true,"href":"https:\/\/tremunpiercing.com\/hr\/wp-json\/wp\/v2\/product_cat?post=22544"},{"taxonomy":"product_tag","embeddable":true,"href":"https:\/\/tremunpiercing.com\/hr\/wp-json\/wp\/v2\/product_tag?post=22544"}],"curies":[{"name":"radni list","href":"https:\/\/api.w.org\/{rel}","templated":true}]}}