{"id":22550,"date":"2025-10-03T21:29:16","date_gmt":"2025-10-03T20:29:16","guid":{"rendered":"https:\/\/tremunpiercing.com\/?post_type=product&#038;p=22550"},"modified":"2026-03-31T14:29:22","modified_gmt":"2026-03-31T13:29:22","slug":"gamma-black-onyx","status":"publish","type":"product","link":"https:\/\/tremunpiercing.com\/hr\/product\/gamma-black-onyx\/","title":{"rendered":"Gamma \u2013 Crni oniks"},"content":{"rendered":"<p>Vrh Gamma\u2014Black Onix je odva\u017ean i bezvremenski komad nakita \u010distog i profesionalnog izgleda. Izra\u0111en od titana F-136 implantatne kvalitete i s unutarnjim navojem 16G, ovaj vrh je siguran, otporan na koroziju i dizajniran za svakodnevno no\u0161enje. Duboki crni kamen oniks zra\u010di snagom i samopouzdanjem te je savr\u0161en izbor za piercing u u\u0161ima, \u0161koljkama ili ravnim dijelovima. Odli\u010dan komad za umjetnike piercinga koji \u017eele minimalisti\u010dki vrh s dragim kamenjem koji odgovara svim stilovima i aran\u017emanima nakita.<\/p>","protected":false},"excerpt":{"rendered":"<ul>\n<li>Unutarnji navoj<\/li>\n<li>Materijal: Titanij F-136 za implantate<\/li>\n<li>Mjera\u010d: 16G<\/li>\n<li>Dragulj: Crni oniks<\/li>\n<li>Veli\u010dina: 6 mm<\/li>\n<\/ul>","protected":false},"featured_media":22585,"comment_status":"closed","ping_status":"closed","template":"","meta":{"_acf_changed":false},"product_brand":[],"product_cat":[340,343],"product_tag":[187,188,209,189,205,206,190,183,184,207],"class_list":{"0":"post-22550","1":"product","2":"type-product","3":"status-publish","4":"has-post-thumbnail","6":"product_cat-titanium-jewelry","7":"product_cat-tops-titanium-jewelry","8":"product_tag-conch","9":"product_tag-ear","10":"product_tag-faux-rook","11":"product_tag-helix","12":"product_tag-lobe","13":"product_tag-lobulo","14":"product_tag-oreja","15":"product_tag-perforacion","16":"product_tag-piercing","17":"product_tag-tragus","19":"first","20":"instock","21":"taxable","22":"shipping-taxable","23":"purchasable","24":"product-type-simple"},"acf":[],"gallery_images":[27341,27342],"_links":{"self":[{"href":"https:\/\/tremunpiercing.com\/hr\/wp-json\/wp\/v2\/product\/22550","targetHints":{"allow":["GET"]}}],"collection":[{"href":"https:\/\/tremunpiercing.com\/hr\/wp-json\/wp\/v2\/product"}],"about":[{"href":"https:\/\/tremunpiercing.com\/hr\/wp-json\/wp\/v2\/types\/product"}],"replies":[{"embeddable":true,"href":"https:\/\/tremunpiercing.com\/hr\/wp-json\/wp\/v2\/comments?post=22550"}],"version-history":[{"count":1,"href":"https:\/\/tremunpiercing.com\/hr\/wp-json\/wp\/v2\/product\/22550\/revisions"}],"predecessor-version":[{"id":27343,"href":"https:\/\/tremunpiercing.com\/hr\/wp-json\/wp\/v2\/product\/22550\/revisions\/27343"}],"wp:featuredmedia":[{"embeddable":true,"href":"https:\/\/tremunpiercing.com\/hr\/wp-json\/wp\/v2\/media\/22585"}],"wp:attachment":[{"href":"https:\/\/tremunpiercing.com\/hr\/wp-json\/wp\/v2\/media?parent=22550"}],"wp:term":[{"taxonomy":"product_brand","embeddable":true,"href":"https:\/\/tremunpiercing.com\/hr\/wp-json\/wp\/v2\/product_brand?post=22550"},{"taxonomy":"product_cat","embeddable":true,"href":"https:\/\/tremunpiercing.com\/hr\/wp-json\/wp\/v2\/product_cat?post=22550"},{"taxonomy":"product_tag","embeddable":true,"href":"https:\/\/tremunpiercing.com\/hr\/wp-json\/wp\/v2\/product_tag?post=22550"}],"curies":[{"name":"radni list","href":"https:\/\/api.w.org\/{rel}","templated":true}]}}