{"id":22552,"date":"2025-10-03T21:31:07","date_gmt":"2025-10-03T20:31:07","guid":{"rendered":"https:\/\/tremunpiercing.com\/?post_type=product&#038;p=22552"},"modified":"2026-04-09T12:49:17","modified_gmt":"2026-04-09T11:49:17","slug":"gamma-amethyst","status":"publish","type":"product","link":"https:\/\/tremunpiercing.com\/hr\/product\/gamma-amethyst\/","title":{"rendered":"Gama \u2013 Ametist"},"content":{"rendered":"<p>Gamma Amethyst nudi savr\u0161enu ravnote\u017eu boje i izrade. S pravim dragim kamenom ametist, ovaj vrh od titana implantatne kvalitete (F-136) s unutarnjim navojem 16G dizajniran je za preciznost i izdr\u017eljivost. Bogata ljubi\u010dasta nijansa dragulja dodaje sofisticiranost piercingu u u\u0161ima ili helixu, \u0161to ga \u010dini omiljenim izborom za klijente koji vole nakit od dragog kamenja. Idealan za profesionalce koji cijene kvalitetu, udobnost i vizualnu privla\u010dnost.<\/p>","protected":false},"excerpt":{"rendered":"<ul>\n<li>Unutarnji navoj<\/li>\n<li>Materijal: Titanij F-136 za implantate<\/li>\n<li>Mjera\u010d: 16G<\/li>\n<li>Dragulj: Ametist<\/li>\n<li>Veli\u010dina: 6 mm<\/li>\n<\/ul>","protected":false},"featured_media":22586,"comment_status":"closed","ping_status":"closed","template":"","meta":{"_acf_changed":false},"product_brand":[],"product_cat":[340,343],"product_tag":[187,188,209,189,205,206,190,183,184,207],"class_list":{"0":"post-22552","1":"product","2":"type-product","3":"status-publish","4":"has-post-thumbnail","6":"product_cat-titanium-jewelry","7":"product_cat-tops-titanium-jewelry","8":"product_tag-conch","9":"product_tag-ear","10":"product_tag-faux-rook","11":"product_tag-helix","12":"product_tag-lobe","13":"product_tag-lobulo","14":"product_tag-oreja","15":"product_tag-perforacion","16":"product_tag-piercing","17":"product_tag-tragus","19":"first","20":"instock","21":"taxable","22":"shipping-taxable","23":"purchasable","24":"product-type-simple"},"acf":[],"gallery_images":[27338,27339],"_links":{"self":[{"href":"https:\/\/tremunpiercing.com\/hr\/wp-json\/wp\/v2\/product\/22552","targetHints":{"allow":["GET"]}}],"collection":[{"href":"https:\/\/tremunpiercing.com\/hr\/wp-json\/wp\/v2\/product"}],"about":[{"href":"https:\/\/tremunpiercing.com\/hr\/wp-json\/wp\/v2\/types\/product"}],"replies":[{"embeddable":true,"href":"https:\/\/tremunpiercing.com\/hr\/wp-json\/wp\/v2\/comments?post=22552"}],"version-history":[{"count":1,"href":"https:\/\/tremunpiercing.com\/hr\/wp-json\/wp\/v2\/product\/22552\/revisions"}],"predecessor-version":[{"id":27340,"href":"https:\/\/tremunpiercing.com\/hr\/wp-json\/wp\/v2\/product\/22552\/revisions\/27340"}],"wp:featuredmedia":[{"embeddable":true,"href":"https:\/\/tremunpiercing.com\/hr\/wp-json\/wp\/v2\/media\/22586"}],"wp:attachment":[{"href":"https:\/\/tremunpiercing.com\/hr\/wp-json\/wp\/v2\/media?parent=22552"}],"wp:term":[{"taxonomy":"product_brand","embeddable":true,"href":"https:\/\/tremunpiercing.com\/hr\/wp-json\/wp\/v2\/product_brand?post=22552"},{"taxonomy":"product_cat","embeddable":true,"href":"https:\/\/tremunpiercing.com\/hr\/wp-json\/wp\/v2\/product_cat?post=22552"},{"taxonomy":"product_tag","embeddable":true,"href":"https:\/\/tremunpiercing.com\/hr\/wp-json\/wp\/v2\/product_tag?post=22552"}],"curies":[{"name":"radni list","href":"https:\/\/api.w.org\/{rel}","templated":true}]}}