{"id":22555,"date":"2025-10-03T21:32:40","date_gmt":"2025-10-03T20:32:40","guid":{"rendered":"https:\/\/tremunpiercing.com\/?post_type=product&#038;p=22555"},"modified":"2026-03-17T15:32:24","modified_gmt":"2026-03-17T14:32:24","slug":"gamma-moss-agate","status":"publish","type":"product","link":"https:\/\/tremunpiercing.com\/hr\/product\/gamma-moss-agate\/","title":{"rendered":"Gama \u2013 mahovinski ahat"},"content":{"rendered":"<p>Gamma Moss Agate napravljen je za ljubitelje prirode i one koji cijene zemljane tonove. Vrh je izra\u0111en od titana F-163 implantatne kvalitete s unutarnjim navojem i \u010dvrsto\u0107e 16G. Ima pravi kamen Mahovinastog Agata s organskim zelenim uzorcima. Mo\u017ee se nositi u uhu, tragusu ili ravnom piercingu, a svakoj kolekciji dodaje ljepotu i eleganciju. Osobe koje vole piercing \u0107e u\u017eivati u tome \u0161to savr\u0161eno pristaje, ne reagira na svjetlost i vrlo je udoban, a istovremeno vam omogu\u0107uje no\u0161enje prirodnog dodatka va\u0161em stilu koji \u0107e biti bezvremenski.<\/p>","protected":false},"excerpt":{"rendered":"<ul>\n<li>Unutarnji navoj<\/li>\n<li>Materijal: Titanij F-136 za implantate<\/li>\n<li>Mjera\u010d: 16G<\/li>\n<li>Dragulj: Mahovinski ahat<\/li>\n<li>Veli\u010dina: 6 mm<\/li>\n<\/ul>","protected":false},"featured_media":22587,"comment_status":"closed","ping_status":"closed","template":"","meta":{"_acf_changed":false},"product_brand":[],"product_cat":[340,343],"product_tag":[187,188,209,189,205,206,190,183,184,207],"class_list":{"0":"post-22555","1":"product","2":"type-product","3":"status-publish","4":"has-post-thumbnail","6":"product_cat-titanium-jewelry","7":"product_cat-tops-titanium-jewelry","8":"product_tag-conch","9":"product_tag-ear","10":"product_tag-faux-rook","11":"product_tag-helix","12":"product_tag-lobe","13":"product_tag-lobulo","14":"product_tag-oreja","15":"product_tag-perforacion","16":"product_tag-piercing","17":"product_tag-tragus","19":"first","20":"instock","21":"taxable","22":"shipping-taxable","23":"purchasable","24":"product-type-simple"},"acf":[],"gallery_images":[27333,27332],"_links":{"self":[{"href":"https:\/\/tremunpiercing.com\/hr\/wp-json\/wp\/v2\/product\/22555","targetHints":{"allow":["GET"]}}],"collection":[{"href":"https:\/\/tremunpiercing.com\/hr\/wp-json\/wp\/v2\/product"}],"about":[{"href":"https:\/\/tremunpiercing.com\/hr\/wp-json\/wp\/v2\/types\/product"}],"replies":[{"embeddable":true,"href":"https:\/\/tremunpiercing.com\/hr\/wp-json\/wp\/v2\/comments?post=22555"}],"version-history":[{"count":1,"href":"https:\/\/tremunpiercing.com\/hr\/wp-json\/wp\/v2\/product\/22555\/revisions"}],"predecessor-version":[{"id":27334,"href":"https:\/\/tremunpiercing.com\/hr\/wp-json\/wp\/v2\/product\/22555\/revisions\/27334"}],"wp:featuredmedia":[{"embeddable":true,"href":"https:\/\/tremunpiercing.com\/hr\/wp-json\/wp\/v2\/media\/22587"}],"wp:attachment":[{"href":"https:\/\/tremunpiercing.com\/hr\/wp-json\/wp\/v2\/media?parent=22555"}],"wp:term":[{"taxonomy":"product_brand","embeddable":true,"href":"https:\/\/tremunpiercing.com\/hr\/wp-json\/wp\/v2\/product_brand?post=22555"},{"taxonomy":"product_cat","embeddable":true,"href":"https:\/\/tremunpiercing.com\/hr\/wp-json\/wp\/v2\/product_cat?post=22555"},{"taxonomy":"product_tag","embeddable":true,"href":"https:\/\/tremunpiercing.com\/hr\/wp-json\/wp\/v2\/product_tag?post=22555"}],"curies":[{"name":"radni list","href":"https:\/\/api.w.org\/{rel}","templated":true}]}}