{"id":22562,"date":"2025-10-03T21:56:46","date_gmt":"2025-10-03T20:56:46","guid":{"rendered":"https:\/\/tremunpiercing.com\/?post_type=product&#038;p=22562"},"modified":"2026-04-15T15:30:31","modified_gmt":"2026-04-15T14:30:31","slug":"arcane-hat","status":"publish","type":"product","link":"https:\/\/tremunpiercing.com\/hr\/product\/arcane-hat\/","title":{"rendered":"Arkanski \u0161e\u0161ir"},"content":{"rendered":"<p>Vrh od titana Arcane Hat inspiriran je misti\u010dnom energijom i nudi ma\u0161tovit \u0161arm nalik vje\u0161ti\u010djem \u0161e\u0161iru profesionalnom nakitu za tijelo. Izra\u0111en od titana F-136 s unutarnjim navojem 16G. Biokompatibilan i siguran za dugotrajno no\u0161enje, vrhovi za odvod imaju kreativan i minimalisti\u010dki dizajn koji se nadopunjuje s drugim komadima inspiriranim No\u0107i vje\u0161tica ili fantazijom. Prikladan je za piercing uha, tragusa ili ravne dijelove, pru\u017eaju\u0107i opciju klijentu koji \u017eeli ne\u0161to jedinstveno i magi\u010dno u svom nakitu.<\/p>","protected":false},"excerpt":{"rendered":"<ul>\n<li>Unutarnji navoj<\/li>\n<li>Materijal: Titanij F-136 za implantate<\/li>\n<li>Mjera\u010d: 16G<\/li>\n<li>Veli\u010dina: 7 mm x 7 mm<\/li>\n<\/ul>","protected":false},"featured_media":22589,"comment_status":"closed","ping_status":"closed","template":"","meta":{"_acf_changed":false},"product_brand":[],"product_cat":[340,343],"product_tag":[187,188,209,189,205,206,190,183,184,207],"class_list":{"0":"post-22562","1":"product","2":"type-product","3":"status-publish","4":"has-post-thumbnail","6":"product_cat-titanium-jewelry","7":"product_cat-tops-titanium-jewelry","8":"product_tag-conch","9":"product_tag-ear","10":"product_tag-faux-rook","11":"product_tag-helix","12":"product_tag-lobe","13":"product_tag-lobulo","14":"product_tag-oreja","15":"product_tag-perforacion","16":"product_tag-piercing","17":"product_tag-tragus","19":"first","20":"instock","21":"taxable","22":"shipping-taxable","23":"purchasable","24":"product-type-simple"},"acf":[],"gallery_images":[27302,27303],"_links":{"self":[{"href":"https:\/\/tremunpiercing.com\/hr\/wp-json\/wp\/v2\/product\/22562","targetHints":{"allow":["GET"]}}],"collection":[{"href":"https:\/\/tremunpiercing.com\/hr\/wp-json\/wp\/v2\/product"}],"about":[{"href":"https:\/\/tremunpiercing.com\/hr\/wp-json\/wp\/v2\/types\/product"}],"replies":[{"embeddable":true,"href":"https:\/\/tremunpiercing.com\/hr\/wp-json\/wp\/v2\/comments?post=22562"}],"version-history":[{"count":1,"href":"https:\/\/tremunpiercing.com\/hr\/wp-json\/wp\/v2\/product\/22562\/revisions"}],"predecessor-version":[{"id":27304,"href":"https:\/\/tremunpiercing.com\/hr\/wp-json\/wp\/v2\/product\/22562\/revisions\/27304"}],"wp:featuredmedia":[{"embeddable":true,"href":"https:\/\/tremunpiercing.com\/hr\/wp-json\/wp\/v2\/media\/22589"}],"wp:attachment":[{"href":"https:\/\/tremunpiercing.com\/hr\/wp-json\/wp\/v2\/media?parent=22562"}],"wp:term":[{"taxonomy":"product_brand","embeddable":true,"href":"https:\/\/tremunpiercing.com\/hr\/wp-json\/wp\/v2\/product_brand?post=22562"},{"taxonomy":"product_cat","embeddable":true,"href":"https:\/\/tremunpiercing.com\/hr\/wp-json\/wp\/v2\/product_cat?post=22562"},{"taxonomy":"product_tag","embeddable":true,"href":"https:\/\/tremunpiercing.com\/hr\/wp-json\/wp\/v2\/product_tag?post=22562"}],"curies":[{"name":"radni list","href":"https:\/\/api.w.org\/{rel}","templated":true}]}}