{"id":22568,"date":"2025-10-03T22:02:58","date_gmt":"2025-10-03T21:02:58","guid":{"rendered":"https:\/\/tremunpiercing.com\/?post_type=product&#038;p=22568"},"modified":"2026-04-07T11:40:57","modified_gmt":"2026-04-07T10:40:57","slug":"coffin-red-garnet","status":"publish","type":"product","link":"https:\/\/tremunpiercing.com\/hr\/product\/coffin-red-garnet\/","title":{"rendered":"Lijes \u2013 Crveni granat"},"content":{"rendered":"<p>Lijes \u2013 crveni granat unosi goti\u010dki dizajn s elementom \u017eivosti. Ovaj komad izra\u0111en je od titana implantatne kvalitete F-136 i uklju\u010duje tamnocrveni granat dimenzija 3 mm x 6 mm bru\u0161en u obliku lijesa, s unutarnjim navojem za najve\u0107u udobnost i sigurnost kori\u0161tenja. Izvrstan izbor za piercing uha, spirale ili usne, lako spaja tamnu estetiku i pa\u017enju prema detaljima u izradi.<\/p>\n<p>Dizajnirana posebno za piercere, baza od punog titana omogu\u0107uje izdr\u017eljivost, dugotrajan sjaj i nedostatak korozije, \u0161to ga \u010dini izvrsnom opcijom za one koji su zainteresirani za visokokvalitetni goti\u010dki nakit u profesionalnom studiju. Smion, ali umjetni\u010dki komad.<\/p>","protected":false},"excerpt":{"rendered":"<ul>\n<li>Unutarnji navoj<\/li>\n<li>Materijal: Titanij F-136 za implantate<\/li>\n<li>Mjera\u010d: 16G<\/li>\n<li>Dragulj: Crveni granat<\/li>\n<li>Veli\u010dina: 3 mm x 6 mm<\/li>\n<\/ul>","protected":false},"featured_media":22591,"comment_status":"closed","ping_status":"closed","template":"","meta":{"_acf_changed":false},"product_brand":[],"product_cat":[340,343],"product_tag":[187,179,180,188,209,189,210,211,212,190,183,184,207],"class_list":{"0":"post-22568","1":"product","2":"type-product","3":"status-publish","4":"has-post-thumbnail","6":"product_cat-titanium-jewelry","7":"product_cat-tops-titanium-jewelry","8":"product_tag-conch","9":"product_tag-cristal","10":"product_tag-cz","11":"product_tag-ear","12":"product_tag-faux-rook","13":"product_tag-helix","14":"product_tag-labret","15":"product_tag-lip","16":"product_tag-medusa","17":"product_tag-oreja","18":"product_tag-perforacion","19":"product_tag-piercing","20":"product_tag-tragus","22":"first","23":"instock","24":"taxable","25":"shipping-taxable","26":"purchasable","27":"product-type-simple"},"acf":[],"gallery_images":[27314,27315],"_links":{"self":[{"href":"https:\/\/tremunpiercing.com\/hr\/wp-json\/wp\/v2\/product\/22568","targetHints":{"allow":["GET"]}}],"collection":[{"href":"https:\/\/tremunpiercing.com\/hr\/wp-json\/wp\/v2\/product"}],"about":[{"href":"https:\/\/tremunpiercing.com\/hr\/wp-json\/wp\/v2\/types\/product"}],"replies":[{"embeddable":true,"href":"https:\/\/tremunpiercing.com\/hr\/wp-json\/wp\/v2\/comments?post=22568"}],"version-history":[{"count":1,"href":"https:\/\/tremunpiercing.com\/hr\/wp-json\/wp\/v2\/product\/22568\/revisions"}],"predecessor-version":[{"id":27316,"href":"https:\/\/tremunpiercing.com\/hr\/wp-json\/wp\/v2\/product\/22568\/revisions\/27316"}],"wp:featuredmedia":[{"embeddable":true,"href":"https:\/\/tremunpiercing.com\/hr\/wp-json\/wp\/v2\/media\/22591"}],"wp:attachment":[{"href":"https:\/\/tremunpiercing.com\/hr\/wp-json\/wp\/v2\/media?parent=22568"}],"wp:term":[{"taxonomy":"product_brand","embeddable":true,"href":"https:\/\/tremunpiercing.com\/hr\/wp-json\/wp\/v2\/product_brand?post=22568"},{"taxonomy":"product_cat","embeddable":true,"href":"https:\/\/tremunpiercing.com\/hr\/wp-json\/wp\/v2\/product_cat?post=22568"},{"taxonomy":"product_tag","embeddable":true,"href":"https:\/\/tremunpiercing.com\/hr\/wp-json\/wp\/v2\/product_tag?post=22568"}],"curies":[{"name":"radni list","href":"https:\/\/api.w.org\/{rel}","templated":true}]}}