{"id":22578,"date":"2025-10-03T22:16:19","date_gmt":"2025-10-03T21:16:19","guid":{"rendered":"https:\/\/tremunpiercing.com\/?post_type=product&#038;p=22578"},"modified":"2026-04-01T16:29:32","modified_gmt":"2026-04-01T15:29:32","slug":"plague-mask","status":"publish","type":"product","link":"https:\/\/tremunpiercing.com\/hr\/product\/plague-mask\/","title":{"rendered":"Maska kuge"},"content":{"rendered":"<p>Dizajn Maske kuge je moderan piercing komad smjelog, goti\u010dkog stila. Izra\u0111en od titana implantatne kvalitete F-136, nakit s unutarnjim navojem ima elegantan crni kubni cirkonij koji mu daje zavodljiv sjaj. Inspiriran povijesnom maskom lije\u010dnika kuge, ovaj komad je izvrstan za klijente koji tra\u017ee jedinstven i privla\u010dan nakit.<\/p>\n<p>Nakit je prikladan za piercing uha, heliksa i labreta te pru\u017ea o\u0161tar, ali biokompatibilan dizajn. Kao dizajnerski komad za profesionalnu upotrebu, poliran je s izdr\u017eljivo\u0161\u0107u za korozivnu zavr\u0161nu obradu i poliran kako bi stvorio dugotrajan dramati\u010dan izgled.<\/p>","protected":false},"excerpt":{"rendered":"<ul>\n<li>Unutarnji navoj<\/li>\n<li>Materijal: Titanij F-136 za implantate<\/li>\n<li>Mjera\u010d: 16G<\/li>\n<li>Dragulj: Crni kubni cirkonij<\/li>\n<li>Veli\u010dina: 6 mm x 9 mm<\/li>\n<\/ul>","protected":false},"featured_media":22718,"comment_status":"closed","ping_status":"closed","template":"","meta":{"_acf_changed":false},"product_brand":[],"product_cat":[340,343],"product_tag":[187,188,209,189,205,206,190,183,184,207],"class_list":{"0":"post-22578","1":"product","2":"type-product","3":"status-publish","4":"has-post-thumbnail","6":"product_cat-titanium-jewelry","7":"product_cat-tops-titanium-jewelry","8":"product_tag-conch","9":"product_tag-ear","10":"product_tag-faux-rook","11":"product_tag-helix","12":"product_tag-lobe","13":"product_tag-lobulo","14":"product_tag-oreja","15":"product_tag-perforacion","16":"product_tag-piercing","17":"product_tag-tragus","19":"first","20":"instock","21":"taxable","22":"shipping-taxable","23":"purchasable","24":"product-type-simple"},"acf":[],"gallery_images":[27294,27293],"_links":{"self":[{"href":"https:\/\/tremunpiercing.com\/hr\/wp-json\/wp\/v2\/product\/22578","targetHints":{"allow":["GET"]}}],"collection":[{"href":"https:\/\/tremunpiercing.com\/hr\/wp-json\/wp\/v2\/product"}],"about":[{"href":"https:\/\/tremunpiercing.com\/hr\/wp-json\/wp\/v2\/types\/product"}],"replies":[{"embeddable":true,"href":"https:\/\/tremunpiercing.com\/hr\/wp-json\/wp\/v2\/comments?post=22578"}],"version-history":[{"count":1,"href":"https:\/\/tremunpiercing.com\/hr\/wp-json\/wp\/v2\/product\/22578\/revisions"}],"predecessor-version":[{"id":27295,"href":"https:\/\/tremunpiercing.com\/hr\/wp-json\/wp\/v2\/product\/22578\/revisions\/27295"}],"wp:featuredmedia":[{"embeddable":true,"href":"https:\/\/tremunpiercing.com\/hr\/wp-json\/wp\/v2\/media\/22718"}],"wp:attachment":[{"href":"https:\/\/tremunpiercing.com\/hr\/wp-json\/wp\/v2\/media?parent=22578"}],"wp:term":[{"taxonomy":"product_brand","embeddable":true,"href":"https:\/\/tremunpiercing.com\/hr\/wp-json\/wp\/v2\/product_brand?post=22578"},{"taxonomy":"product_cat","embeddable":true,"href":"https:\/\/tremunpiercing.com\/hr\/wp-json\/wp\/v2\/product_cat?post=22578"},{"taxonomy":"product_tag","embeddable":true,"href":"https:\/\/tremunpiercing.com\/hr\/wp-json\/wp\/v2\/product_tag?post=22578"}],"curies":[{"name":"radni list","href":"https:\/\/api.w.org\/{rel}","templated":true}]}}