{"id":22696,"date":"2025-10-06T21:18:33","date_gmt":"2025-10-06T20:18:33","guid":{"rendered":"https:\/\/tremunpiercing.com\/?post_type=product&#038;p=22696"},"modified":"2026-03-24T23:31:06","modified_gmt":"2026-03-24T22:31:06","slug":"stacy-red-garnet","status":"publish","type":"product","link":"https:\/\/tremunpiercing.com\/hr\/product\/stacy-red-garnet\/","title":{"rendered":"Stacy \u2013 Crveni granat"},"content":{"rendered":"<p>Dodajte da\u0161ak vatrene elegancije svojoj kolekciji uz Stacy crveni granat. Nakit s unutarnjim navojem izra\u0111en je od implantatnog titana F-136 koji pru\u017ea vrhunsku udobnost i biokompatibilnost. Intenzivni rubin crveni granat dodaje smjelo i luksuzno zatvaranje piercingu u uhu, nosu ili spiralnoj spirali.<\/p>\n<p>Napravljen za one koji se bave piercingom, ovaj nakit se lako ume\u0107e i trajat \u0107e, a pritom \u0107e zadr\u017eati svoj sjaj tijekom vremena. Stacy je savr\u0161en za studije koji cijene stil i sigurnost nakita, obuhvativ\u0161i savr\u0161enu ravnote\u017eu izme\u0111u bezvremenskog glamura dragog kamenja i medicinske kvalitete.<\/p>","protected":false},"excerpt":{"rendered":"<ul>\n<li>Unutarnji navoj<\/li>\n<li>Materijal: Titanij F-136 za implantate<\/li>\n<li>Mjera\u010d: 16G<\/li>\n<li>Dragulj: <span data-sheets-root=\"1\">Crveni granat<\/span><\/li>\n<li>VELI\u010cINA: 3,1 mm x 5,4 mm<\/li>\n<\/ul>","protected":false},"featured_media":23026,"comment_status":"closed","ping_status":"closed","template":"","meta":{"_acf_changed":false},"product_brand":[],"product_cat":[340,343],"product_tag":[187,179,180,188,209,189,210,211,212,199,190,183,213,184,214,185,207],"class_list":{"0":"post-22696","1":"product","2":"type-product","3":"status-publish","4":"has-post-thumbnail","6":"product_cat-titanium-jewelry","7":"product_cat-tops-titanium-jewelry","8":"product_tag-conch","9":"product_tag-cristal","10":"product_tag-cz","11":"product_tag-ear","12":"product_tag-faux-rook","13":"product_tag-helix","14":"product_tag-labret","15":"product_tag-lip","16":"product_tag-medusa","17":"product_tag-nostril","18":"product_tag-oreja","19":"product_tag-perforacion","20":"product_tag-philtrum","21":"product_tag-piercing","22":"product_tag-rook","23":"product_tag-shiny","24":"product_tag-tragus","26":"first","27":"instock","28":"taxable","29":"shipping-taxable","30":"purchasable","31":"product-type-simple"},"acf":[],"gallery_images":[27254,27255],"_links":{"self":[{"href":"https:\/\/tremunpiercing.com\/hr\/wp-json\/wp\/v2\/product\/22696","targetHints":{"allow":["GET"]}}],"collection":[{"href":"https:\/\/tremunpiercing.com\/hr\/wp-json\/wp\/v2\/product"}],"about":[{"href":"https:\/\/tremunpiercing.com\/hr\/wp-json\/wp\/v2\/types\/product"}],"replies":[{"embeddable":true,"href":"https:\/\/tremunpiercing.com\/hr\/wp-json\/wp\/v2\/comments?post=22696"}],"version-history":[{"count":1,"href":"https:\/\/tremunpiercing.com\/hr\/wp-json\/wp\/v2\/product\/22696\/revisions"}],"predecessor-version":[{"id":27256,"href":"https:\/\/tremunpiercing.com\/hr\/wp-json\/wp\/v2\/product\/22696\/revisions\/27256"}],"wp:featuredmedia":[{"embeddable":true,"href":"https:\/\/tremunpiercing.com\/hr\/wp-json\/wp\/v2\/media\/23026"}],"wp:attachment":[{"href":"https:\/\/tremunpiercing.com\/hr\/wp-json\/wp\/v2\/media?parent=22696"}],"wp:term":[{"taxonomy":"product_brand","embeddable":true,"href":"https:\/\/tremunpiercing.com\/hr\/wp-json\/wp\/v2\/product_brand?post=22696"},{"taxonomy":"product_cat","embeddable":true,"href":"https:\/\/tremunpiercing.com\/hr\/wp-json\/wp\/v2\/product_cat?post=22696"},{"taxonomy":"product_tag","embeddable":true,"href":"https:\/\/tremunpiercing.com\/hr\/wp-json\/wp\/v2\/product_tag?post=22696"}],"curies":[{"name":"radni list","href":"https:\/\/api.w.org\/{rel}","templated":true}]}}