{"id":22698,"date":"2025-10-06T21:22:13","date_gmt":"2025-10-06T20:22:13","guid":{"rendered":"https:\/\/tremunpiercing.com\/?post_type=product&#038;p=22698"},"modified":"2026-04-15T15:30:27","modified_gmt":"2026-04-15T14:30:27","slug":"stacy-green-onyx","status":"publish","type":"product","link":"https:\/\/tremunpiercing.com\/hr\/product\/stacy-green-onyx\/","title":{"rendered":"Stacy \u2013 Zeleni oniks"},"content":{"rendered":"<p>Stacy Green Onix uklju\u010duje upe\u010datljiv tamnozeleni kamen od visokokvalitetnog implantatnog titana F-136, estetski ugodan i siguran za profesionalno piercing. Nakit s unutarnjim navojem zadovoljava potrebu za sigurnim i glatkim pristajanjem, savr\u0161en za zacijeljene piercinge i osobe s osjetljivom ko\u017eom.<\/p>\n<p>Bogati zeleni oniks pru\u017eit \u0107e elegantnu, uzemljuju\u0107u energiju - posebno privla\u010dnu za klijente koje privla\u010de prirodni tonovi i zemljaniji stilovi. Napravljen za dulje no\u0161enje, idealan je za piercing nosa, uha ili hrskavice. Izra\u0111en za sve piercing studije i profesionalnu upotrebu, komad koji spaja luksuz i trajnost.<\/p>","protected":false},"excerpt":{"rendered":"<ul>\n<li>Unutarnji navoj<\/li>\n<li>Materijal: Titanij F-136 za implantate<\/li>\n<li>Mjera\u010d: 16G<\/li>\n<li>Dragulj: <span data-sheets-root=\"1\">Zeleni oniks<\/span><\/li>\n<li>Veli\u010dina: 3,1 mm x 5,4 mm<\/li>\n<\/ul>","protected":false},"featured_media":23027,"comment_status":"closed","ping_status":"closed","template":"","meta":{"_acf_changed":false},"product_brand":[],"product_cat":[340,343],"product_tag":[187,179,180,188,209,189,210,211,212,199,190,183,213,184,214,185,207],"class_list":{"0":"post-22698","1":"product","2":"type-product","3":"status-publish","4":"has-post-thumbnail","6":"product_cat-titanium-jewelry","7":"product_cat-tops-titanium-jewelry","8":"product_tag-conch","9":"product_tag-cristal","10":"product_tag-cz","11":"product_tag-ear","12":"product_tag-faux-rook","13":"product_tag-helix","14":"product_tag-labret","15":"product_tag-lip","16":"product_tag-medusa","17":"product_tag-nostril","18":"product_tag-oreja","19":"product_tag-perforacion","20":"product_tag-philtrum","21":"product_tag-piercing","22":"product_tag-rook","23":"product_tag-shiny","24":"product_tag-tragus","26":"first","27":"instock","28":"taxable","29":"shipping-taxable","30":"purchasable","31":"product-type-simple"},"acf":[],"gallery_images":[27252,27251],"_links":{"self":[{"href":"https:\/\/tremunpiercing.com\/hr\/wp-json\/wp\/v2\/product\/22698","targetHints":{"allow":["GET"]}}],"collection":[{"href":"https:\/\/tremunpiercing.com\/hr\/wp-json\/wp\/v2\/product"}],"about":[{"href":"https:\/\/tremunpiercing.com\/hr\/wp-json\/wp\/v2\/types\/product"}],"replies":[{"embeddable":true,"href":"https:\/\/tremunpiercing.com\/hr\/wp-json\/wp\/v2\/comments?post=22698"}],"version-history":[{"count":1,"href":"https:\/\/tremunpiercing.com\/hr\/wp-json\/wp\/v2\/product\/22698\/revisions"}],"predecessor-version":[{"id":27253,"href":"https:\/\/tremunpiercing.com\/hr\/wp-json\/wp\/v2\/product\/22698\/revisions\/27253"}],"wp:featuredmedia":[{"embeddable":true,"href":"https:\/\/tremunpiercing.com\/hr\/wp-json\/wp\/v2\/media\/23027"}],"wp:attachment":[{"href":"https:\/\/tremunpiercing.com\/hr\/wp-json\/wp\/v2\/media?parent=22698"}],"wp:term":[{"taxonomy":"product_brand","embeddable":true,"href":"https:\/\/tremunpiercing.com\/hr\/wp-json\/wp\/v2\/product_brand?post=22698"},{"taxonomy":"product_cat","embeddable":true,"href":"https:\/\/tremunpiercing.com\/hr\/wp-json\/wp\/v2\/product_cat?post=22698"},{"taxonomy":"product_tag","embeddable":true,"href":"https:\/\/tremunpiercing.com\/hr\/wp-json\/wp\/v2\/product_tag?post=22698"}],"curies":[{"name":"radni list","href":"https:\/\/api.w.org\/{rel}","templated":true}]}}