{"id":22704,"date":"2025-10-06T21:26:43","date_gmt":"2025-10-06T20:26:43","guid":{"rendered":"https:\/\/tremunpiercing.com\/?post_type=product&#038;p=22704"},"modified":"2026-04-02T21:18:51","modified_gmt":"2026-04-02T20:18:51","slug":"stacy-white-moonstone","status":"publish","type":"product","link":"https:\/\/tremunpiercing.com\/hr\/product\/stacy-white-moonstone\/","title":{"rendered":"Stacy \u2013 Bijeli mjese\u010dev kamen"},"content":{"rendered":"<p>Dodajte da\u0161ak nebeske ljepote uz Stacy \u2013 zavr\u0161etak od bijelog mjese\u010devog kamena. S pravim kabo\u0161onom bijelog mjese\u010devog kamena, Stacy je zapanjuju\u0107a s mekom mlije\u010dnom bazom i prekrasnom plavom adularescencijom koja kao da sjaji iznutra. Izra\u0111ena od implantatnog titana F136, uklju\u010duje sigurni unutarnji navoj 16G.<\/p>\n<p>Eteri\u010dna i meka kvaliteta \u010dini ga odli\u010dnim izborom za anatomiju poput piercinga u nosu, gdje mo\u017ee ponuditi decentan sjaj, ili piercinga u obliku duhova, gdje se njegova misti\u010dna energija obi\u010dno cijeni. S mirnim i mjese\u010devim svojstvima kamena, uvijek \u0107e se osje\u0107ati bezvremenski. Ako \u017eelite svom studiju dati malo decentnog, magi\u010dnog glamura, ne tra\u017eite dalje od Stacy \u2013 bijelog mjese\u010devog kamena.<\/p>","protected":false},"excerpt":{"rendered":"<ul>\n<li>Unutarnji navoj<\/li>\n<li>Materijal: Titanij F-136 za implantate<\/li>\n<li>Mjera\u010d: 16G<\/li>\n<li>Dragulj: <span data-sheets-root=\"1\">Bijeli mjese\u010dev kamen<\/span><\/li>\n<li>Veli\u010dina: 3,1 mm x 5,4 mm<\/li>\n<\/ul>","protected":false},"featured_media":23024,"comment_status":"closed","ping_status":"closed","template":"","meta":{"_acf_changed":false},"product_brand":[],"product_cat":[340,343],"product_tag":[187,179,180,188,209,189,210,211,212,199,190,183,213,184,214,185,207],"class_list":{"0":"post-22704","1":"product","2":"type-product","3":"status-publish","4":"has-post-thumbnail","6":"product_cat-titanium-jewelry","7":"product_cat-tops-titanium-jewelry","8":"product_tag-conch","9":"product_tag-cristal","10":"product_tag-cz","11":"product_tag-ear","12":"product_tag-faux-rook","13":"product_tag-helix","14":"product_tag-labret","15":"product_tag-lip","16":"product_tag-medusa","17":"product_tag-nostril","18":"product_tag-oreja","19":"product_tag-perforacion","20":"product_tag-philtrum","21":"product_tag-piercing","22":"product_tag-rook","23":"product_tag-shiny","24":"product_tag-tragus","26":"first","27":"instock","28":"taxable","29":"shipping-taxable","30":"purchasable","31":"product-type-simple"},"acf":[],"gallery_images":[27246,27245],"_links":{"self":[{"href":"https:\/\/tremunpiercing.com\/hr\/wp-json\/wp\/v2\/product\/22704","targetHints":{"allow":["GET"]}}],"collection":[{"href":"https:\/\/tremunpiercing.com\/hr\/wp-json\/wp\/v2\/product"}],"about":[{"href":"https:\/\/tremunpiercing.com\/hr\/wp-json\/wp\/v2\/types\/product"}],"replies":[{"embeddable":true,"href":"https:\/\/tremunpiercing.com\/hr\/wp-json\/wp\/v2\/comments?post=22704"}],"version-history":[{"count":1,"href":"https:\/\/tremunpiercing.com\/hr\/wp-json\/wp\/v2\/product\/22704\/revisions"}],"predecessor-version":[{"id":27247,"href":"https:\/\/tremunpiercing.com\/hr\/wp-json\/wp\/v2\/product\/22704\/revisions\/27247"}],"wp:featuredmedia":[{"embeddable":true,"href":"https:\/\/tremunpiercing.com\/hr\/wp-json\/wp\/v2\/media\/23024"}],"wp:attachment":[{"href":"https:\/\/tremunpiercing.com\/hr\/wp-json\/wp\/v2\/media?parent=22704"}],"wp:term":[{"taxonomy":"product_brand","embeddable":true,"href":"https:\/\/tremunpiercing.com\/hr\/wp-json\/wp\/v2\/product_brand?post=22704"},{"taxonomy":"product_cat","embeddable":true,"href":"https:\/\/tremunpiercing.com\/hr\/wp-json\/wp\/v2\/product_cat?post=22704"},{"taxonomy":"product_tag","embeddable":true,"href":"https:\/\/tremunpiercing.com\/hr\/wp-json\/wp\/v2\/product_tag?post=22704"}],"curies":[{"name":"radni list","href":"https:\/\/api.w.org\/{rel}","templated":true}]}}