{"id":22730,"date":"2025-10-06T21:53:06","date_gmt":"2025-10-06T20:53:06","guid":{"rendered":"https:\/\/tremunpiercing.com\/?post_type=product&#038;p=22730"},"modified":"2026-04-18T22:16:27","modified_gmt":"2026-04-18T21:16:27","slug":"moon-scepter-ruby","status":"publish","type":"product","link":"https:\/\/tremunpiercing.com\/hr\/product\/moon-scepter-ruby\/","title":{"rendered":"Mjese\u010devo \u017eezlo \u2013 Rubin"},"content":{"rendered":"<p>Istaknite se s Mjese\u010devim \u017eezlom - rubinom, privla\u010dnim dizajnom za jedinstvene piercinge. Sadr\u017ei u\u017ee s unutarnjim navojem. Dizajn Mjese\u010devog \u017eezla izra\u0111en je od titana F136 implantatne kvalitete s polumjesecom na vrhu koji dr\u017ei skup crvenog kubnog cirkonija - bogate boje i utjecaja.<\/p>\n<p>S dimenzijama 6 mm x 15 mm, ova privla\u010dna silueta izra\u0111ena je za maksimalnu vidljivost. Ovaj komad je savr\u0161en za industrijske piercinge kako bi se u potpunosti iskoristila duljina ili \u0107e se istaknuti kao ukras za obrve. Bogati rubin CZ o\u017eivljava, hvataju\u0107i svjetlost iz svakog kuta. Nabavite Moon Scepter i omogu\u0107ite svojim klijentima da poka\u017eu smjele i opse\u017ene izglede, kombiniraju\u0107i fantaziju i profesionalnu kvalitetu.<\/p>","protected":false},"excerpt":{"rendered":"<ul>\n<li>Unutarnji navoj<\/li>\n<li>Materijal: Titanij F-136 za implantate<\/li>\n<li>Dragulj: Kubni cirkonij<\/li>\n<li>Mjera\u010d: 16G<\/li>\n<li>Veli\u010dina: 6 mm x 15 mm<\/li>\n<\/ul>","protected":false},"featured_media":22731,"comment_status":"closed","ping_status":"closed","template":"","meta":{"_acf_changed":false},"product_brand":[],"product_cat":[340,343],"product_tag":[187,188,189,205,206,212,190,183,213,184,207],"class_list":{"0":"post-22730","1":"product","2":"type-product","3":"status-publish","4":"has-post-thumbnail","6":"product_cat-titanium-jewelry","7":"product_cat-tops-titanium-jewelry","8":"product_tag-conch","9":"product_tag-ear","10":"product_tag-helix","11":"product_tag-lobe","12":"product_tag-lobulo","13":"product_tag-medusa","14":"product_tag-oreja","15":"product_tag-perforacion","16":"product_tag-philtrum","17":"product_tag-piercing","18":"product_tag-tragus","20":"first","21":"instock","22":"taxable","23":"shipping-taxable","24":"purchasable","25":"product-type-simple"},"acf":[],"gallery_images":[27225,27224],"_links":{"self":[{"href":"https:\/\/tremunpiercing.com\/hr\/wp-json\/wp\/v2\/product\/22730","targetHints":{"allow":["GET"]}}],"collection":[{"href":"https:\/\/tremunpiercing.com\/hr\/wp-json\/wp\/v2\/product"}],"about":[{"href":"https:\/\/tremunpiercing.com\/hr\/wp-json\/wp\/v2\/types\/product"}],"replies":[{"embeddable":true,"href":"https:\/\/tremunpiercing.com\/hr\/wp-json\/wp\/v2\/comments?post=22730"}],"version-history":[{"count":1,"href":"https:\/\/tremunpiercing.com\/hr\/wp-json\/wp\/v2\/product\/22730\/revisions"}],"predecessor-version":[{"id":27226,"href":"https:\/\/tremunpiercing.com\/hr\/wp-json\/wp\/v2\/product\/22730\/revisions\/27226"}],"wp:featuredmedia":[{"embeddable":true,"href":"https:\/\/tremunpiercing.com\/hr\/wp-json\/wp\/v2\/media\/22731"}],"wp:attachment":[{"href":"https:\/\/tremunpiercing.com\/hr\/wp-json\/wp\/v2\/media?parent=22730"}],"wp:term":[{"taxonomy":"product_brand","embeddable":true,"href":"https:\/\/tremunpiercing.com\/hr\/wp-json\/wp\/v2\/product_brand?post=22730"},{"taxonomy":"product_cat","embeddable":true,"href":"https:\/\/tremunpiercing.com\/hr\/wp-json\/wp\/v2\/product_cat?post=22730"},{"taxonomy":"product_tag","embeddable":true,"href":"https:\/\/tremunpiercing.com\/hr\/wp-json\/wp\/v2\/product_tag?post=22730"}],"curies":[{"name":"radni list","href":"https:\/\/api.w.org\/{rel}","templated":true}]}}