{"id":22747,"date":"2025-10-06T22:22:46","date_gmt":"2025-10-06T21:22:46","guid":{"rendered":"https:\/\/tremunpiercing.com\/?post_type=product&#038;p=22747"},"modified":"2026-04-20T17:28:08","modified_gmt":"2026-04-20T16:28:08","slug":"trinity-moon","status":"publish","type":"product","link":"https:\/\/tremunpiercing.com\/hr\/product\/trinity-moon\/","title":{"rendered":"Trojstvo Mjesec"},"content":{"rendered":"<p data-start=\"7812\" data-end=\"8463\">Inspiriran nebeskom harmonijom, <em data-start=\"7878\" data-end=\"7892\">Trojstvo Mjesec<\/em> Nau\u0161nica unosi sanjivu sofisticiranost u va\u0161u kolekciju piercinga. Izra\u0111en od titana F-136 implantatne kvalitete, sadr\u017ei trio kubnih cirkonija koji tvore nje\u017enu siluetu polumjeseca. Dizajn s unutarnjim navojem osigurava glatku primjenu i cjelodnevnu udobnost, \u0161to ga \u010dini profesionalnim favoritom. Savr\u0161en za postavljanje u helix, tragus ili lobus, ovaj komad dodaje da\u0161ak kozmi\u010dkog sjaja bez da prenagla\u0161ava va\u0161 izgled. Trinity Moon savr\u0161ena je ravnote\u017ea modernog minimalizma i nebeskog \u0161arma - neophodan za svakoga tko obo\u017eava graciozan, bezvremenski nakit.<\/p>\n<p data-start=\"8465\" data-end=\"8660\">","protected":false},"excerpt":{"rendered":"<ul>\n<li>Unutarnji navoj<\/li>\n<li>Materijal: Titanij F-136 za implantate<\/li>\n<li>Dragulj: Kubni cirkonij<\/li>\n<li>Mjera\u010d: 16G<\/li>\n<li>Veli\u010dina: 7 mm<\/li>\n<\/ul>","protected":false},"featured_media":22748,"comment_status":"closed","ping_status":"closed","template":"","meta":{"_acf_changed":false},"product_brand":[],"product_cat":[340,343],"product_tag":[187,188,189,205,206,212,190,183,213,184,207],"class_list":{"0":"post-22747","1":"product","2":"type-product","3":"status-publish","4":"has-post-thumbnail","6":"product_cat-titanium-jewelry","7":"product_cat-tops-titanium-jewelry","8":"product_tag-conch","9":"product_tag-ear","10":"product_tag-helix","11":"product_tag-lobe","12":"product_tag-lobulo","13":"product_tag-medusa","14":"product_tag-oreja","15":"product_tag-perforacion","16":"product_tag-philtrum","17":"product_tag-piercing","18":"product_tag-tragus","20":"first","21":"instock","22":"taxable","23":"shipping-taxable","24":"purchasable","25":"product-type-simple"},"acf":[],"gallery_images":[27204,27205],"_links":{"self":[{"href":"https:\/\/tremunpiercing.com\/hr\/wp-json\/wp\/v2\/product\/22747","targetHints":{"allow":["GET"]}}],"collection":[{"href":"https:\/\/tremunpiercing.com\/hr\/wp-json\/wp\/v2\/product"}],"about":[{"href":"https:\/\/tremunpiercing.com\/hr\/wp-json\/wp\/v2\/types\/product"}],"replies":[{"embeddable":true,"href":"https:\/\/tremunpiercing.com\/hr\/wp-json\/wp\/v2\/comments?post=22747"}],"version-history":[{"count":1,"href":"https:\/\/tremunpiercing.com\/hr\/wp-json\/wp\/v2\/product\/22747\/revisions"}],"predecessor-version":[{"id":27206,"href":"https:\/\/tremunpiercing.com\/hr\/wp-json\/wp\/v2\/product\/22747\/revisions\/27206"}],"wp:featuredmedia":[{"embeddable":true,"href":"https:\/\/tremunpiercing.com\/hr\/wp-json\/wp\/v2\/media\/22748"}],"wp:attachment":[{"href":"https:\/\/tremunpiercing.com\/hr\/wp-json\/wp\/v2\/media?parent=22747"}],"wp:term":[{"taxonomy":"product_brand","embeddable":true,"href":"https:\/\/tremunpiercing.com\/hr\/wp-json\/wp\/v2\/product_brand?post=22747"},{"taxonomy":"product_cat","embeddable":true,"href":"https:\/\/tremunpiercing.com\/hr\/wp-json\/wp\/v2\/product_cat?post=22747"},{"taxonomy":"product_tag","embeddable":true,"href":"https:\/\/tremunpiercing.com\/hr\/wp-json\/wp\/v2\/product_tag?post=22747"}],"curies":[{"name":"radni list","href":"https:\/\/api.w.org\/{rel}","templated":true}]}}