{"id":22753,"date":"2025-10-06T22:30:25","date_gmt":"2025-10-06T21:30:25","guid":{"rendered":"https:\/\/tremunpiercing.com\/?post_type=product&#038;p=22753"},"modified":"2026-04-19T23:03:55","modified_gmt":"2026-04-19T22:03:55","slug":"keri","status":"publish","type":"product","link":"https:\/\/tremunpiercing.com\/hr\/product\/keri\/","title":{"rendered":"Keri"},"content":{"rendered":"<p>Kerijev unutarnji navoj od titana uvodi jednostavnu komponentu ljepote u profesionalni nakit za piercing tijela. Izra\u0111en od kirur\u0161kog titana (F-136), Kerijev stupi\u0107 je hipoalergen, pouzdan i sjajan. Kubni cirkonij mo\u017ee pru\u017eiti nevjerojatan sjaj klijentima koji tra\u017ee klasi\u010dan pristup s dodatnim zaokretom. Kerijev nakit dostupan je s unutarnjim navojem od 16G za besprijekornu i brzu ugradnju uz minimalno trenje tijekom ugradnje.<\/p>\n<p>Keri se mo\u017ee koristiti na bilo kojem mjestu, kao \u0161to je uho, usna ili spiralna hrskavica, poma\u017eu\u0107i profesionalcima koji tra\u017ee kvalitetu i prakti\u010dnost. Keri Top preporu\u010duju studiji diljem Europe i SAD-a. Keri vrhovi imaju iznimnu vrijednost, izvrsnu pristupa\u010dnost, visoku preciznost, dugotrajno habanje i izdr\u017eljivost. Savr\u0161en dodatak za zaokru\u017eivanje va\u0161eg profesionalnog nakita i pribora za piercing!<\/p>\n<p>&nbsp;<\/p>","protected":false},"excerpt":{"rendered":"<ul>\n<li>Unutarnji navoj<\/li>\n<li>Materijal: Titanij F-136 za implantate<\/li>\n<li>Dragulj: Kubni cirkonij<\/li>\n<li>Mjera\u010d: 16G<\/li>\n<li>Veli\u010dina: 5 mm<\/li>\n<\/ul>","protected":false},"featured_media":22754,"comment_status":"closed","ping_status":"closed","template":"","meta":{"_acf_changed":false},"product_brand":[],"product_cat":[340,343],"product_tag":[187,188,189,205,206,212,190,183,213,184,207],"class_list":{"0":"post-22753","1":"product","2":"type-product","3":"status-publish","4":"has-post-thumbnail","6":"product_cat-titanium-jewelry","7":"product_cat-tops-titanium-jewelry","8":"product_tag-conch","9":"product_tag-ear","10":"product_tag-helix","11":"product_tag-lobe","12":"product_tag-lobulo","13":"product_tag-medusa","14":"product_tag-oreja","15":"product_tag-perforacion","16":"product_tag-philtrum","17":"product_tag-piercing","18":"product_tag-tragus","20":"first","21":"instock","22":"taxable","23":"shipping-taxable","24":"purchasable","25":"product-type-simple"},"acf":[],"gallery_images":[27188,27187],"_links":{"self":[{"href":"https:\/\/tremunpiercing.com\/hr\/wp-json\/wp\/v2\/product\/22753","targetHints":{"allow":["GET"]}}],"collection":[{"href":"https:\/\/tremunpiercing.com\/hr\/wp-json\/wp\/v2\/product"}],"about":[{"href":"https:\/\/tremunpiercing.com\/hr\/wp-json\/wp\/v2\/types\/product"}],"replies":[{"embeddable":true,"href":"https:\/\/tremunpiercing.com\/hr\/wp-json\/wp\/v2\/comments?post=22753"}],"version-history":[{"count":1,"href":"https:\/\/tremunpiercing.com\/hr\/wp-json\/wp\/v2\/product\/22753\/revisions"}],"predecessor-version":[{"id":27189,"href":"https:\/\/tremunpiercing.com\/hr\/wp-json\/wp\/v2\/product\/22753\/revisions\/27189"}],"wp:featuredmedia":[{"embeddable":true,"href":"https:\/\/tremunpiercing.com\/hr\/wp-json\/wp\/v2\/media\/22754"}],"wp:attachment":[{"href":"https:\/\/tremunpiercing.com\/hr\/wp-json\/wp\/v2\/media?parent=22753"}],"wp:term":[{"taxonomy":"product_brand","embeddable":true,"href":"https:\/\/tremunpiercing.com\/hr\/wp-json\/wp\/v2\/product_brand?post=22753"},{"taxonomy":"product_cat","embeddable":true,"href":"https:\/\/tremunpiercing.com\/hr\/wp-json\/wp\/v2\/product_cat?post=22753"},{"taxonomy":"product_tag","embeddable":true,"href":"https:\/\/tremunpiercing.com\/hr\/wp-json\/wp\/v2\/product_tag?post=22753"}],"curies":[{"name":"radni list","href":"https:\/\/api.w.org\/{rel}","templated":true}]}}