{"id":22788,"date":"2025-10-07T22:57:35","date_gmt":"2025-10-07T21:57:35","guid":{"rendered":"https:\/\/tremunpiercing.com\/?post_type=product&#038;p=22788"},"modified":"2026-04-20T17:28:21","modified_gmt":"2026-04-20T16:28:21","slug":"crown-spike-moss-agate","status":"publish","type":"product","link":"https:\/\/tremunpiercing.com\/hr\/product\/crown-spike-moss-agate\/","title":{"rendered":"Krunski klas \u2013 mahovinski ahat"},"content":{"rendered":"<p>Nau\u0161nica Crown Spike Moss Agate odra\u017eava samouvjerenu eleganciju i prizemnu ljepotu. Izra\u0111ena ru\u010dno od titana F-136 implantatne kvalitete, sadr\u017ei prirodni dragi kamen Mahovinasti Agate, koji prikazuje organske zelene uzorke i cijenjen je zbog svoje uzemljuju\u0107e energije. Okvir u obliku krune daje da\u0161ak kraljevske o\u0161trine, dok detalji \u0161iljaka daju komadu moderan, umjetni\u010dki osje\u0107aj.<\/p>\n<p>Dostupna u 16G-14G kako bi odgovarala svima s preferiranim stilom piercinga i upe\u010datljivim karakterom, utjelovljuje umjetni\u010dki pristup elegantnoj nau\u0161nici. Kao i sav Pierce nakit, ima unutarnji navoj za jednostavno kori\u0161tenje i funkcionalno je ozbiljna u pogledu udobnosti i sigurnosti. Ovaj komad kombinira sirovu prirodu s dovr\u0161enom ljepotom i izvrstan je za stvaranje neusporedivog, prepoznatljivog izgleda luksuznog nakita.<\/p>","protected":false},"excerpt":{"rendered":"<ul>\n<li>Unutarnji navoj<\/li>\n<li>Materijal: Titanij F-136 za implantate<\/li>\n<li>Dragulj: <span data-sheets-root=\"1\">Mahovinski ahat<\/span><\/li>\n<li>Mjera\u010d: 16G \u2013 14G<\/li>\n<li>Veli\u010dina: 4 mm x 4 mm<\/li>\n<\/ul>","protected":false},"featured_media":23004,"comment_status":"closed","ping_status":"closed","template":"","meta":{"_acf_changed":false},"product_brand":[],"product_cat":[340,343],"product_tag":[187,188,189,205,206,212,190,183,213,184,207],"class_list":{"0":"post-22788","1":"product","2":"type-product","3":"status-publish","4":"has-post-thumbnail","6":"product_cat-titanium-jewelry","7":"product_cat-tops-titanium-jewelry","8":"product_tag-conch","9":"product_tag-ear","10":"product_tag-helix","11":"product_tag-lobe","12":"product_tag-lobulo","13":"product_tag-medusa","14":"product_tag-oreja","15":"product_tag-perforacion","16":"product_tag-philtrum","17":"product_tag-piercing","18":"product_tag-tragus","20":"first","21":"instock","22":"taxable","23":"shipping-taxable","24":"purchasable","25":"product-type-variable"},"acf":[],"gallery_images":[27217,27218],"_links":{"self":[{"href":"https:\/\/tremunpiercing.com\/hr\/wp-json\/wp\/v2\/product\/22788","targetHints":{"allow":["GET"]}}],"collection":[{"href":"https:\/\/tremunpiercing.com\/hr\/wp-json\/wp\/v2\/product"}],"about":[{"href":"https:\/\/tremunpiercing.com\/hr\/wp-json\/wp\/v2\/types\/product"}],"replies":[{"embeddable":true,"href":"https:\/\/tremunpiercing.com\/hr\/wp-json\/wp\/v2\/comments?post=22788"}],"version-history":[{"count":1,"href":"https:\/\/tremunpiercing.com\/hr\/wp-json\/wp\/v2\/product\/22788\/revisions"}],"predecessor-version":[{"id":27219,"href":"https:\/\/tremunpiercing.com\/hr\/wp-json\/wp\/v2\/product\/22788\/revisions\/27219"}],"wp:featuredmedia":[{"embeddable":true,"href":"https:\/\/tremunpiercing.com\/hr\/wp-json\/wp\/v2\/media\/23004"}],"wp:attachment":[{"href":"https:\/\/tremunpiercing.com\/hr\/wp-json\/wp\/v2\/media?parent=22788"}],"wp:term":[{"taxonomy":"product_brand","embeddable":true,"href":"https:\/\/tremunpiercing.com\/hr\/wp-json\/wp\/v2\/product_brand?post=22788"},{"taxonomy":"product_cat","embeddable":true,"href":"https:\/\/tremunpiercing.com\/hr\/wp-json\/wp\/v2\/product_cat?post=22788"},{"taxonomy":"product_tag","embeddable":true,"href":"https:\/\/tremunpiercing.com\/hr\/wp-json\/wp\/v2\/product_tag?post=22788"}],"curies":[{"name":"radni list","href":"https:\/\/api.w.org\/{rel}","templated":true}]}}