{"id":22793,"date":"2025-10-07T23:05:07","date_gmt":"2025-10-07T22:05:07","guid":{"rendered":"https:\/\/tremunpiercing.com\/?post_type=product&#038;p=22793"},"modified":"2026-04-10T22:53:58","modified_gmt":"2026-04-10T21:53:58","slug":"clara-white-ab","status":"publish","type":"product","link":"https:\/\/tremunpiercing.com\/hr\/product\/clara-white-ab\/","title":{"rendered":"Clara \u2013 White \/ AB"},"content":{"rendered":"<p>Prsten s \u0161arkama Clara White AB blista opalescentnijim sjajem i snagom titana. Izra\u0111en od titana implantatne kvalitete (F-136), ovaj komad nakita je potpuno bezopasan, nereaktivan i napravljen za dugogodi\u0161nje no\u0161enje. Sjajni bijeli opal smje\u0161ten izme\u0111u kubnog cirkonija Aurora Borealis nudi stalno promjenjivi sjaj nalik dugi koji \u0107e privu\u0107i svaki pogled koji vas pogleda.<\/p>\n<p>S promjerom od 8 mm i debljinom od 16G, prsten udobno pristaje za septum, helix ili daith piercing. Dizajn \u0161arki je visoke preciznosti, \u0161to ga \u010dini sigurnim i jednostavnim za no\u0161enje. Za piercere i fizi\u010dke trgovine koji tra\u017ee visokokvalitetni modni nakit koji se ne mo\u017ee zanemariti, Clara AB ispunjava taj zahtjev kombiniraju\u0107i moderni glamur s medicinskom kvalitetom. Prsten utjelovljuje spoj umjetnosti i znanosti u nakitu za tijelo.<\/p>","protected":false},"excerpt":{"rendered":"<ul>\n<li>Zglobni prsten<\/li>\n<li>Materijal: Titanij F-136 za implantate<\/li>\n<li>Promjer: 8 mm<\/li>\n<li>Mjera\u010d: 16G<\/li>\n<li>Dragulj: Opal i kubni cirkonij<\/li>\n<\/ul>","protected":false},"featured_media":22794,"comment_status":"closed","ping_status":"closed","template":"","meta":{"_acf_changed":false},"product_brand":[],"product_cat":[341,340],"product_tag":[192,193,202,179,180,194,188,189,195,196,226,190,183,184,197,198],"class_list":{"0":"post-22793","1":"product","2":"type-product","3":"status-publish","4":"has-post-thumbnail","6":"product_cat-rings-titanium-jewelry","7":"product_cat-titanium-jewelry","8":"product_tag-anillo","9":"product_tag-argolla","10":"product_tag-clicker","11":"product_tag-cristal","12":"product_tag-cz","13":"product_tag-daith","14":"product_tag-ear","15":"product_tag-helix","16":"product_tag-hinged-ring","17":"product_tag-nariz","18":"product_tag-opal","19":"product_tag-oreja","20":"product_tag-perforacion","21":"product_tag-piercing","22":"product_tag-ring","23":"product_tag-septum","25":"first","26":"instock","27":"taxable","28":"shipping-taxable","29":"purchasable","30":"product-type-simple"},"acf":[],"gallery_images":[27195,27196],"_links":{"self":[{"href":"https:\/\/tremunpiercing.com\/hr\/wp-json\/wp\/v2\/product\/22793","targetHints":{"allow":["GET"]}}],"collection":[{"href":"https:\/\/tremunpiercing.com\/hr\/wp-json\/wp\/v2\/product"}],"about":[{"href":"https:\/\/tremunpiercing.com\/hr\/wp-json\/wp\/v2\/types\/product"}],"replies":[{"embeddable":true,"href":"https:\/\/tremunpiercing.com\/hr\/wp-json\/wp\/v2\/comments?post=22793"}],"version-history":[{"count":1,"href":"https:\/\/tremunpiercing.com\/hr\/wp-json\/wp\/v2\/product\/22793\/revisions"}],"predecessor-version":[{"id":27197,"href":"https:\/\/tremunpiercing.com\/hr\/wp-json\/wp\/v2\/product\/22793\/revisions\/27197"}],"wp:featuredmedia":[{"embeddable":true,"href":"https:\/\/tremunpiercing.com\/hr\/wp-json\/wp\/v2\/media\/22794"}],"wp:attachment":[{"href":"https:\/\/tremunpiercing.com\/hr\/wp-json\/wp\/v2\/media?parent=22793"}],"wp:term":[{"taxonomy":"product_brand","embeddable":true,"href":"https:\/\/tremunpiercing.com\/hr\/wp-json\/wp\/v2\/product_brand?post=22793"},{"taxonomy":"product_cat","embeddable":true,"href":"https:\/\/tremunpiercing.com\/hr\/wp-json\/wp\/v2\/product_cat?post=22793"},{"taxonomy":"product_tag","embeddable":true,"href":"https:\/\/tremunpiercing.com\/hr\/wp-json\/wp\/v2\/product_tag?post=22793"}],"curies":[{"name":"radni list","href":"https:\/\/api.w.org\/{rel}","templated":true}]}}