{"id":22869,"date":"2025-10-09T21:58:21","date_gmt":"2025-10-09T20:58:21","guid":{"rendered":"https:\/\/tremunpiercing.com\/?post_type=product&#038;p=22869"},"modified":"2026-04-08T13:03:17","modified_gmt":"2026-04-08T12:03:17","slug":"reiko-light-peony","status":"publish","type":"product","link":"https:\/\/tremunpiercing.com\/hr\/product\/reiko-light-peony\/","title":{"rendered":"Reiko \u2013 Svijetli bo\u017eur"},"content":{"rendered":"<p>Nje\u017ean, \u017eenstven i blistav - Reiko kliker prsten s uzorkom svijetlog bo\u017eura unosi meku eleganciju u svaki piercing. Izra\u0111en od titana implantatne kvalitete (F-136), nudi vrhunsku sigurnost, otpornost na koroziju i udobnost za profesionalnu primjenu. Dragulj svijetlog bo\u017eur opala hvata svjetlost za suptilan ru\u017ei\u010dasti i prelijevaju\u0107i osje\u0107aj, dodaju\u0107i romanti\u010dan, blistav izgled svakom izgledu.<\/p>\n<p>S promjerom od 8 mm i debljinom od 16G, izvrstan je za piercing septuma, daitha ili hrskavice, s fleksibilno\u0161\u0107u i zatvara\u010dem koji se lako koristi u studiju. Ovaj kliker od titana pokazuje vrhunsku ravnote\u017eu minimalizma i luksuza za one koji daju prioritet modi i sigurnosti ko\u017ee kada je u pitanju ten, stil i dizajn. Idealan je za studije za piercing i prodava\u010de nakita koji \u017eele izlo\u017eiti hipoalergene, izdr\u017eljive dodatke koji blistaju u svakom detalju.<\/p>","protected":false},"excerpt":{"rendered":"<ul>\n<li>Kliker prsten<\/li>\n<li>Materijal: Titanij F-136 za implantate<\/li>\n<li>Promjer: 8 mm<\/li>\n<li>Mjera\u010d: 16G<\/li>\n<li>Dragulj: Svijetli bo\u017eur opal<\/li>\n<\/ul>","protected":false},"featured_media":22870,"comment_status":"closed","ping_status":"closed","template":"","meta":{"_acf_changed":false},"product_brand":[],"product_cat":[341,340],"product_tag":[192,193,202,179,180,194,188,189,195,196,226,190,183,184,197,198],"class_list":{"0":"post-22869","1":"product","2":"type-product","3":"status-publish","4":"has-post-thumbnail","6":"product_cat-rings-titanium-jewelry","7":"product_cat-titanium-jewelry","8":"product_tag-anillo","9":"product_tag-argolla","10":"product_tag-clicker","11":"product_tag-cristal","12":"product_tag-cz","13":"product_tag-daith","14":"product_tag-ear","15":"product_tag-helix","16":"product_tag-hinged-ring","17":"product_tag-nariz","18":"product_tag-opal","19":"product_tag-oreja","20":"product_tag-perforacion","21":"product_tag-piercing","22":"product_tag-ring","23":"product_tag-septum","25":"first","26":"instock","27":"taxable","28":"shipping-taxable","29":"purchasable","30":"product-type-simple"},"acf":[],"gallery_images":[27172,27171],"_links":{"self":[{"href":"https:\/\/tremunpiercing.com\/hr\/wp-json\/wp\/v2\/product\/22869","targetHints":{"allow":["GET"]}}],"collection":[{"href":"https:\/\/tremunpiercing.com\/hr\/wp-json\/wp\/v2\/product"}],"about":[{"href":"https:\/\/tremunpiercing.com\/hr\/wp-json\/wp\/v2\/types\/product"}],"replies":[{"embeddable":true,"href":"https:\/\/tremunpiercing.com\/hr\/wp-json\/wp\/v2\/comments?post=22869"}],"version-history":[{"count":1,"href":"https:\/\/tremunpiercing.com\/hr\/wp-json\/wp\/v2\/product\/22869\/revisions"}],"predecessor-version":[{"id":27173,"href":"https:\/\/tremunpiercing.com\/hr\/wp-json\/wp\/v2\/product\/22869\/revisions\/27173"}],"wp:featuredmedia":[{"embeddable":true,"href":"https:\/\/tremunpiercing.com\/hr\/wp-json\/wp\/v2\/media\/22870"}],"wp:attachment":[{"href":"https:\/\/tremunpiercing.com\/hr\/wp-json\/wp\/v2\/media?parent=22869"}],"wp:term":[{"taxonomy":"product_brand","embeddable":true,"href":"https:\/\/tremunpiercing.com\/hr\/wp-json\/wp\/v2\/product_brand?post=22869"},{"taxonomy":"product_cat","embeddable":true,"href":"https:\/\/tremunpiercing.com\/hr\/wp-json\/wp\/v2\/product_cat?post=22869"},{"taxonomy":"product_tag","embeddable":true,"href":"https:\/\/tremunpiercing.com\/hr\/wp-json\/wp\/v2\/product_tag?post=22869"}],"curies":[{"name":"radni list","href":"https:\/\/api.w.org\/{rel}","templated":true}]}}