{"id":23031,"date":"2025-10-10T23:09:11","date_gmt":"2025-10-10T22:09:11","guid":{"rendered":"https:\/\/tremunpiercing.com\/?post_type=product&#038;p=23031"},"modified":"2026-03-31T14:22:42","modified_gmt":"2026-03-31T13:22:42","slug":"natalie-black-cz","status":"publish","type":"product","link":"https:\/\/tremunpiercing.com\/hr\/product\/natalie-black-cz\/","title":{"rendered":"Natalie \u2013 Crna CZ"},"content":{"rendered":"<p>Smion i bezbri\u017eno moderan, Natalie Black CZ nau\u0161nica dodaje da\u0161ak sofisticiranosti svakom piercingu. Bogati, blistavi crni kubni cirkonij odi\u0161e aurom intrige i samopouzdanja, dok istovremeno nje\u017eno svjetluca. Izra\u0111en od titana F-136 implantatne kvalitete, ovaj komad odi\u0161e snagom, sigurno\u0161\u0107u, hipoalergeno\u0161\u0107u i udobno\u0161\u0107u za svakodnevnu upotrebu.<\/p>\n<p>S unutarnjim navojem, nau\u0161nica omogu\u0107uje jednostavno umetanje i nastavlja dugovje\u010dnost svog dizajna, \u0161to je izvrsno i za profesionalce i za stiliste. Mo\u017eete je nositi vi\u0161e komada s kontrastnim svijetlim metalik detaljima ili je nositi samostalno za jednostavan monokromatski izgled; Natalie Black podi\u017ee minimalizam, a istovremeno pokazuje stav. Savr\u0161ena je za kreiranje tihe, ali samouvjerene elegantne luksuzne kolekcije za klijente koji vole piercing.<\/p>","protected":false},"excerpt":{"rendered":"<ul>\n<li>Unutarnji navoj<\/li>\n<li>Materijal: Titanij F-136 za implantate<\/li>\n<li>Dragulj: Kubni cirkonij<\/li>\n<li>Mjera\u010d: 16G<\/li>\n<\/ul>","protected":false},"featured_media":23032,"comment_status":"closed","ping_status":"closed","template":"","meta":{"_acf_changed":false},"product_brand":[],"product_cat":[340,343],"product_tag":[187,188,189,205,206,212,190,183,213,184,207],"class_list":{"0":"post-23031","1":"product","2":"type-product","3":"status-publish","4":"has-post-thumbnail","6":"product_cat-titanium-jewelry","7":"product_cat-tops-titanium-jewelry","8":"product_tag-conch","9":"product_tag-ear","10":"product_tag-helix","11":"product_tag-lobe","12":"product_tag-lobulo","13":"product_tag-medusa","14":"product_tag-oreja","15":"product_tag-perforacion","16":"product_tag-philtrum","17":"product_tag-piercing","18":"product_tag-tragus","20":"first","21":"instock","22":"taxable","23":"shipping-taxable","24":"purchasable","25":"product-type-simple"},"acf":[],"gallery_images":[27121,27122],"_links":{"self":[{"href":"https:\/\/tremunpiercing.com\/hr\/wp-json\/wp\/v2\/product\/23031","targetHints":{"allow":["GET"]}}],"collection":[{"href":"https:\/\/tremunpiercing.com\/hr\/wp-json\/wp\/v2\/product"}],"about":[{"href":"https:\/\/tremunpiercing.com\/hr\/wp-json\/wp\/v2\/types\/product"}],"replies":[{"embeddable":true,"href":"https:\/\/tremunpiercing.com\/hr\/wp-json\/wp\/v2\/comments?post=23031"}],"version-history":[{"count":1,"href":"https:\/\/tremunpiercing.com\/hr\/wp-json\/wp\/v2\/product\/23031\/revisions"}],"predecessor-version":[{"id":27123,"href":"https:\/\/tremunpiercing.com\/hr\/wp-json\/wp\/v2\/product\/23031\/revisions\/27123"}],"wp:featuredmedia":[{"embeddable":true,"href":"https:\/\/tremunpiercing.com\/hr\/wp-json\/wp\/v2\/media\/23032"}],"wp:attachment":[{"href":"https:\/\/tremunpiercing.com\/hr\/wp-json\/wp\/v2\/media?parent=23031"}],"wp:term":[{"taxonomy":"product_brand","embeddable":true,"href":"https:\/\/tremunpiercing.com\/hr\/wp-json\/wp\/v2\/product_brand?post=23031"},{"taxonomy":"product_cat","embeddable":true,"href":"https:\/\/tremunpiercing.com\/hr\/wp-json\/wp\/v2\/product_cat?post=23031"},{"taxonomy":"product_tag","embeddable":true,"href":"https:\/\/tremunpiercing.com\/hr\/wp-json\/wp\/v2\/product_tag?post=23031"}],"curies":[{"name":"radni list","href":"https:\/\/api.w.org\/{rel}","templated":true}]}}