{"id":23034,"date":"2025-10-10T23:11:41","date_gmt":"2025-10-10T22:11:41","guid":{"rendered":"https:\/\/tremunpiercing.com\/?post_type=product&#038;p=23034"},"modified":"2026-04-02T14:43:22","modified_gmt":"2026-04-02T13:43:22","slug":"natalie-peridot-cz","status":"publish","type":"product","link":"https:\/\/tremunpiercing.com\/hr\/product\/natalie-peridot-cz\/","title":{"rendered":"Natalie \u2013 Peridot CZ"},"content":{"rendered":"<p>Svje\u017e, veseo i pun \u017eivota, Natalie Peridot CZ najbolja je opcija za dodavanje da\u0161ka zelene va\u0161em izgledu. Briljantni peridot dragi kamen blista prirodnim sjajem i odra\u017eava obnovu i optimizam. Izra\u0111en od titana F-136 implantatne kvalitete, nudi dugotrajan sjaj, udobnost sigurnu za ko\u017eu i otpornost na koroziju - za osjetljive korisnike, ovo je obavezno.<\/p>\n<p>Njegov dizajn s unutarnjim navojem osigurava glatko\u0107u i sigurnost, a vjeruju mu i profesionalci i ljubitelji nakita. Natalie Peridot izgleda sjajno u piercingu helixa, lobe ili tragusa i odli\u010dan je kao minimalisti\u010dki komad ili kao dio grupe nakita. S ovim briljantno zelenim kamenom mo\u017eete svom stilu dodati osvje\u017eavaju\u0107i da\u0161ak boje i bezvremenske kvalitete!<\/p>","protected":false},"excerpt":{"rendered":"<ul>\n<li>Unutarnji navoj<\/li>\n<li>Materijal: Titanij F-136 za implantate<\/li>\n<li>Dragulj: Peridot<\/li>\n<li>Mjera\u010d: 16G<\/li>\n<\/ul>","protected":false},"featured_media":23035,"comment_status":"closed","ping_status":"closed","template":"","meta":{"_acf_changed":false},"product_brand":[],"product_cat":[340,343],"product_tag":[187,188,189,205,206,212,190,183,213,184,207],"class_list":{"0":"post-23034","1":"product","2":"type-product","3":"status-publish","4":"has-post-thumbnail","6":"product_cat-titanium-jewelry","7":"product_cat-tops-titanium-jewelry","8":"product_tag-conch","9":"product_tag-ear","10":"product_tag-helix","11":"product_tag-lobe","12":"product_tag-lobulo","13":"product_tag-medusa","14":"product_tag-oreja","15":"product_tag-perforacion","16":"product_tag-philtrum","17":"product_tag-piercing","18":"product_tag-tragus","20":"first","21":"instock","22":"taxable","23":"shipping-taxable","24":"purchasable","25":"product-type-simple"},"acf":[],"gallery_images":[27119,27118],"_links":{"self":[{"href":"https:\/\/tremunpiercing.com\/hr\/wp-json\/wp\/v2\/product\/23034","targetHints":{"allow":["GET"]}}],"collection":[{"href":"https:\/\/tremunpiercing.com\/hr\/wp-json\/wp\/v2\/product"}],"about":[{"href":"https:\/\/tremunpiercing.com\/hr\/wp-json\/wp\/v2\/types\/product"}],"replies":[{"embeddable":true,"href":"https:\/\/tremunpiercing.com\/hr\/wp-json\/wp\/v2\/comments?post=23034"}],"version-history":[{"count":1,"href":"https:\/\/tremunpiercing.com\/hr\/wp-json\/wp\/v2\/product\/23034\/revisions"}],"predecessor-version":[{"id":27120,"href":"https:\/\/tremunpiercing.com\/hr\/wp-json\/wp\/v2\/product\/23034\/revisions\/27120"}],"wp:featuredmedia":[{"embeddable":true,"href":"https:\/\/tremunpiercing.com\/hr\/wp-json\/wp\/v2\/media\/23035"}],"wp:attachment":[{"href":"https:\/\/tremunpiercing.com\/hr\/wp-json\/wp\/v2\/media?parent=23034"}],"wp:term":[{"taxonomy":"product_brand","embeddable":true,"href":"https:\/\/tremunpiercing.com\/hr\/wp-json\/wp\/v2\/product_brand?post=23034"},{"taxonomy":"product_cat","embeddable":true,"href":"https:\/\/tremunpiercing.com\/hr\/wp-json\/wp\/v2\/product_cat?post=23034"},{"taxonomy":"product_tag","embeddable":true,"href":"https:\/\/tremunpiercing.com\/hr\/wp-json\/wp\/v2\/product_tag?post=23034"}],"curies":[{"name":"radni list","href":"https:\/\/api.w.org\/{rel}","templated":true}]}}