{"id":23046,"date":"2025-10-10T23:18:29","date_gmt":"2025-10-10T22:18:29","guid":{"rendered":"https:\/\/tremunpiercing.com\/?post_type=product&#038;p=23046"},"modified":"2026-03-31T14:24:08","modified_gmt":"2026-03-31T13:24:08","slug":"natalie-vitrial-cz","status":"publish","type":"product","link":"https:\/\/tremunpiercing.com\/hr\/product\/natalie-vitrial-cz\/","title":{"rendered":"Natalie \u2013 Vitrial CZ"},"content":{"rendered":"<p>Unesite malo fantasti\u010dne boje u svoju kolekciju piercinga s Natalie Vitrial CZ. Ovaj zaista prekrasan komad ima vi\u0161ebojni kubni cirkonij, prekrasan kamen s nevjerojatnim bljeskovima ru\u017ei\u010daste, ljubi\u010daste i zelene boje koji svjetlucaju i sjaje u bilo kojem svjetlu! Natalie je izra\u0111ena od medicinskog titana F-136 koji je lagan, otporan na koroziju i iznimno udoban za dugotrajnu upotrebu. Dizajn s unutarnjim navojem osigurava udobno i glatko pristajanje za va\u0161e slobodoumne piercinge ili zacijelile piercinge.<\/p>\n<p>Natalie \u0107e izgledati prekrasno u va\u0161em re\u017enju, heliksu ili \u0161koljki. Nosite je u dobrom zdravlju i dodajte svoj vlastiti smjeli da\u0161ak individualnosti. Omiljen od strane umjetnika piercinga i ljubitelja nakita, ovaj komad nakita osigurava profesionalne sigurnosne standarde i vizualni luksuz - jer zaslu\u017eujete luksuzni sjaj koji traje.<\/p>","protected":false},"excerpt":{"rendered":"<ul>\n<li>Unutarnji navoj<\/li>\n<li>Materijal: Titanij F-136 za implantate<\/li>\n<li>Dragulj: Kubni cirkonij<\/li>\n<li>Mjera\u010d: 16G<\/li>\n<\/ul>","protected":false},"featured_media":23047,"comment_status":"closed","ping_status":"closed","template":"","meta":{"_acf_changed":false},"product_brand":[],"product_cat":[340,343],"product_tag":[187,188,189,205,206,212,190,183,213,184,207],"class_list":{"0":"post-23046","1":"product","2":"type-product","3":"status-publish","4":"has-post-thumbnail","6":"product_cat-titanium-jewelry","7":"product_cat-tops-titanium-jewelry","8":"product_tag-conch","9":"product_tag-ear","10":"product_tag-helix","11":"product_tag-lobe","12":"product_tag-lobulo","13":"product_tag-medusa","14":"product_tag-oreja","15":"product_tag-perforacion","16":"product_tag-philtrum","17":"product_tag-piercing","18":"product_tag-tragus","20":"first","21":"instock","22":"taxable","23":"shipping-taxable","24":"purchasable","25":"product-type-simple"},"acf":[],"gallery_images":[27109,27110],"_links":{"self":[{"href":"https:\/\/tremunpiercing.com\/hr\/wp-json\/wp\/v2\/product\/23046","targetHints":{"allow":["GET"]}}],"collection":[{"href":"https:\/\/tremunpiercing.com\/hr\/wp-json\/wp\/v2\/product"}],"about":[{"href":"https:\/\/tremunpiercing.com\/hr\/wp-json\/wp\/v2\/types\/product"}],"replies":[{"embeddable":true,"href":"https:\/\/tremunpiercing.com\/hr\/wp-json\/wp\/v2\/comments?post=23046"}],"version-history":[{"count":1,"href":"https:\/\/tremunpiercing.com\/hr\/wp-json\/wp\/v2\/product\/23046\/revisions"}],"predecessor-version":[{"id":27111,"href":"https:\/\/tremunpiercing.com\/hr\/wp-json\/wp\/v2\/product\/23046\/revisions\/27111"}],"wp:featuredmedia":[{"embeddable":true,"href":"https:\/\/tremunpiercing.com\/hr\/wp-json\/wp\/v2\/media\/23047"}],"wp:attachment":[{"href":"https:\/\/tremunpiercing.com\/hr\/wp-json\/wp\/v2\/media?parent=23046"}],"wp:term":[{"taxonomy":"product_brand","embeddable":true,"href":"https:\/\/tremunpiercing.com\/hr\/wp-json\/wp\/v2\/product_brand?post=23046"},{"taxonomy":"product_cat","embeddable":true,"href":"https:\/\/tremunpiercing.com\/hr\/wp-json\/wp\/v2\/product_cat?post=23046"},{"taxonomy":"product_tag","embeddable":true,"href":"https:\/\/tremunpiercing.com\/hr\/wp-json\/wp\/v2\/product_tag?post=23046"}],"curies":[{"name":"radni list","href":"https:\/\/api.w.org\/{rel}","templated":true}]}}