{"id":23135,"date":"2025-10-14T19:10:09","date_gmt":"2025-10-14T18:10:09","guid":{"rendered":"https:\/\/tremunpiercing.com\/?post_type=product&#038;p=23135"},"modified":"2026-03-24T17:57:51","modified_gmt":"2026-03-24T16:57:51","slug":"bowie-and-dick-test-package","status":"publish","type":"product","link":"https:\/\/tremunpiercing.com\/hr\/product\/bowie-and-dick-test-package\/","title":{"rendered":"Paket Bowiejevih i Dickovih testova"},"content":{"rendered":"<p data-start=\"0\" data-end=\"257\">Bowie &amp; Dick testni paketi omogu\u0107uju provjeru pravilnog uklanjanja zraka iz sterilizacijske komore i potpunog prodiranja pare u porozne materijale.<\/p>\n<p data-start=\"0\" data-end=\"257\"><br data-start=\"163\" data-end=\"166\" \/>Bowie &amp; Dick test simulira performanse ure\u0111aja i posebno procjenjuje:<\/p>\n<ul data-start=\"259\" data-end=\"450\" data-is-last-node=\"\" data-is-only-node=\"\">\n<li data-start=\"259\" data-end=\"361\">\n<p data-start=\"261\" data-end=\"361\">U\u010dinkovitost ciklusa prije vakuuma, a time i prodiranje pare unutar \u0161upljina;<\/p>\n<\/li>\n<li data-start=\"362\" data-end=\"450\" data-is-last-node=\"\">\n<p data-start=\"364\" data-end=\"450\" data-is-last-node=\"\">Vrijednosti temperature i tlaka zasi\u0107ene pare tijekom faze sterilizacije.<\/p>\n<\/li>\n<\/ul>\n<p><strong data-start=\"0\" data-end=\"22\" data-is-only-node=\"\">Tehni\u010dke zna\u010dajke<\/strong><\/p>\n<p><br data-start=\"22\" data-end=\"25\" \/>Vanjsko pakiranje: kartonska kutija s indikatorom procesa za parne cikluse.<\/p>\n<p><br data-start=\"98\" data-end=\"101\" \/>Unutra\u0161njost pakiranja sastoji se od dva filterska sloja izra\u0111ena od celuloze, s testnom karticom koja sadr\u017ei Bowie &amp; Dick indikator smje\u0161ten u sredini.<\/p>\n<p><br data-start=\"246\" data-end=\"249\" \/>Indikator ne ispu\u0161ta tintu jer je prekriven plasti\u010dnom folijom.<\/p>\n<p><br data-start=\"321\" data-end=\"324\" \/>Pakiranje EC.STEAM 98 S pakiranja osigurava dosljednu kompaktnost unutarnjeg snopa, omogu\u0107uju\u0107i pravilno prodiranje pare kroz pore samog papira, a ne kroz potencijalne praznine koje bi se mogle stvoriti izme\u0111u pojedina\u010dnih listova.<\/p>\n<p><br data-start=\"572\" data-end=\"575\" \/>Svi materijali kori\u0161teni u pakiranju prikladni su za medicinsku upotrebu.<\/p>\n<p><br data-start=\"635\" data-end=\"638\" \/>Pakiranje je izvana opremljeno indikatorom procesa koji nakon obrade postaje sivo\/crno, \u0161to omogu\u0107uje jednostavno prepoznavanje obra\u0111enih i neobra\u0111enih pakiranja.<\/p>","protected":false},"excerpt":{"rendered":"<ul>\n<li data-start=\"72\" data-end=\"102\">\n<p data-start=\"74\" data-end=\"102\"><strong data-start=\"74\" data-end=\"100\">Ispitivanje prodiranja pare<\/strong><\/p>\n<\/li>\n<li data-start=\"103\" data-end=\"134\">\n<p data-start=\"105\" data-end=\"134\"><strong data-start=\"105\" data-end=\"132\">Verifikacija prije vakuuma<\/strong><\/p>\n<\/li>\n<li data-start=\"135\" data-end=\"165\">\n<p data-start=\"137\" data-end=\"165\"><strong data-start=\"137\" data-end=\"163\">Kartica indikatora procesa<\/strong><\/p>\n<\/li>\n<li data-start=\"166\" data-end=\"197\">\n<p data-start=\"168\" data-end=\"197\"><strong data-start=\"168\" data-end=\"195\">Materijali medicinske kvalitete<\/strong><\/p>\n<\/li>\n<li data-start=\"198\" data-end=\"234\">\n<p data-start=\"200\" data-end=\"234\"><strong data-start=\"200\" data-end=\"232\">Dosljedno kompaktno pakiranje<\/strong><\/p>\n<\/li>\n<li data-start=\"235\" data-end=\"267\" data-is-last-node=\"\">\n<p data-start=\"237\" data-end=\"267\" data-is-last-node=\"\"><strong data-start=\"237\" data-end=\"267\" data-is-last-node=\"\">Jednostavna identifikacija rezultata<\/strong><\/p>\n<\/li>\n<\/ul>","protected":false},"featured_media":23136,"comment_status":"closed","ping_status":"closed","template":"","meta":{"_acf_changed":false},"product_brand":[],"product_cat":[376],"product_tag":[192,193,202,179,180,194,188,189,195,196,226,190,183,184,197,198],"class_list":{"0":"post-23135","1":"product","2":"type-product","3":"status-publish","4":"has-post-thumbnail","6":"product_cat-medical-supplies","7":"product_tag-anillo","8":"product_tag-argolla","9":"product_tag-clicker","10":"product_tag-cristal","11":"product_tag-cz","12":"product_tag-daith","13":"product_tag-ear","14":"product_tag-helix","15":"product_tag-hinged-ring","16":"product_tag-nariz","17":"product_tag-opal","18":"product_tag-oreja","19":"product_tag-perforacion","20":"product_tag-piercing","21":"product_tag-ring","22":"product_tag-septum","24":"first","25":"instock","26":"taxable","27":"shipping-taxable","28":"purchasable","29":"product-type-simple"},"acf":[],"gallery_images":[],"_links":{"self":[{"href":"https:\/\/tremunpiercing.com\/hr\/wp-json\/wp\/v2\/product\/23135","targetHints":{"allow":["GET"]}}],"collection":[{"href":"https:\/\/tremunpiercing.com\/hr\/wp-json\/wp\/v2\/product"}],"about":[{"href":"https:\/\/tremunpiercing.com\/hr\/wp-json\/wp\/v2\/types\/product"}],"replies":[{"embeddable":true,"href":"https:\/\/tremunpiercing.com\/hr\/wp-json\/wp\/v2\/comments?post=23135"}],"version-history":[{"count":0,"href":"https:\/\/tremunpiercing.com\/hr\/wp-json\/wp\/v2\/product\/23135\/revisions"}],"wp:featuredmedia":[{"embeddable":true,"href":"https:\/\/tremunpiercing.com\/hr\/wp-json\/wp\/v2\/media\/23136"}],"wp:attachment":[{"href":"https:\/\/tremunpiercing.com\/hr\/wp-json\/wp\/v2\/media?parent=23135"}],"wp:term":[{"taxonomy":"product_brand","embeddable":true,"href":"https:\/\/tremunpiercing.com\/hr\/wp-json\/wp\/v2\/product_brand?post=23135"},{"taxonomy":"product_cat","embeddable":true,"href":"https:\/\/tremunpiercing.com\/hr\/wp-json\/wp\/v2\/product_cat?post=23135"},{"taxonomy":"product_tag","embeddable":true,"href":"https:\/\/tremunpiercing.com\/hr\/wp-json\/wp\/v2\/product_tag?post=23135"}],"curies":[{"name":"radni list","href":"https:\/\/api.w.org\/{rel}","templated":true}]}}