{"id":23362,"date":"2025-10-21T19:35:56","date_gmt":"2025-10-21T18:35:56","guid":{"rendered":"https:\/\/tremunpiercing.com\/?post_type=product&#038;p=23362"},"modified":"2026-04-16T14:19:01","modified_gmt":"2026-04-16T13:19:01","slug":"ellie-amethyst","status":"publish","type":"product","link":"https:\/\/tremunpiercing.com\/hr\/product\/ellie-amethyst\/","title":{"rendered":"Ellie Amethyst"},"content":{"rendered":"<p>Ellie Amethyst klasi\u010dan je prikaz luksuza \u2013 s tijelom od 14-karatnog \u017eutog zlata koje kao sredi\u0161nji dio obla\u017ee tamnoljubi\u010dasti ametist. Savr\u0161eno prilago\u0111en profesionalcima koji cijene suptilnu eleganciju, ovaj komad s unutarnjim navojem od 14G izdr\u017eljiv je i udoban izbor za svakodnevno no\u0161enje. Luksuzna zlatna povr\u0161ina omogu\u0107uje da prirodno svjetlo ametista prodre kroz njega, a istovremeno unosi boju i stil u svaki piercing.<\/p>\n<p>Ellie Amethyst dobro funkcionira za bilo koji piercing pupka, bradavice ili industrijski piercing, dok se njegovo sigurno uvla\u010denje lako ume\u0107e i pru\u017ea sigurno i prikladno rje\u0161enje. Ellie Amethyst kombinira luksuznu izradu s decentnom sofisticirano\u0161\u0107u - pru\u017eaju\u0107i va\u0161im klijentima jedinstveni komad o kojem mogu razgovarati s prijateljima. Ovaj komad nakita ne bi se svidio samo vrhunskim studijima za piercing, ve\u0107 i vrhunskim trgovcima nakitom koji \u017eele ponuditi ne\u0161to posebno svojim kupcima.<\/p>","protected":false},"excerpt":{"rendered":"<ul>\n<li>Unutarnji navoj<\/li>\n<li>Mjera\u010d: 14G<\/li>\n<li>Materijal: \u017duto zlato 14k<\/li>\n<li>Dragulj: Ametist<\/li>\n<\/ul>","protected":false},"featured_media":23363,"comment_status":"closed","ping_status":"closed","template":"","meta":{"_acf_changed":false},"product_brand":[],"product_cat":[400,337,463],"product_tag":[187,188,189,205,206,190,183,184,207],"class_list":{"0":"post-23362","1":"product","2":"type-product","3":"status-publish","4":"has-post-thumbnail","6":"product_cat-tremun","7":"product_cat-gold-jewelry","8":"product_cat-tops-gold-tremun","9":"product_tag-conch","10":"product_tag-ear","11":"product_tag-helix","12":"product_tag-lobe","13":"product_tag-lobulo","14":"product_tag-oreja","15":"product_tag-perforacion","16":"product_tag-piercing","17":"product_tag-tragus","19":"first","20":"instock","21":"taxable","22":"shipping-taxable","23":"purchasable","24":"product-type-simple"},"acf":[],"gallery_images":[29199,29198],"_links":{"self":[{"href":"https:\/\/tremunpiercing.com\/hr\/wp-json\/wp\/v2\/product\/23362","targetHints":{"allow":["GET"]}}],"collection":[{"href":"https:\/\/tremunpiercing.com\/hr\/wp-json\/wp\/v2\/product"}],"about":[{"href":"https:\/\/tremunpiercing.com\/hr\/wp-json\/wp\/v2\/types\/product"}],"replies":[{"embeddable":true,"href":"https:\/\/tremunpiercing.com\/hr\/wp-json\/wp\/v2\/comments?post=23362"}],"version-history":[{"count":1,"href":"https:\/\/tremunpiercing.com\/hr\/wp-json\/wp\/v2\/product\/23362\/revisions"}],"predecessor-version":[{"id":29200,"href":"https:\/\/tremunpiercing.com\/hr\/wp-json\/wp\/v2\/product\/23362\/revisions\/29200"}],"wp:featuredmedia":[{"embeddable":true,"href":"https:\/\/tremunpiercing.com\/hr\/wp-json\/wp\/v2\/media\/23363"}],"wp:attachment":[{"href":"https:\/\/tremunpiercing.com\/hr\/wp-json\/wp\/v2\/media?parent=23362"}],"wp:term":[{"taxonomy":"product_brand","embeddable":true,"href":"https:\/\/tremunpiercing.com\/hr\/wp-json\/wp\/v2\/product_brand?post=23362"},{"taxonomy":"product_cat","embeddable":true,"href":"https:\/\/tremunpiercing.com\/hr\/wp-json\/wp\/v2\/product_cat?post=23362"},{"taxonomy":"product_tag","embeddable":true,"href":"https:\/\/tremunpiercing.com\/hr\/wp-json\/wp\/v2\/product_tag?post=23362"}],"curies":[{"name":"radni list","href":"https:\/\/api.w.org\/{rel}","templated":true}]}}