{"id":23541,"date":"2025-10-25T15:46:17","date_gmt":"2025-10-25T14:46:17","guid":{"rendered":"https:\/\/tremunpiercing.com\/?post_type=product&#038;p=23541"},"modified":"2026-04-19T10:21:10","modified_gmt":"2026-04-19T09:21:10","slug":"prong-2-0-vibrant-purple-aqua","status":"publish","type":"product","link":"https:\/\/tremunpiercing.com\/hr\/product\/prong-2-0-vibrant-purple-aqua\/","title":{"rendered":"Prong 2.0 \u2013 \u017divahna ljubi\u010dasta \u2013 Aqua"},"content":{"rendered":"<p>\u017divahni ljubi\u010dasti piercing 2.0 \u2013 Aqua je privla\u010dan dvobojni dodatak od 5 mm. Izra\u0111en od titana implantatne kvalitete F-136, ovaj vrh bez navoja kreativno kombinira svjetlucavo ljubi\u010daste i tirkizne Swarovski cirkone u svoju dvobojnu estetiku. Zupci su prikladni za zacijeljene piercinge uha, hrskavice ili nosnice, pru\u017eaju\u0107i elegantan i udoban izgled.<\/p>\n<p>Zupci su oblikovani tako da u\u010dvr\u0161\u0107uju kamen, a istovremeno osiguravaju briljantan sjaj. Ovaj dizajn je stvoren za profesionalne piercere koji tra\u017ee kreativne dizajne koriste\u0107i visokokvalitetne materijale. Ovaj dodatni komad \u0107e istaknuti va\u0161e ideje za dizajn piercinga.<\/p>","protected":false},"excerpt":{"rendered":"<ul>\n<li>Pribor za potisne igle\/bez navoja<\/li>\n<li>Materijal: Titanij F-136 za implantate<\/li>\n<li>Promjer: 5 mm<\/li>\n<li>Mjera\u010d: 25G<\/li>\n<li>Dragulj: SW \u2013 Premium cirkonij<\/li>\n<\/ul>","protected":false},"featured_media":23542,"comment_status":"closed","ping_status":"closed","template":"","meta":{"_acf_changed":false},"product_brand":[],"product_cat":[442,340,343],"product_tag":[192,193,202,179,180,194,188,189,195,196,226,190,183,184,197,198],"class_list":{"0":"post-23541","1":"product","2":"type-product","3":"status-publish","4":"has-post-thumbnail","6":"product_cat-sw","7":"product_cat-titanium-jewelry","8":"product_cat-tops-titanium-jewelry","9":"product_tag-anillo","10":"product_tag-argolla","11":"product_tag-clicker","12":"product_tag-cristal","13":"product_tag-cz","14":"product_tag-daith","15":"product_tag-ear","16":"product_tag-helix","17":"product_tag-hinged-ring","18":"product_tag-nariz","19":"product_tag-opal","20":"product_tag-oreja","21":"product_tag-perforacion","22":"product_tag-piercing","23":"product_tag-ring","24":"product_tag-septum","26":"first","27":"instock","28":"taxable","29":"shipping-taxable","30":"purchasable","31":"product-type-simple"},"acf":[],"gallery_images":[27100,27101],"_links":{"self":[{"href":"https:\/\/tremunpiercing.com\/hr\/wp-json\/wp\/v2\/product\/23541","targetHints":{"allow":["GET"]}}],"collection":[{"href":"https:\/\/tremunpiercing.com\/hr\/wp-json\/wp\/v2\/product"}],"about":[{"href":"https:\/\/tremunpiercing.com\/hr\/wp-json\/wp\/v2\/types\/product"}],"replies":[{"embeddable":true,"href":"https:\/\/tremunpiercing.com\/hr\/wp-json\/wp\/v2\/comments?post=23541"}],"version-history":[{"count":1,"href":"https:\/\/tremunpiercing.com\/hr\/wp-json\/wp\/v2\/product\/23541\/revisions"}],"predecessor-version":[{"id":27102,"href":"https:\/\/tremunpiercing.com\/hr\/wp-json\/wp\/v2\/product\/23541\/revisions\/27102"}],"wp:featuredmedia":[{"embeddable":true,"href":"https:\/\/tremunpiercing.com\/hr\/wp-json\/wp\/v2\/media\/23542"}],"wp:attachment":[{"href":"https:\/\/tremunpiercing.com\/hr\/wp-json\/wp\/v2\/media?parent=23541"}],"wp:term":[{"taxonomy":"product_brand","embeddable":true,"href":"https:\/\/tremunpiercing.com\/hr\/wp-json\/wp\/v2\/product_brand?post=23541"},{"taxonomy":"product_cat","embeddable":true,"href":"https:\/\/tremunpiercing.com\/hr\/wp-json\/wp\/v2\/product_cat?post=23541"},{"taxonomy":"product_tag","embeddable":true,"href":"https:\/\/tremunpiercing.com\/hr\/wp-json\/wp\/v2\/product_tag?post=23541"}],"curies":[{"name":"radni list","href":"https:\/\/api.w.org\/{rel}","templated":true}]}}