{"id":23544,"date":"2025-10-25T15:56:04","date_gmt":"2025-10-25T14:56:04","guid":{"rendered":"https:\/\/tremunpiercing.com\/?post_type=product&#038;p=23544"},"modified":"2026-04-19T10:21:10","modified_gmt":"2026-04-19T09:21:10","slug":"prong-2-0-spring-green-white","status":"publish","type":"product","link":"https:\/\/tremunpiercing.com\/hr\/product\/prong-2-0-spring-green-white\/","title":{"rendered":"Prong 2.0 \u2013 Proljetno zelena \u2013 Bijela"},"content":{"rendered":"<p>Svijetla i osvje\u017eavaju\u0107a, na\u0161a pribada\u010da Prong 2.0\u2014proljetno zelena\u2014bijela izra\u0111ena je od titana implantatne kvalitete F-136 i ima kvalitetne Swarovski cirkone. Proljetno zeleni dragulj uparen s kristalno bijelim naglaskom \u017eivahna je kombinacija koja prikazuje energiju i ravnote\u017eu. S promjerom od 5 mm i debljinom od 25G, proljetno zelena pribada\u010da lijepo se uklapa u piercing nosnice, heliksa ili tragusa! Zna\u010dajka pribada\u010de bez navoja omogu\u0107uje jednostavnu ugradnju na va\u0161 kraj i ne ostavlja vidljive tragove u zacijeljenom piercingu. Idealna za profesionalne piercere koji \u017eele pru\u017eiti \u0161ik, hipoalergeni nakit s da\u0161kom boje i energije bez osje\u0107aja nelagode. Prekrasan komad za umetanje u bilo koju kustoski odabranu kolekciju!<\/p>","protected":false},"excerpt":{"rendered":"<ul>\n<li>Pribor za potisne igle\/bez navoja<\/li>\n<li>Materijal: Titanij F-136 za implantate<\/li>\n<li>Promjer: 5 mm<\/li>\n<li>Mjera\u010d: 25G<\/li>\n<li>Dragulj: SW \u2013 Premium cirkonij<\/li>\n<\/ul>","protected":false},"featured_media":23545,"comment_status":"closed","ping_status":"closed","template":"","meta":{"_acf_changed":false},"product_brand":[],"product_cat":[442,340,343],"product_tag":[192,193,202,179,180,194,188,189,195,196,226,190,183,184,197,198],"class_list":{"0":"post-23544","1":"product","2":"type-product","3":"status-publish","4":"has-post-thumbnail","6":"product_cat-sw","7":"product_cat-titanium-jewelry","8":"product_cat-tops-titanium-jewelry","9":"product_tag-anillo","10":"product_tag-argolla","11":"product_tag-clicker","12":"product_tag-cristal","13":"product_tag-cz","14":"product_tag-daith","15":"product_tag-ear","16":"product_tag-helix","17":"product_tag-hinged-ring","18":"product_tag-nariz","19":"product_tag-opal","20":"product_tag-oreja","21":"product_tag-perforacion","22":"product_tag-piercing","23":"product_tag-ring","24":"product_tag-septum","26":"first","27":"instock","28":"taxable","29":"shipping-taxable","30":"purchasable","31":"product-type-simple"},"acf":[],"gallery_images":[27092,27093],"_links":{"self":[{"href":"https:\/\/tremunpiercing.com\/hr\/wp-json\/wp\/v2\/product\/23544","targetHints":{"allow":["GET"]}}],"collection":[{"href":"https:\/\/tremunpiercing.com\/hr\/wp-json\/wp\/v2\/product"}],"about":[{"href":"https:\/\/tremunpiercing.com\/hr\/wp-json\/wp\/v2\/types\/product"}],"replies":[{"embeddable":true,"href":"https:\/\/tremunpiercing.com\/hr\/wp-json\/wp\/v2\/comments?post=23544"}],"version-history":[{"count":1,"href":"https:\/\/tremunpiercing.com\/hr\/wp-json\/wp\/v2\/product\/23544\/revisions"}],"predecessor-version":[{"id":27094,"href":"https:\/\/tremunpiercing.com\/hr\/wp-json\/wp\/v2\/product\/23544\/revisions\/27094"}],"wp:featuredmedia":[{"embeddable":true,"href":"https:\/\/tremunpiercing.com\/hr\/wp-json\/wp\/v2\/media\/23545"}],"wp:attachment":[{"href":"https:\/\/tremunpiercing.com\/hr\/wp-json\/wp\/v2\/media?parent=23544"}],"wp:term":[{"taxonomy":"product_brand","embeddable":true,"href":"https:\/\/tremunpiercing.com\/hr\/wp-json\/wp\/v2\/product_brand?post=23544"},{"taxonomy":"product_cat","embeddable":true,"href":"https:\/\/tremunpiercing.com\/hr\/wp-json\/wp\/v2\/product_cat?post=23544"},{"taxonomy":"product_tag","embeddable":true,"href":"https:\/\/tremunpiercing.com\/hr\/wp-json\/wp\/v2\/product_tag?post=23544"}],"curies":[{"name":"radni list","href":"https:\/\/api.w.org\/{rel}","templated":true}]}}