{"id":23622,"date":"2025-10-27T22:59:25","date_gmt":"2025-10-27T21:59:25","guid":{"rendered":"https:\/\/tremunpiercing.com\/?post_type=product&#038;p=23622"},"modified":"2026-04-09T10:04:55","modified_gmt":"2026-04-09T09:04:55","slug":"mystic-emerald","status":"publish","type":"product","link":"https:\/\/tremunpiercing.com\/hr\/product\/mystic-emerald\/","title":{"rendered":"Mistik \u2013 Smaragd"},"content":{"rendered":"<p>Pribada\u010da s misti\u010dnim smaragdom utjelovljuje spoj luksuza i decentnog dizajna. S prekrasnim sredi\u0161tem od laboratorijskog smaragda i briljantnim naglaskom od bijelog Swarovski dragog kamenja, ovaj komad je oli\u010denje \u017eivopisnog i elegantnog kontrasta u va\u0161oj kolekciji dodataka. Sustav pribada\u010da od 25G omogu\u0107uje jednostavnu ugradnju - savr\u0161eno za zarasle piercinge uha, spirale ili nosnice.<\/p>\n<p>Lagani dizajn je jednako siguran koliko i lijep te potpuno hipoalergen, \u0161to ga \u010dini prikladnim za dugotrajno no\u0161enje. Pravi komad finog nakita za tijelo. Dizajniran za umjetnika koji tra\u017ei eleganciju i vje\u0161tinu, Mystic Emerald prekrasan je dodatak kolekciji ure\u0111enih u\u0161iju ili finih piercinga.<\/p>","protected":false},"excerpt":{"rendered":"<ul>\n<li>Pribor za pribada\u010de<\/li>\n<li>Mjera\u010d: 25G<\/li>\n<li>Materijal: \u017duto zlato 14k<\/li>\n<li>Dragulj: Labradorski smaragd + SW bijela<\/li>\n<\/ul>","protected":false},"featured_media":23623,"comment_status":"closed","ping_status":"closed","template":"","meta":{"_acf_changed":false},"product_brand":[],"product_cat":[400,337,463],"product_tag":[187,188,189,205,206,190,183,184,207],"class_list":{"0":"post-23622","1":"product","2":"type-product","3":"status-publish","4":"has-post-thumbnail","6":"product_cat-tremun","7":"product_cat-gold-jewelry","8":"product_cat-tops-gold-tremun","9":"product_tag-conch","10":"product_tag-ear","11":"product_tag-helix","12":"product_tag-lobe","13":"product_tag-lobulo","14":"product_tag-oreja","15":"product_tag-perforacion","16":"product_tag-piercing","17":"product_tag-tragus","19":"first","20":"instock","21":"taxable","22":"shipping-taxable","23":"purchasable","24":"product-type-simple"},"acf":[],"gallery_images":[29201,29202],"_links":{"self":[{"href":"https:\/\/tremunpiercing.com\/hr\/wp-json\/wp\/v2\/product\/23622","targetHints":{"allow":["GET"]}}],"collection":[{"href":"https:\/\/tremunpiercing.com\/hr\/wp-json\/wp\/v2\/product"}],"about":[{"href":"https:\/\/tremunpiercing.com\/hr\/wp-json\/wp\/v2\/types\/product"}],"replies":[{"embeddable":true,"href":"https:\/\/tremunpiercing.com\/hr\/wp-json\/wp\/v2\/comments?post=23622"}],"version-history":[{"count":1,"href":"https:\/\/tremunpiercing.com\/hr\/wp-json\/wp\/v2\/product\/23622\/revisions"}],"predecessor-version":[{"id":29203,"href":"https:\/\/tremunpiercing.com\/hr\/wp-json\/wp\/v2\/product\/23622\/revisions\/29203"}],"wp:featuredmedia":[{"embeddable":true,"href":"https:\/\/tremunpiercing.com\/hr\/wp-json\/wp\/v2\/media\/23623"}],"wp:attachment":[{"href":"https:\/\/tremunpiercing.com\/hr\/wp-json\/wp\/v2\/media?parent=23622"}],"wp:term":[{"taxonomy":"product_brand","embeddable":true,"href":"https:\/\/tremunpiercing.com\/hr\/wp-json\/wp\/v2\/product_brand?post=23622"},{"taxonomy":"product_cat","embeddable":true,"href":"https:\/\/tremunpiercing.com\/hr\/wp-json\/wp\/v2\/product_cat?post=23622"},{"taxonomy":"product_tag","embeddable":true,"href":"https:\/\/tremunpiercing.com\/hr\/wp-json\/wp\/v2\/product_tag?post=23622"}],"curies":[{"name":"radni list","href":"https:\/\/api.w.org\/{rel}","templated":true}]}}