{"id":23698,"date":"2025-10-28T19:33:12","date_gmt":"2025-10-28T18:33:12","guid":{"rendered":"https:\/\/tremunpiercing.com\/?post_type=product&#038;p=23698"},"modified":"2026-03-06T02:19:28","modified_gmt":"2026-03-06T01:19:28","slug":"nostril-straight-with-white-cz","status":"publish","type":"product","link":"https:\/\/tremunpiercing.com\/hr\/product\/nostril-straight-with-white-cz\/","title":{"rendered":"Nozdrva ravna s bijelim CZ"},"content":{"rendered":"<p>Izra\u0111en od titana implantatne kvalitete F-136, ravni nastavak za nos s bijelim CZ zlatom je lijep i siguran. Ovaj vijak za nosnicu od 18G je prikladan i udoban za piercing nosnica, \u0161to ga \u010dini prikladnim za svakodnevno no\u0161enje i za klijente koji se oporavljaju od piercinga nosa. Titan ima sjajni sjaj koji je hipoalergen i otporan na tamnjenje.<\/p>\n<p>Bijeli kubni cirkonij okru\u017een sjajnim titanom dodaje da\u0161ak decentne elegancije koja je savr\u0161ena za klijente koji u\u017eivaju u profinjenom, a opet klasi\u010dnom stilu. S punom duljinom od 16 mm, lako se ume\u0107e i lijepo prianja uz ko\u017eu. Visokokvalitetni nau\u0161nik za nos koji predstavlja izvrsnu ravnote\u017eu ljepote i sigurnosti za profesionalnog piercera.<\/p>","protected":false},"excerpt":{"rendered":"<ul>\n<li>Vijak za nosnicu<\/li>\n<li>Materijal: Titanij F-136 za implantate<\/li>\n<li>Kalibar: 18G<\/li>\n<li>Puna duljina: 16 mm<\/li>\n<\/ul>","protected":false},"featured_media":23771,"comment_status":"open","ping_status":"closed","template":"","meta":{"_acf_changed":false},"product_brand":[],"product_cat":[342,340],"product_tag":[216,199,227,183,184,228],"class_list":{"0":"post-23698","1":"product","2":"type-product","3":"status-publish","4":"has-post-thumbnail","6":"product_cat-nose-titanium-jewelry","7":"product_cat-titanium-jewelry","8":"product_tag-disc","9":"product_tag-nostril","10":"product_tag-nostril-screw","11":"product_tag-perforacion","12":"product_tag-piercing","13":"product_tag-screw","15":"first","16":"instock","17":"taxable","18":"shipping-taxable","19":"purchasable","20":"product-type-simple"},"acf":[],"gallery_images":[],"_links":{"self":[{"href":"https:\/\/tremunpiercing.com\/hr\/wp-json\/wp\/v2\/product\/23698","targetHints":{"allow":["GET"]}}],"collection":[{"href":"https:\/\/tremunpiercing.com\/hr\/wp-json\/wp\/v2\/product"}],"about":[{"href":"https:\/\/tremunpiercing.com\/hr\/wp-json\/wp\/v2\/types\/product"}],"replies":[{"embeddable":true,"href":"https:\/\/tremunpiercing.com\/hr\/wp-json\/wp\/v2\/comments?post=23698"}],"version-history":[{"count":0,"href":"https:\/\/tremunpiercing.com\/hr\/wp-json\/wp\/v2\/product\/23698\/revisions"}],"wp:featuredmedia":[{"embeddable":true,"href":"https:\/\/tremunpiercing.com\/hr\/wp-json\/wp\/v2\/media\/23771"}],"wp:attachment":[{"href":"https:\/\/tremunpiercing.com\/hr\/wp-json\/wp\/v2\/media?parent=23698"}],"wp:term":[{"taxonomy":"product_brand","embeddable":true,"href":"https:\/\/tremunpiercing.com\/hr\/wp-json\/wp\/v2\/product_brand?post=23698"},{"taxonomy":"product_cat","embeddable":true,"href":"https:\/\/tremunpiercing.com\/hr\/wp-json\/wp\/v2\/product_cat?post=23698"},{"taxonomy":"product_tag","embeddable":true,"href":"https:\/\/tremunpiercing.com\/hr\/wp-json\/wp\/v2\/product_tag?post=23698"}],"curies":[{"name":"radni list","href":"https:\/\/api.w.org\/{rel}","templated":true}]}}