{"id":5380,"date":"2023-06-22T02:29:31","date_gmt":"2023-06-22T01:29:31","guid":{"rendered":"https:\/\/tremunpiercing.com\/?post_type=product&#038;p=5380"},"modified":"2026-04-21T12:33:25","modified_gmt":"2026-04-21T11:33:25","slug":"ball-push-pin","status":"publish","type":"product","link":"https:\/\/tremunpiercing.com\/hr\/product\/ball-push-pin\/","title":{"rendered":"Kuglica za potiskivanje"},"content":{"rendered":"<p>Kugli\u010dni pin je blago zaobljeni dodatak izra\u0111en od titana implantatne kvalitete (F-136) s unutarnjim navojem. S debljinom od 25G i veli\u010dinama u rasponu od 2 mm do 5 mm, kugli\u010dni pin zaista otvara va\u0161e mogu\u0107nosti s labretima s pinovima. Mekani sferni stil daje klasi\u010dan, ali ugla\u0111en izgled piercingu na usnama, labretu ili licu.<\/p>\n<p>Titan F-136 zna\u010di da je svaka komponenta ultra sigurna - hipoalergena, otporna na koroziju i mo\u017ee se \u010dak nositi dugotrajno. Unutarnji navoj zna\u010di glatko umetanje uz minimalno ometanje tkiva - idealno je za klijente i profesionalne piercere. Kugli\u010dna pin za piercing izvrsna je opcija za svaki studio za piercing ili trgovca koji \u017eeli diverzificirati svoje opcije pin za piercing.<\/p>","protected":false},"excerpt":{"rendered":"<ul>\n<li>Pribor za pribada\u010de<\/li>\n<li>Kompatibilno samo s labretima s pribada\u010dom<\/li>\n<li>Materijal: Titanij F-136 za implantate<\/li>\n<li>Mjera\u010d: 25G<\/li>\n<li>Promjer: 2 mm \u2013 2,5 mm \u2013 3 mm \u2013 4 mm \u2013 5 mm<\/li>\n<\/ul>","protected":false},"featured_media":16417,"comment_status":"closed","ping_status":"closed","template":"","meta":{"_acf_changed":false},"product_brand":[],"product_cat":[340,343],"product_tag":[218,295,296,187,188,189,205,206,212,190,183,213,184,297,294,207],"class_list":{"0":"post-5380","1":"product","2":"type-product","3":"status-publish","4":"has-post-thumbnail","6":"product_cat-titanium-jewelry","7":"product_cat-tops-titanium-jewelry","8":"product_tag-ball","9":"product_tag-bola","10":"product_tag-bolita","11":"product_tag-conch","12":"product_tag-ear","13":"product_tag-helix","14":"product_tag-lobe","15":"product_tag-lobulo","16":"product_tag-medusa","17":"product_tag-oreja","18":"product_tag-perforacion","19":"product_tag-philtrum","20":"product_tag-piercing","21":"product_tag-repuesto","22":"product_tag-spare","23":"product_tag-tragus","25":"first","26":"instock","27":"taxable","28":"shipping-taxable","29":"purchasable","30":"product-type-variable"},"acf":[],"gallery_images":[28584,28586,28585],"_links":{"self":[{"href":"https:\/\/tremunpiercing.com\/hr\/wp-json\/wp\/v2\/product\/5380","targetHints":{"allow":["GET"]}}],"collection":[{"href":"https:\/\/tremunpiercing.com\/hr\/wp-json\/wp\/v2\/product"}],"about":[{"href":"https:\/\/tremunpiercing.com\/hr\/wp-json\/wp\/v2\/types\/product"}],"replies":[{"embeddable":true,"href":"https:\/\/tremunpiercing.com\/hr\/wp-json\/wp\/v2\/comments?post=5380"}],"version-history":[{"count":1,"href":"https:\/\/tremunpiercing.com\/hr\/wp-json\/wp\/v2\/product\/5380\/revisions"}],"predecessor-version":[{"id":28587,"href":"https:\/\/tremunpiercing.com\/hr\/wp-json\/wp\/v2\/product\/5380\/revisions\/28587"}],"wp:featuredmedia":[{"embeddable":true,"href":"https:\/\/tremunpiercing.com\/hr\/wp-json\/wp\/v2\/media\/16417"}],"wp:attachment":[{"href":"https:\/\/tremunpiercing.com\/hr\/wp-json\/wp\/v2\/media?parent=5380"}],"wp:term":[{"taxonomy":"product_brand","embeddable":true,"href":"https:\/\/tremunpiercing.com\/hr\/wp-json\/wp\/v2\/product_brand?post=5380"},{"taxonomy":"product_cat","embeddable":true,"href":"https:\/\/tremunpiercing.com\/hr\/wp-json\/wp\/v2\/product_cat?post=5380"},{"taxonomy":"product_tag","embeddable":true,"href":"https:\/\/tremunpiercing.com\/hr\/wp-json\/wp\/v2\/product_tag?post=5380"}],"curies":[{"name":"radni list","href":"https:\/\/api.w.org\/{rel}","templated":true}]}}