{"id":5605,"date":"2023-08-09T17:08:36","date_gmt":"2023-08-09T16:08:36","guid":{"rendered":"https:\/\/tremunpiercing.com\/?post_type=product&#038;p=5605"},"modified":"2026-04-15T13:44:28","modified_gmt":"2026-04-15T12:44:28","slug":"tremun-diamond-push-pin-nostril","status":"publish","type":"product","link":"https:\/\/tremunpiercing.com\/hr\/product\/tremun-diamond-push-pin-nostril\/","title":{"rendered":"Tremun Diamond (pribada\u010da za nos)"},"content":{"rendered":"<p>Tremun dijamantna igla za piercing je vrhunska opcija za piercing nosa, s blistavim VS1 dijamantom na \u010dvrstom 14-karatnom \u017eutom ili bijelom zlatu ili platini. Izvrsna je zbog svog skromnog promjera od 2 mm, pru\u017ea meko svjetlo i luksuzni sjaj, a istovremeno se mo\u017ee pohvaliti profesionalnim standardima kvalitete i sigurnosti. Napravljena je za labrete s iglama za piercing, tako da prianja uz nos i omogu\u0107uje jednostavno i mirno umetanje bez \u017ertvovanja udobnosti klijenta. Dragulj je hipoalergen, materijali su izra\u0111eni ili polirani tako da budu dovoljno glatki kako bi se izbjegla bilo kakva nelagoda, te je stoga potpuno prikladan za osjetljivu ko\u017eu zbog visokokvalitetnih materijala za nakit za tijelo.<\/p>\n<p>Ovo je savr\u0161eno za piercing studije, salone za tetoviranje i vrhunske profesionalne trgovine. Kao minimalisti\u010dka, ali vrhunska opcija za nosnicu, Tremun Diamond push pin prikladan je za klijentelu koja \u017eeli jednostavnost, ali sigurnost implantata koju pru\u017ea visokokvalitetni nakit za tijelo tako\u0111er bi zadovoljila mnoge klijente. Za profesionalne piercere, izvrstan dizajn pina koji prianja uz stabljiku izuzetno je ponovljiv \u010dak i za po\u010detnike, a iznimna izdr\u017eljivost omogu\u0107uje godine stabilne upotrebe.<\/p>\n<p>Tremun dijamantne bro\u0161evi za piercing dodatno podi\u017eu razinu portfelja proizvo\u0111a\u010da piercinga na europskom, ameri\u010dkom i britanskom tr\u017ei\u0161tu, gdje postoji potra\u017enja za vrhunskim detaljima i finim nakitom za tijelo. Njihov dijamantni sjaj i precizan dizajn bro\u0161eva sada su savr\u0161eni za dnevne ili ve\u010dernje specijalitete uz no\u0161enje finog nakita za tijelo.<\/p>","protected":false},"excerpt":{"rendered":"<ul>\n<li>Pribor za pribada\u010du<\/li>\n<li>Kompatibilno s labretima s pribada\u010dama<\/li>\n<li>Materijal: \u017duto zlato 14k ili bijelo zlato 14k, platinasta igla<\/li>\n<li>Dragulj: Dijamant VS1<\/li>\n<li>Promjer: 2 mm<\/li>\n<\/ul>","protected":false},"featured_media":12539,"comment_status":"closed","ping_status":"closed","template":"","meta":{"_acf_changed":false},"product_brand":[],"product_cat":[337,463,400],"product_tag":[187,188,189,205,206,199,190,183,184,207],"class_list":{"0":"post-5605","1":"product","2":"type-product","3":"status-publish","4":"has-post-thumbnail","6":"product_cat-gold-jewelry","7":"product_cat-tops-gold-tremun","8":"product_cat-tremun","9":"product_tag-conch","10":"product_tag-ear","11":"product_tag-helix","12":"product_tag-lobe","13":"product_tag-lobulo","14":"product_tag-nostril","15":"product_tag-oreja","16":"product_tag-perforacion","17":"product_tag-piercing","18":"product_tag-tragus","20":"first","21":"instock","22":"taxable","23":"shipping-taxable","24":"purchasable","25":"product-type-variable"},"acf":[],"gallery_images":[29725,29724,12529,29723,29722],"_links":{"self":[{"href":"https:\/\/tremunpiercing.com\/hr\/wp-json\/wp\/v2\/product\/5605","targetHints":{"allow":["GET"]}}],"collection":[{"href":"https:\/\/tremunpiercing.com\/hr\/wp-json\/wp\/v2\/product"}],"about":[{"href":"https:\/\/tremunpiercing.com\/hr\/wp-json\/wp\/v2\/types\/product"}],"replies":[{"embeddable":true,"href":"https:\/\/tremunpiercing.com\/hr\/wp-json\/wp\/v2\/comments?post=5605"}],"version-history":[{"count":1,"href":"https:\/\/tremunpiercing.com\/hr\/wp-json\/wp\/v2\/product\/5605\/revisions"}],"predecessor-version":[{"id":29726,"href":"https:\/\/tremunpiercing.com\/hr\/wp-json\/wp\/v2\/product\/5605\/revisions\/29726"}],"wp:featuredmedia":[{"embeddable":true,"href":"https:\/\/tremunpiercing.com\/hr\/wp-json\/wp\/v2\/media\/12539"}],"wp:attachment":[{"href":"https:\/\/tremunpiercing.com\/hr\/wp-json\/wp\/v2\/media?parent=5605"}],"wp:term":[{"taxonomy":"product_brand","embeddable":true,"href":"https:\/\/tremunpiercing.com\/hr\/wp-json\/wp\/v2\/product_brand?post=5605"},{"taxonomy":"product_cat","embeddable":true,"href":"https:\/\/tremunpiercing.com\/hr\/wp-json\/wp\/v2\/product_cat?post=5605"},{"taxonomy":"product_tag","embeddable":true,"href":"https:\/\/tremunpiercing.com\/hr\/wp-json\/wp\/v2\/product_tag?post=5605"}],"curies":[{"name":"radni list","href":"https:\/\/api.w.org\/{rel}","templated":true}]}}