{"id":7592,"date":"2022-11-21T19:43:46","date_gmt":"2022-11-21T18:43:46","guid":{"rendered":"https:\/\/tremunpiercing.com\/?post_type=product&#038;p=7592"},"modified":"2025-09-30T13:02:39","modified_gmt":"2025-09-30T12:02:39","slug":"cavicide-surface-disinfectant-700ml","status":"publish","type":"product","link":"https:\/\/tremunpiercing.com\/hr\/product\/cavicide-surface-disinfectant-700ml\/","title":{"rendered":"Cavicide sredstvo za dezinfekciju povr\u0161ina (700 ml)"},"content":{"rendered":"<p>Vi\u0161enamjensko dezinfekcijsko sredstvo za povr\u0161ine, spremno za upotrebu, namijenjeno za upotrebu na tvrdim, neporoznim povr\u0161inama neinvazivnih medicinskih ure\u0111aja unutar stomatolo\u0161kih ordinacija, uklju\u010duju\u0107i podru\u010dja za njegu pacijenata i laboratorije.<\/p>\n<p><strong>Karakteristika:<\/strong><\/p>\n<ul>\n<li>Klini\u010dka u\u010dinkovitost: baktericid, virucid, fungicid, tuberkulocid i kvascid.<\/li>\n<li>Uni\u0161tava ve\u0107inu patogena za 3 minute ili manje.<\/li>\n<li>Brzina: smanjuje rizik unakrsne kontaminacije.<\/li>\n<li>Proizvodi spremni za upotrebu jer ne zahtijevaju razrje\u0111ivanje ili mije\u0161anje.<\/li>\n<li>Nizak sadr\u017eaj alkohola (manje od 20%) nudi izvrsnu kompatibilnost s materijalima.<\/li>\n<li>U\u010dinkovito protiv koronavirusa i mo\u017ee se koristiti na povr\u0161inama neinvazivnih medicinskih ure\u0111aja.<\/li>\n<li>Neutralni miris.<\/li>\n<\/ul>\n<p><strong>Sadr\u017eaj: Posuda od 700 ml.<\/strong><\/p>","protected":false},"excerpt":{"rendered":"<p>Vi\u0161enamjensko dezinfekcijsko sredstvo za povr\u0161ine, spremno za upotrebu, namijenjeno za upotrebu na tvrdim, neporoznim povr\u0161inama neinvazivnih medicinskih ure\u0111aja unutar stomatolo\u0161kih ordinacija, uklju\u010duju\u0107i podru\u010dja za njegu pacijenata i laboratorije.<\/p>\n<p><strong>Karakteristika:<\/strong><\/p>\n<ul>\n<li>Klini\u010dka u\u010dinkovitost: baktericid, virucid, fungicid, tuberkulocid i kvascid.<\/li>\n<li>Uni\u0161tava ve\u0107inu patogena za 3 minute ili manje.<\/li>\n<li>Brzina: smanjuje rizik unakrsne kontaminacije.<\/li>\n<li>Proizvodi spremni za upotrebu jer ne zahtijevaju razrje\u0111ivanje ili mije\u0161anje.<\/li>\n<li>Nizak sadr\u017eaj alkohola (manje od 20%) nudi izvrsnu kompatibilnost s materijalima.<\/li>\n<li>U\u010dinkovito protiv koronavirusa i mo\u017ee se koristiti na povr\u0161inama neinvazivnih medicinskih ure\u0111aja.<\/li>\n<li>Neutralni miris.<\/li>\n<\/ul>","protected":false},"featured_media":7593,"comment_status":"closed","ping_status":"closed","template":"","meta":{"_acf_changed":false},"product_brand":[],"product_cat":[376,328],"product_tag":[279],"class_list":{"0":"post-7592","1":"product","2":"type-product","3":"status-publish","4":"has-post-thumbnail","6":"product_cat-medical-supplies","7":"product_cat-supplies","8":"product_tag-supplies","10":"first","11":"outofstock","12":"taxable","13":"shipping-taxable","14":"purchasable","15":"product-type-simple"},"acf":[],"gallery_images":[],"_links":{"self":[{"href":"https:\/\/tremunpiercing.com\/hr\/wp-json\/wp\/v2\/product\/7592","targetHints":{"allow":["GET"]}}],"collection":[{"href":"https:\/\/tremunpiercing.com\/hr\/wp-json\/wp\/v2\/product"}],"about":[{"href":"https:\/\/tremunpiercing.com\/hr\/wp-json\/wp\/v2\/types\/product"}],"replies":[{"embeddable":true,"href":"https:\/\/tremunpiercing.com\/hr\/wp-json\/wp\/v2\/comments?post=7592"}],"version-history":[{"count":0,"href":"https:\/\/tremunpiercing.com\/hr\/wp-json\/wp\/v2\/product\/7592\/revisions"}],"wp:featuredmedia":[{"embeddable":true,"href":"https:\/\/tremunpiercing.com\/hr\/wp-json\/wp\/v2\/media\/7593"}],"wp:attachment":[{"href":"https:\/\/tremunpiercing.com\/hr\/wp-json\/wp\/v2\/media?parent=7592"}],"wp:term":[{"taxonomy":"product_brand","embeddable":true,"href":"https:\/\/tremunpiercing.com\/hr\/wp-json\/wp\/v2\/product_brand?post=7592"},{"taxonomy":"product_cat","embeddable":true,"href":"https:\/\/tremunpiercing.com\/hr\/wp-json\/wp\/v2\/product_cat?post=7592"},{"taxonomy":"product_tag","embeddable":true,"href":"https:\/\/tremunpiercing.com\/hr\/wp-json\/wp\/v2\/product_tag?post=7592"}],"curies":[{"name":"radni list","href":"https:\/\/api.w.org\/{rel}","templated":true}]}}