{"id":7794,"date":"2023-10-12T17:00:59","date_gmt":"2023-10-12T16:00:59","guid":{"rendered":"https:\/\/tremunpiercing.com\/?post_type=product&#038;p=7794"},"modified":"2026-04-01T13:30:26","modified_gmt":"2026-04-01T12:30:26","slug":"tiffany","status":"publish","type":"product","link":"https:\/\/tremunpiercing.com\/hr\/product\/tiffany\/","title":{"rendered":"Tiffany"},"content":{"rendered":"<p>\u201cTiffany\u201d kliker prsten kombinira vrhunske materijale s profinjenim sjajem - kovan od titana F-136 implantatne kvalitete, debljine 16G i uskog unutarnjeg promjera od 8 mm, mo\u017ee se nositi na nekoliko razli\u010ditih mjesta za piercing: helix, conch, rook, \u010dak i septum ili usko prianjaju\u0107i hrskavi\u010dni obru\u010di. Kubi\u010dni cirkonij s okvirom pru\u017ea upravo pravu koli\u010dinu sjaja, a istovremeno izgleda \u010disto i ugla\u0111eno. Zglobni kliker stil prstena omogu\u0107uje jednostavnu ugradnju i uklanjanje, \u0161to je va\u017ean faktor za piercing studije koji \u017eele maksimizirati brzinu bilo kakve promjene nakita, kako za svoje stiliste u studiju, tako i za njihove klijente.<\/p>\n<p>Titan ASTM F-136, koji ne sadr\u017ei nikal i hipoalergen je, pru\u017ea povjerenje pri piercingu osjetljivih u\u0161iju ili hrskavice. Kao veletrgovac ili proizvo\u0111a\u010d, posjedovanje klikera ove kvalitete pomo\u0107i \u0107e vam da budete konkurentniji na tr\u017ei\u0161tima Europe, Ujedinjenog Kraljevstva ili SAD-a, gdje potro\u0161a\u010di tra\u017ee kvalitetne materijale i elegantne dizajne. No\u0161enje klikera \u201cTiffany\u201d pru\u017ea mogu\u0107nosti studijima koji tra\u017ee vrhunski titanijski prsten s poliranom zavr\u0161nom obradom i malo blje\u0161tavila.<\/p>","protected":false},"excerpt":{"rendered":"<ul>\n<li>Kliker prsten<\/li>\n<li>Materijal: Titanij F-136 za implantate<\/li>\n<li>Promjer: 8 mm<\/li>\n<li>Mjera\u010d: 16G<\/li>\n<li>Dragulj: Kubni cirkonij<\/li>\n<\/ul>","protected":false},"featured_media":12777,"comment_status":"closed","ping_status":"closed","template":"","meta":{"_acf_changed":false},"product_brand":[],"product_cat":[341,340],"product_tag":[192,193,202,179,180,194,188,189,195,196,226,190,183,184,197,198],"class_list":{"0":"post-7794","1":"product","2":"type-product","3":"status-publish","4":"has-post-thumbnail","6":"product_cat-rings-titanium-jewelry","7":"product_cat-titanium-jewelry","8":"product_tag-anillo","9":"product_tag-argolla","10":"product_tag-clicker","11":"product_tag-cristal","12":"product_tag-cz","13":"product_tag-daith","14":"product_tag-ear","15":"product_tag-helix","16":"product_tag-hinged-ring","17":"product_tag-nariz","18":"product_tag-opal","19":"product_tag-oreja","20":"product_tag-perforacion","21":"product_tag-piercing","22":"product_tag-ring","23":"product_tag-septum","25":"first","26":"instock","27":"taxable","28":"shipping-taxable","29":"purchasable","30":"product-type-simple"},"acf":[],"gallery_images":[28526,28527],"_links":{"self":[{"href":"https:\/\/tremunpiercing.com\/hr\/wp-json\/wp\/v2\/product\/7794","targetHints":{"allow":["GET"]}}],"collection":[{"href":"https:\/\/tremunpiercing.com\/hr\/wp-json\/wp\/v2\/product"}],"about":[{"href":"https:\/\/tremunpiercing.com\/hr\/wp-json\/wp\/v2\/types\/product"}],"replies":[{"embeddable":true,"href":"https:\/\/tremunpiercing.com\/hr\/wp-json\/wp\/v2\/comments?post=7794"}],"version-history":[{"count":1,"href":"https:\/\/tremunpiercing.com\/hr\/wp-json\/wp\/v2\/product\/7794\/revisions"}],"predecessor-version":[{"id":28528,"href":"https:\/\/tremunpiercing.com\/hr\/wp-json\/wp\/v2\/product\/7794\/revisions\/28528"}],"wp:featuredmedia":[{"embeddable":true,"href":"https:\/\/tremunpiercing.com\/hr\/wp-json\/wp\/v2\/media\/12777"}],"wp:attachment":[{"href":"https:\/\/tremunpiercing.com\/hr\/wp-json\/wp\/v2\/media?parent=7794"}],"wp:term":[{"taxonomy":"product_brand","embeddable":true,"href":"https:\/\/tremunpiercing.com\/hr\/wp-json\/wp\/v2\/product_brand?post=7794"},{"taxonomy":"product_cat","embeddable":true,"href":"https:\/\/tremunpiercing.com\/hr\/wp-json\/wp\/v2\/product_cat?post=7794"},{"taxonomy":"product_tag","embeddable":true,"href":"https:\/\/tremunpiercing.com\/hr\/wp-json\/wp\/v2\/product_tag?post=7794"}],"curies":[{"name":"radni list","href":"https:\/\/api.w.org\/{rel}","templated":true}]}}