{"id":7865,"date":"2023-10-17T15:15:44","date_gmt":"2023-10-17T14:15:44","guid":{"rendered":"https:\/\/tremunpiercing.com\/?post_type=product&#038;p=7865"},"modified":"2026-04-06T14:06:20","modified_gmt":"2026-04-06T13:06:20","slug":"septum-pliers","status":"publish","type":"product","link":"https:\/\/tremunpiercing.com\/hr\/product\/septum-pliers\/","title":{"rendered":"Klije\u0161ta za septum"},"content":{"rendered":"<p>Suyai klije\u0161ta za septum neophodan su alat za svakog profesionalnog piercera. Izra\u0111ena od izdr\u017eljivog nehr\u0111aju\u0107eg \u010delika kirur\u0161ke kvalitete, ova klije\u0161ta su posebno dizajnirana za preciznost i stabilnost prilikom izvo\u0111enja piercinga septuma. Ergonomski rukohvat omogu\u0107uje maksimalnu kontrolu, osiguravaju\u0107i udobnost tijekom dugih sesija piercinga. Uski vrhovi sigurno dr\u017ee podru\u010dje septuma, omogu\u0107uju\u0107i jednostavno umetanje nakita poput klikera, segmentnih prstenova ili kru\u017enih \u0161ipki. <\/p>\n<p>Idealna za profesionalne studije za piercing, ova klije\u0161ta jam\u010de to\u010dnost i sigurnost i za piercera i za klijenta. Bez obzira jeste li specijalizirani za piercing tijela ili vodite salon za tetoviranje i piercing, Suyaijeva klije\u0161ta za septum pru\u017eaju neusporedivu pouzdanost i performanse - neophodno za sve postupke piercinga septuma.<\/p>","protected":false},"excerpt":{"rendered":"<ul>\n<li>Klije\u0161ta za septum<\/li>\n<li>Marka: Suyai<\/li>\n<\/ul>","protected":false},"featured_media":7866,"comment_status":"closed","ping_status":"closed","template":"","meta":{"_acf_changed":false},"product_brand":[],"product_cat":[328,374],"product_tag":[237,233,184,198,362,235,236],"class_list":{"0":"post-7865","1":"product","2":"type-product","3":"status-publish","4":"has-post-thumbnail","6":"product_cat-supplies","7":"product_cat-tools","8":"product_tag-clamp","9":"product_tag-forceps","10":"product_tag-piercing","11":"product_tag-septum","12":"product_tag-septum-pliers","13":"product_tag-tools","14":"product_tag-tweezer","16":"first","17":"instock","18":"taxable","19":"shipping-taxable","20":"purchasable","21":"product-type-simple"},"acf":[],"gallery_images":[],"_links":{"self":[{"href":"https:\/\/tremunpiercing.com\/hr\/wp-json\/wp\/v2\/product\/7865","targetHints":{"allow":["GET"]}}],"collection":[{"href":"https:\/\/tremunpiercing.com\/hr\/wp-json\/wp\/v2\/product"}],"about":[{"href":"https:\/\/tremunpiercing.com\/hr\/wp-json\/wp\/v2\/types\/product"}],"replies":[{"embeddable":true,"href":"https:\/\/tremunpiercing.com\/hr\/wp-json\/wp\/v2\/comments?post=7865"}],"version-history":[{"count":0,"href":"https:\/\/tremunpiercing.com\/hr\/wp-json\/wp\/v2\/product\/7865\/revisions"}],"wp:featuredmedia":[{"embeddable":true,"href":"https:\/\/tremunpiercing.com\/hr\/wp-json\/wp\/v2\/media\/7866"}],"wp:attachment":[{"href":"https:\/\/tremunpiercing.com\/hr\/wp-json\/wp\/v2\/media?parent=7865"}],"wp:term":[{"taxonomy":"product_brand","embeddable":true,"href":"https:\/\/tremunpiercing.com\/hr\/wp-json\/wp\/v2\/product_brand?post=7865"},{"taxonomy":"product_cat","embeddable":true,"href":"https:\/\/tremunpiercing.com\/hr\/wp-json\/wp\/v2\/product_cat?post=7865"},{"taxonomy":"product_tag","embeddable":true,"href":"https:\/\/tremunpiercing.com\/hr\/wp-json\/wp\/v2\/product_tag?post=7865"}],"curies":[{"name":"radni list","href":"https:\/\/api.w.org\/{rel}","templated":true}]}}