{"id":7867,"date":"2023-10-17T15:18:17","date_gmt":"2023-10-17T14:18:17","guid":{"rendered":"https:\/\/tremunpiercing.com\/?post_type=product&#038;p=7867"},"modified":"2026-03-24T15:03:59","modified_gmt":"2026-03-24T14:03:59","slug":"thin-dermal-pliers","status":"publish","type":"product","link":"https:\/\/tremunpiercing.com\/hr\/product\/thin-dermal-pliers\/","title":{"rendered":"Tanke dermalne klije\u0161ta"},"content":{"rendered":"<p>Suyai tanka dermalna klije\u0161ta namijenjena su profesionalnim piercerima kojima je potrebna kontrola, preciznost i pouzdanost. Ova izdr\u017eljiva, sterilizirana klije\u0161ta od nehr\u0111aju\u0107eg \u010delika imaju tanki, uski vrh, \u0161to je savr\u0161eno za izvo\u0111enje delikatnih postupaka ili rukovanje dermalnim sidri\u0161tima, vrhovima i nakitom. Ergonomska dr\u0161ka \u010dini hvatanje ugodnijim tijekom duljih postupaka, smanjuju\u0107i umor uz odr\u017eavanje izvrsne kontrole. Svojim dizajnom, Suyai tanka dermalna klije\u0161ta tako\u0111er su savr\u0161ena za uzimanje nakita i umetanje nakita u dermalne i povr\u0161inske piercinge.<\/p>\n<p>Pouzdan izvor za profesionalce u piercingu, ovi alati mnogi smatraju nezamjenjivim za vrhunsku kvalitetu izrade s mogu\u0107nostima studijske razine. Dodajte tanke dermalne pincete Suyai u svoj repertoar alata za preciznost i besprijekorno izvo\u0111enje na koje se mo\u017eete osloniti iznova i iznova.<\/p>","protected":false},"excerpt":{"rendered":"<ul>\n<li>Tanke dermalne klije\u0161ta<\/li>\n<li>Marka: Suyai<\/li>\n<\/ul>","protected":false},"featured_media":7868,"comment_status":"closed","ping_status":"closed","template":"","meta":{"_acf_changed":false},"product_brand":[],"product_cat":[328,374],"product_tag":[237,220,357,233,222,184,235,236],"class_list":{"0":"post-7867","1":"product","2":"type-product","3":"status-publish","4":"has-post-thumbnail","6":"product_cat-supplies","7":"product_cat-tools","8":"product_tag-clamp","9":"product_tag-dermal","10":"product_tag-dermal-anchor","11":"product_tag-forceps","12":"product_tag-microdermal","13":"product_tag-piercing","14":"product_tag-tools","15":"product_tag-tweezer","17":"first","18":"instock","19":"taxable","20":"shipping-taxable","21":"purchasable","22":"product-type-simple"},"acf":[],"gallery_images":[],"_links":{"self":[{"href":"https:\/\/tremunpiercing.com\/hr\/wp-json\/wp\/v2\/product\/7867","targetHints":{"allow":["GET"]}}],"collection":[{"href":"https:\/\/tremunpiercing.com\/hr\/wp-json\/wp\/v2\/product"}],"about":[{"href":"https:\/\/tremunpiercing.com\/hr\/wp-json\/wp\/v2\/types\/product"}],"replies":[{"embeddable":true,"href":"https:\/\/tremunpiercing.com\/hr\/wp-json\/wp\/v2\/comments?post=7867"}],"version-history":[{"count":0,"href":"https:\/\/tremunpiercing.com\/hr\/wp-json\/wp\/v2\/product\/7867\/revisions"}],"wp:featuredmedia":[{"embeddable":true,"href":"https:\/\/tremunpiercing.com\/hr\/wp-json\/wp\/v2\/media\/7868"}],"wp:attachment":[{"href":"https:\/\/tremunpiercing.com\/hr\/wp-json\/wp\/v2\/media?parent=7867"}],"wp:term":[{"taxonomy":"product_brand","embeddable":true,"href":"https:\/\/tremunpiercing.com\/hr\/wp-json\/wp\/v2\/product_brand?post=7867"},{"taxonomy":"product_cat","embeddable":true,"href":"https:\/\/tremunpiercing.com\/hr\/wp-json\/wp\/v2\/product_cat?post=7867"},{"taxonomy":"product_tag","embeddable":true,"href":"https:\/\/tremunpiercing.com\/hr\/wp-json\/wp\/v2\/product_tag?post=7867"}],"curies":[{"name":"radni list","href":"https:\/\/api.w.org\/{rel}","templated":true}]}}