{"id":7877,"date":"2023-10-18T14:21:10","date_gmt":"2023-10-18T13:21:10","guid":{"rendered":"https:\/\/tremunpiercing.com\/?post_type=product&#038;p=7877"},"modified":"2026-03-10T08:04:58","modified_gmt":"2026-03-10T07:04:58","slug":"sterile-latex-gloves","status":"publish","type":"product","link":"https:\/\/tremunpiercing.com\/hr\/product\/sterile-latex-gloves\/","title":{"rendered":"Sterilne lateks rukavice"},"content":{"rendered":"<p>Sterilne lateks rukavice Naturflex izra\u0111ene su za sigurnost i preciznost prilikom piercinga i tetoviranja. Izra\u0111ene od kvalitetnog prirodnog lateksa, ove rukavice bez pudera prilago\u0111avaju se va\u0161oj ruci za izvrsno pristajanje, spretnost i taktilnu osjetljivost tijekom delikatnih postupaka. Sterilne rukavice dostupne su u malim, srednjim i velikim veli\u010dinama te su izra\u0111ene za maksimalnu udobnost i prianjanje, \u010dak i nakon duljeg no\u0161enja. Svaki par rukavica pojedina\u010dno je steriliziran kako bi se sprije\u010dila kontaminacija za \u010disto i sigurno okru\u017eenje za svakog klijenta. <\/p>\n<p>Idealne za one koji rade piercing tijela, tetoviranje i medicinske stru\u010dnjake, ove rukavice usmjerene su na sigurnost i performanse. Naturflex rukavice izra\u0111ene su od izdr\u017eljivog materijala s udobnim prianjanjem te su neophodan pribor za svaki profesionalni studio.<\/p>\n<p>Zna\u010dajke:<\/p>\n<p>\u2013 Za\u0161tita od kemikalija.<br \/>\n\u2013 Bez kemijskih dodataka poput tiurama ili tiazola.<br \/>\n\u2013 Njeguje ko\u017eu i smanjuje rizik od iritacija i alergija.<br \/>\n\u2013 Izvrsna elasti\u010dnost i savr\u0161eno se prilago\u0111avaju obliku ruke za dobar hvat.<br \/>\n\u2013 Minimizira elasti\u010dni zamor tijekom postupaka jer je palac lagano pomaknut prema naprijed kako bi zadr\u017eao svoj anatomski oblik.<br \/>\n\u2013 Duga man\u017eeta sa zaobljenim rubom.<br \/>\n\u2013 Hrapava vanjska povr\u0161ina i glatki unutarnji dio.<br \/>\n\u2013 U skladu s propisima: EN 374-1,4; EN 16523-1.<br \/>\n\u2013 Sadr\u017eaj: 50 pari rukavica.<\/p>","protected":false},"excerpt":{"rendered":"<ul>\n<li>Sterilne lateks rukavice<\/li>\n<li>Marka: Naturflex<\/li>\n<li>Veli\u010dina: Mala \u2013 Srednja \u2013 Velika<\/li>\n<\/ul>","protected":false},"featured_media":7881,"comment_status":"closed","ping_status":"closed","template":"","meta":{"_acf_changed":false},"product_brand":[],"product_cat":[376,328],"product_tag":[183,184,305,309,307,308],"class_list":{"0":"post-7877","1":"product","2":"type-product","3":"status-publish","4":"has-post-thumbnail","6":"product_cat-medical-supplies","7":"product_cat-supplies","8":"product_tag-perforacion","9":"product_tag-piercing","10":"product_tag-piercing-needle","11":"product_tag-receibing","12":"product_tag-receiving-tubes","13":"product_tag-tube","14":"product_shipping_class-gloves","16":"first","17":"instock","18":"taxable","19":"shipping-taxable","20":"purchasable","21":"product-type-variable"},"acf":[],"gallery_images":[],"_links":{"self":[{"href":"https:\/\/tremunpiercing.com\/hr\/wp-json\/wp\/v2\/product\/7877","targetHints":{"allow":["GET"]}}],"collection":[{"href":"https:\/\/tremunpiercing.com\/hr\/wp-json\/wp\/v2\/product"}],"about":[{"href":"https:\/\/tremunpiercing.com\/hr\/wp-json\/wp\/v2\/types\/product"}],"replies":[{"embeddable":true,"href":"https:\/\/tremunpiercing.com\/hr\/wp-json\/wp\/v2\/comments?post=7877"}],"version-history":[{"count":0,"href":"https:\/\/tremunpiercing.com\/hr\/wp-json\/wp\/v2\/product\/7877\/revisions"}],"wp:featuredmedia":[{"embeddable":true,"href":"https:\/\/tremunpiercing.com\/hr\/wp-json\/wp\/v2\/media\/7881"}],"wp:attachment":[{"href":"https:\/\/tremunpiercing.com\/hr\/wp-json\/wp\/v2\/media?parent=7877"}],"wp:term":[{"taxonomy":"product_brand","embeddable":true,"href":"https:\/\/tremunpiercing.com\/hr\/wp-json\/wp\/v2\/product_brand?post=7877"},{"taxonomy":"product_cat","embeddable":true,"href":"https:\/\/tremunpiercing.com\/hr\/wp-json\/wp\/v2\/product_cat?post=7877"},{"taxonomy":"product_tag","embeddable":true,"href":"https:\/\/tremunpiercing.com\/hr\/wp-json\/wp\/v2\/product_tag?post=7877"}],"curies":[{"name":"radni list","href":"https:\/\/api.w.org\/{rel}","templated":true}]}}