{"id":8005,"date":"2023-10-24T19:45:49","date_gmt":"2023-10-24T18:45:49","guid":{"rendered":"https:\/\/tremunpiercing.com\/?post_type=product&#038;p=8005"},"modified":"2026-04-06T06:49:51","modified_gmt":"2026-04-06T05:49:51","slug":"julia","status":"publish","type":"product","link":"https:\/\/tremunpiercing.com\/hr\/product\/julia\/","title":{"rendered":"Julija"},"content":{"rendered":"<p>Julia predstavlja elegantnu, prekrasno konstruiranu opciju za ljubitelje piercinga. Ovaj kubni cirkonski nau\u0161nik s unutarnjim navojem dimenzija 11x5 mm izra\u0111en je od titana F-136 implantatne kvalitete, \u0161to osigurava profesionalnu udobnost uz sigurnu i \u010dvrstu ugradnju. Izdu\u017eeni brus dragog kamenja pru\u017ea sofisticirani sjaj i kompatibilan je s piercingima u obliku spirale, \u0161koljke ili ravnim oblikom.<\/p>\n<p>Julia tako\u0111er jam\u010di da je nau\u0161nica nano premazana za sigurnost i dugotrajno no\u0161enje bez iritacija, kao i da ne sadr\u017ei nikal i hipoalergena je. Studiji za piercing i butici nakita mogu vjerovati Juliji da \u0107e ponuditi modernu i luksuznu opciju nakita za tijelo od titana.<\/p>","protected":false},"excerpt":{"rendered":"<ul>\n<li>Unutarnji navoj<\/li>\n<li>Materijal: Titanij F-136 za implantate<\/li>\n<li>Mjera\u010d: 16G<\/li>\n<li>Dragulj: Kubni cirkonij<\/li>\n<li>Veli\u010dina: 11 mm x 5 mm<\/li>\n<\/ul>","protected":false},"featured_media":16445,"comment_status":"closed","ping_status":"closed","template":"","meta":{"_acf_changed":false},"product_brand":[],"product_cat":[340,343],"product_tag":[187,188,209,189,205,206,190,183,184,207],"class_list":{"0":"post-8005","1":"product","2":"type-product","3":"status-publish","4":"has-post-thumbnail","6":"product_cat-titanium-jewelry","7":"product_cat-tops-titanium-jewelry","8":"product_tag-conch","9":"product_tag-ear","10":"product_tag-faux-rook","11":"product_tag-helix","12":"product_tag-lobe","13":"product_tag-lobulo","14":"product_tag-oreja","15":"product_tag-perforacion","16":"product_tag-piercing","17":"product_tag-tragus","19":"first","20":"instock","21":"taxable","22":"shipping-taxable","23":"purchasable","24":"product-type-simple"},"acf":[],"gallery_images":[28486,28487],"_links":{"self":[{"href":"https:\/\/tremunpiercing.com\/hr\/wp-json\/wp\/v2\/product\/8005","targetHints":{"allow":["GET"]}}],"collection":[{"href":"https:\/\/tremunpiercing.com\/hr\/wp-json\/wp\/v2\/product"}],"about":[{"href":"https:\/\/tremunpiercing.com\/hr\/wp-json\/wp\/v2\/types\/product"}],"replies":[{"embeddable":true,"href":"https:\/\/tremunpiercing.com\/hr\/wp-json\/wp\/v2\/comments?post=8005"}],"version-history":[{"count":1,"href":"https:\/\/tremunpiercing.com\/hr\/wp-json\/wp\/v2\/product\/8005\/revisions"}],"predecessor-version":[{"id":28488,"href":"https:\/\/tremunpiercing.com\/hr\/wp-json\/wp\/v2\/product\/8005\/revisions\/28488"}],"wp:featuredmedia":[{"embeddable":true,"href":"https:\/\/tremunpiercing.com\/hr\/wp-json\/wp\/v2\/media\/16445"}],"wp:attachment":[{"href":"https:\/\/tremunpiercing.com\/hr\/wp-json\/wp\/v2\/media?parent=8005"}],"wp:term":[{"taxonomy":"product_brand","embeddable":true,"href":"https:\/\/tremunpiercing.com\/hr\/wp-json\/wp\/v2\/product_brand?post=8005"},{"taxonomy":"product_cat","embeddable":true,"href":"https:\/\/tremunpiercing.com\/hr\/wp-json\/wp\/v2\/product_cat?post=8005"},{"taxonomy":"product_tag","embeddable":true,"href":"https:\/\/tremunpiercing.com\/hr\/wp-json\/wp\/v2\/product_tag?post=8005"}],"curies":[{"name":"radni list","href":"https:\/\/api.w.org\/{rel}","templated":true}]}}