{"id":8243,"date":"2023-11-16T16:19:02","date_gmt":"2023-11-16T15:19:02","guid":{"rendered":"https:\/\/tremunpiercing.com\/?post_type=product&#038;p=8243"},"modified":"2026-04-15T11:32:16","modified_gmt":"2026-04-15T10:32:16","slug":"svasti","status":"publish","type":"product","link":"https:\/\/tremunpiercing.com\/hr\/product\/svasti\/","title":{"rendered":"Svast\u00ec"},"content":{"rendered":"<p>Zlatna nau\u0161nica Svast\u00ec od 14-karatnog \u017eutog zlata redefinira luksuzni nakit za piercing. Sustav s unutarnjim navojem omogu\u0107uje sigurno postavljanje i udobno no\u0161enje, izra\u0111en imaju\u0107i na umu profesionalne piercere tijela, razumijevaju\u0107i potrebe za estetikom s precizno\u0161\u0107u. Dostupan u 16G-14G s vrhom od 6 mm-8 mm, Svast\u00ec nau\u0161nica je upe\u010datljiva opcija za piercing u obliku \u0161koljke, re\u017enja i ravnog dijela, kao i kao dodatak u nosu ili usni.<\/p>\n<p>Bogata \u017euta boja, uparena s savr\u0161eno poliranom povr\u0161inom, stvara elegantan komad koji nadilazi vrijeme i nevjerojatno se dobro sla\u017ee sa svakom kolekcijom nakita. Izra\u0111ena s najvi\u0161im standardima sigurnosti i stila, kolekcija Svast\u00ec namijenjena je studijima koji zadovoljavaju potrebe klijenata koji tra\u017ee profinjen i trajan nakit za tijelo.<\/p>","protected":false},"excerpt":{"rendered":"<ul>\n<li>Unutarnji navoj<\/li>\n<li>Materijal: \u017duto zlato 14k<\/li>\n<li>Mjera\u010d: 16G \u2013 14G<\/li>\n<li>Veli\u010dina: 6 mm \u2013 8 mm<\/li>\n<\/ul>","protected":false},"featured_media":12521,"comment_status":"closed","ping_status":"closed","template":"","meta":{"_acf_changed":false},"product_brand":[],"product_cat":[337,463,400],"product_tag":[187,188,189,205,206,212,190,183,213,184,207],"class_list":{"0":"post-8243","1":"product","2":"type-product","3":"status-publish","4":"has-post-thumbnail","6":"product_cat-gold-jewelry","7":"product_cat-tops-gold-tremun","8":"product_cat-tremun","9":"product_tag-conch","10":"product_tag-ear","11":"product_tag-helix","12":"product_tag-lobe","13":"product_tag-lobulo","14":"product_tag-medusa","15":"product_tag-oreja","16":"product_tag-perforacion","17":"product_tag-philtrum","18":"product_tag-piercing","19":"product_tag-tragus","21":"first","22":"instock","23":"taxable","24":"shipping-taxable","25":"purchasable","26":"product-type-variable"},"acf":[],"gallery_images":[29716,29715],"_links":{"self":[{"href":"https:\/\/tremunpiercing.com\/hr\/wp-json\/wp\/v2\/product\/8243","targetHints":{"allow":["GET"]}}],"collection":[{"href":"https:\/\/tremunpiercing.com\/hr\/wp-json\/wp\/v2\/product"}],"about":[{"href":"https:\/\/tremunpiercing.com\/hr\/wp-json\/wp\/v2\/types\/product"}],"replies":[{"embeddable":true,"href":"https:\/\/tremunpiercing.com\/hr\/wp-json\/wp\/v2\/comments?post=8243"}],"version-history":[{"count":1,"href":"https:\/\/tremunpiercing.com\/hr\/wp-json\/wp\/v2\/product\/8243\/revisions"}],"predecessor-version":[{"id":29718,"href":"https:\/\/tremunpiercing.com\/hr\/wp-json\/wp\/v2\/product\/8243\/revisions\/29718"}],"wp:featuredmedia":[{"embeddable":true,"href":"https:\/\/tremunpiercing.com\/hr\/wp-json\/wp\/v2\/media\/12521"}],"wp:attachment":[{"href":"https:\/\/tremunpiercing.com\/hr\/wp-json\/wp\/v2\/media?parent=8243"}],"wp:term":[{"taxonomy":"product_brand","embeddable":true,"href":"https:\/\/tremunpiercing.com\/hr\/wp-json\/wp\/v2\/product_brand?post=8243"},{"taxonomy":"product_cat","embeddable":true,"href":"https:\/\/tremunpiercing.com\/hr\/wp-json\/wp\/v2\/product_cat?post=8243"},{"taxonomy":"product_tag","embeddable":true,"href":"https:\/\/tremunpiercing.com\/hr\/wp-json\/wp\/v2\/product_tag?post=8243"}],"curies":[{"name":"radni list","href":"https:\/\/api.w.org\/{rel}","templated":true}]}}