{"id":8291,"date":"2023-11-17T13:31:08","date_gmt":"2023-11-17T12:31:08","guid":{"rendered":"https:\/\/tremunpiercing.com\/?post_type=product&#038;p=8291"},"modified":"2026-04-16T14:19:05","modified_gmt":"2026-04-16T13:19:05","slug":"marquise-5","status":"publish","type":"product","link":"https:\/\/tremunpiercing.com\/hr\/product\/marquise-5\/","title":{"rendered":"Markiza 5"},"content":{"rendered":"<p>Istaknite se s Marquise 5, na\u0161im najve\u0107im i najimpresivnijim satom bez navoja u stilu marquise. Izra\u0111en od 14-karatnog \u017eutog zlata, Marquise 5 je veli\u010danstveni SW CZ s marquise brusom okru\u017een s pet blistavih okruglih kristala u nezaboravnom hibridnom obliku cvjetne zvijezde. Marquise 5 je velik (oko 6 \u00d7 12 mm) i dizajniran za maksimalnu prisutnost.<\/p>\n<p>Marquise 5 najbolje funkcionira na mjestima koja omogu\u0107uju njegovu veliku prisutnost, a idealni polo\u017eaji su \u0161koljka, daith ili resica za projekt uha, ili prekrasan komad pupka, ili \u010dak kao odva\u017ean zavr\u0161etak za povr\u0161insku \u0161ipku. Ako klijent tra\u017ei pravi dragulj na svom tijelu, Marquise 5 je neophodan.<\/p>","protected":false},"excerpt":{"rendered":"<ul>\n<li>Unutarnji navoj<\/li>\n<li>Materijal: \u017duto zlato 14k<\/li>\n<li>Dragulj: SW CZ<\/li>\n<li>Mjera\u010d: 16G \u2013 14G<\/li>\n<li>Veli\u010dina: 9 mm x 5 mm \u2013 12 mm x 6 mm<\/li>\n<\/ul>","protected":false},"featured_media":18607,"comment_status":"closed","ping_status":"closed","template":"","meta":{"_acf_changed":false},"product_brand":[],"product_cat":[337,400,463],"product_tag":[187,188,189,205,206,212,190,183,213,184,207],"class_list":{"0":"post-8291","1":"product","2":"type-product","3":"status-publish","4":"has-post-thumbnail","6":"product_cat-gold-jewelry","7":"product_cat-tremun","8":"product_cat-tops-gold-tremun","9":"product_tag-conch","10":"product_tag-ear","11":"product_tag-helix","12":"product_tag-lobe","13":"product_tag-lobulo","14":"product_tag-medusa","15":"product_tag-oreja","16":"product_tag-perforacion","17":"product_tag-philtrum","18":"product_tag-piercing","19":"product_tag-tragus","21":"first","22":"instock","23":"taxable","24":"shipping-taxable","25":"purchasable","26":"product-type-variable"},"acf":[],"gallery_images":[29694,29693],"_links":{"self":[{"href":"https:\/\/tremunpiercing.com\/hr\/wp-json\/wp\/v2\/product\/8291","targetHints":{"allow":["GET"]}}],"collection":[{"href":"https:\/\/tremunpiercing.com\/hr\/wp-json\/wp\/v2\/product"}],"about":[{"href":"https:\/\/tremunpiercing.com\/hr\/wp-json\/wp\/v2\/types\/product"}],"replies":[{"embeddable":true,"href":"https:\/\/tremunpiercing.com\/hr\/wp-json\/wp\/v2\/comments?post=8291"}],"version-history":[{"count":1,"href":"https:\/\/tremunpiercing.com\/hr\/wp-json\/wp\/v2\/product\/8291\/revisions"}],"predecessor-version":[{"id":29696,"href":"https:\/\/tremunpiercing.com\/hr\/wp-json\/wp\/v2\/product\/8291\/revisions\/29696"}],"wp:featuredmedia":[{"embeddable":true,"href":"https:\/\/tremunpiercing.com\/hr\/wp-json\/wp\/v2\/media\/18607"}],"wp:attachment":[{"href":"https:\/\/tremunpiercing.com\/hr\/wp-json\/wp\/v2\/media?parent=8291"}],"wp:term":[{"taxonomy":"product_brand","embeddable":true,"href":"https:\/\/tremunpiercing.com\/hr\/wp-json\/wp\/v2\/product_brand?post=8291"},{"taxonomy":"product_cat","embeddable":true,"href":"https:\/\/tremunpiercing.com\/hr\/wp-json\/wp\/v2\/product_cat?post=8291"},{"taxonomy":"product_tag","embeddable":true,"href":"https:\/\/tremunpiercing.com\/hr\/wp-json\/wp\/v2\/product_tag?post=8291"}],"curies":[{"name":"radni list","href":"https:\/\/api.w.org\/{rel}","templated":true}]}}