{"id":8359,"date":"2023-11-30T20:13:22","date_gmt":"2023-11-30T19:13:22","guid":{"rendered":"https:\/\/tremunpiercing.com\/?post_type=product&#038;p=8359"},"modified":"2026-04-17T15:14:21","modified_gmt":"2026-04-17T14:14:21","slug":"customizable-display-clap-base-without-top","status":"publish","type":"product","link":"https:\/\/tremunpiercing.com\/hr\/product\/customizable-display-clap-base-without-top\/","title":{"rendered":"Pljesak! Prilagodljiva baza za prikaz bez gornjeg dijela"},"content":{"rendered":"<p>Kao bazu za vrhunski prikaz nakita, predstavljamo Clap! Display Base, koja je zapravo samo \u010dvrsta, jednostavna baza. Izra\u0111ena u potpunosti od visokokvalitetnih, \u010dvrstih materijala, Clap! Prilagodljiva baza temelj je modularnog sustava sigurnim u\u010dvr\u0161\u0107ivanjem dva Clap! vrha (prodaju se zasebno) u polo\u017eaj na ili izvan baze.<\/p>\n<p>Baza je stabilna na va\u0161em pultu i ima ote\u017eani, tanak dizajn koji sprje\u010dava prevrtanje. Kupcima daje profesionalan, luksuzan dojam. Mo\u017eete koristiti jednu bazu za izlaganje samo jednog topa istovremeno ili koristiti vi\u0161e baza me\u0111usobno povezanih kako biste predstavili cijeli zid s ponudom. Izlozi proizvoda imaju velike prednosti za piercing studije i trgovce jer nude prilago\u0111eno iskustvo kupovine, omogu\u0107uju klijentima pregledavanje i poti\u010du svijest o novim proizvodima ili posebnim ponudama od 14-karatnog zlata i titana.<\/p>","protected":false},"excerpt":{"rendered":"<ul>\n<li>Pljesak! Baza<\/li>\n<li>Prilagodljiv prikaz nakita za piercing tijela<\/li>\n<li>Poklopac se prodaje zasebno<\/li>\n<li>Na vrh se mogu postaviti do dva poklopca<\/li>\n<\/ul>","protected":false},"featured_media":8983,"comment_status":"closed","ping_status":"closed","template":"","meta":{"_acf_changed":false},"product_brand":[],"product_cat":[328,415,450],"product_tag":[],"class_list":{"0":"post-8359","1":"product","2":"type-product","3":"status-publish","4":"has-post-thumbnail","6":"product_cat-supplies","7":"product_cat-clap","8":"product_cat-clap-classic","10":"first","11":"instock","12":"taxable","13":"shipping-taxable","14":"purchasable","15":"product-type-simple"},"acf":[],"gallery_images":[8989,8988,8984,8985,8986,8987,9103,9104,9105],"_links":{"self":[{"href":"https:\/\/tremunpiercing.com\/hr\/wp-json\/wp\/v2\/product\/8359","targetHints":{"allow":["GET"]}}],"collection":[{"href":"https:\/\/tremunpiercing.com\/hr\/wp-json\/wp\/v2\/product"}],"about":[{"href":"https:\/\/tremunpiercing.com\/hr\/wp-json\/wp\/v2\/types\/product"}],"replies":[{"embeddable":true,"href":"https:\/\/tremunpiercing.com\/hr\/wp-json\/wp\/v2\/comments?post=8359"}],"version-history":[{"count":1,"href":"https:\/\/tremunpiercing.com\/hr\/wp-json\/wp\/v2\/product\/8359\/revisions"}],"predecessor-version":[{"id":28482,"href":"https:\/\/tremunpiercing.com\/hr\/wp-json\/wp\/v2\/product\/8359\/revisions\/28482"}],"wp:featuredmedia":[{"embeddable":true,"href":"https:\/\/tremunpiercing.com\/hr\/wp-json\/wp\/v2\/media\/8983"}],"wp:attachment":[{"href":"https:\/\/tremunpiercing.com\/hr\/wp-json\/wp\/v2\/media?parent=8359"}],"wp:term":[{"taxonomy":"product_brand","embeddable":true,"href":"https:\/\/tremunpiercing.com\/hr\/wp-json\/wp\/v2\/product_brand?post=8359"},{"taxonomy":"product_cat","embeddable":true,"href":"https:\/\/tremunpiercing.com\/hr\/wp-json\/wp\/v2\/product_cat?post=8359"},{"taxonomy":"product_tag","embeddable":true,"href":"https:\/\/tremunpiercing.com\/hr\/wp-json\/wp\/v2\/product_tag?post=8359"}],"curies":[{"name":"radni list","href":"https:\/\/api.w.org\/{rel}","templated":true}]}}