{"id":8367,"date":"2023-11-30T20:43:24","date_gmt":"2023-11-30T19:43:24","guid":{"rendered":"https:\/\/tremunpiercing.com\/?post_type=product&#038;p=8367"},"modified":"2026-04-17T15:14:29","modified_gmt":"2026-04-17T14:14:29","slug":"clap-customizable-display-for-accessories-top-only","status":"publish","type":"product","link":"https:\/\/tremunpiercing.com\/hr\/product\/clap-customizable-display-for-accessories-top-only\/","title":{"rendered":"Pljesak! Prilagodljiv prikaz za dodatke \u2013 samo gornji dio"},"content":{"rendered":"<p>Clap! Prilago\u0111eni zaslonski pokrov izra\u0111en je tako da se lijepo uklapa s va\u0161om Clap! bazom, tako da mo\u017eete prilagoditi svoj zaslon za svoj piercing studio. Dostupan u crnoj i bijeloj boji, ovaj izmjenjivi zaslonski pokrov u\u010dinit \u0107e da va\u0161a postavka izgleda elegantno i profesionalno. Savr\u0161en je za izlaganje klikera, nau\u0161nica, \u0161ipki ili drugog nakita, a istovremeno odr\u017eava va\u0161 prikaz organiziranim i vizualno privla\u010dnim.<\/p>\n<p>Izra\u0111en od izdr\u017eljivih materijala, dizajniran je za svakodnevno no\u0161enje u bilo kojem studiju, a istovremeno ostaje elegantan i moderan. Uparite ga sa standardnom silikonskom podlogom za u\u0161i kao potpuno izmjenjiv, prilagodljiv dr\u017ea\u010d kako biste impresionirali svoje kupce organizacijom nakita.<\/p>","protected":false},"excerpt":{"rendered":"<ul>\n<li>Pljesak! Vrh za dodatke<\/li>\n<li>Prilagodljiv prikaz nakita za piercing tijela<\/li>\n<li>Baza se prodaje zasebno<\/li>\n<li>Dostupno u crnoj i bijeloj boji<\/li>\n<\/ul>","protected":false},"featured_media":8370,"comment_status":"closed","ping_status":"closed","template":"","meta":{"_acf_changed":false},"product_brand":[],"product_cat":[328,415,450,457,449],"product_tag":[],"class_list":{"0":"post-8367","1":"product","2":"type-product","3":"status-publish","4":"has-post-thumbnail","6":"product_cat-supplies","7":"product_cat-clap","8":"product_cat-clap-classic","9":"product_cat-clap-luxury","10":"product_cat-clap-elite","12":"first","13":"instock","14":"taxable","15":"shipping-taxable","16":"purchasable","17":"product-type-variable"},"acf":[],"gallery_images":[8371,8372,8373],"_links":{"self":[{"href":"https:\/\/tremunpiercing.com\/hr\/wp-json\/wp\/v2\/product\/8367","targetHints":{"allow":["GET"]}}],"collection":[{"href":"https:\/\/tremunpiercing.com\/hr\/wp-json\/wp\/v2\/product"}],"about":[{"href":"https:\/\/tremunpiercing.com\/hr\/wp-json\/wp\/v2\/types\/product"}],"replies":[{"embeddable":true,"href":"https:\/\/tremunpiercing.com\/hr\/wp-json\/wp\/v2\/comments?post=8367"}],"version-history":[{"count":1,"href":"https:\/\/tremunpiercing.com\/hr\/wp-json\/wp\/v2\/product\/8367\/revisions"}],"predecessor-version":[{"id":29728,"href":"https:\/\/tremunpiercing.com\/hr\/wp-json\/wp\/v2\/product\/8367\/revisions\/29728"}],"wp:featuredmedia":[{"embeddable":true,"href":"https:\/\/tremunpiercing.com\/hr\/wp-json\/wp\/v2\/media\/8370"}],"wp:attachment":[{"href":"https:\/\/tremunpiercing.com\/hr\/wp-json\/wp\/v2\/media?parent=8367"}],"wp:term":[{"taxonomy":"product_brand","embeddable":true,"href":"https:\/\/tremunpiercing.com\/hr\/wp-json\/wp\/v2\/product_brand?post=8367"},{"taxonomy":"product_cat","embeddable":true,"href":"https:\/\/tremunpiercing.com\/hr\/wp-json\/wp\/v2\/product_cat?post=8367"},{"taxonomy":"product_tag","embeddable":true,"href":"https:\/\/tremunpiercing.com\/hr\/wp-json\/wp\/v2\/product_tag?post=8367"}],"curies":[{"name":"radni list","href":"https:\/\/api.w.org\/{rel}","templated":true}]}}